{"id":4528,"date":"2024-04-12T20:22:26","date_gmt":"2024-04-12T13:22:26","guid":{"rendered":"https:\/\/tpenergy.com.vn\/?page_id=4528"},"modified":"2024-05-16T15:42:08","modified_gmt":"2024-05-16T08:42:08","slug":"chinh-sach-bao-mat-rieng-tu","status":"publish","type":"page","link":"https:\/\/tpenergy.com.vn\/?page_id=4528","title":{"rendered":"Ch\u00ednh s\u00e1ch b\u1ea3o m\u1eadt th\u00f4ng tin c\u00e1 nh\u00e2n &#038; ri\u00eang t\u01b0"},"content":{"rendered":"<p>Ch\u00ednh s\u00e1ch n\u00e0y gi\u00fap kh\u00e1ch h\u00e0ng c\u1ea3m th\u1ea5y y\u00ean t\u00e2m khi mua h\u00e0ng m\u00e0 kh\u00f4ng b\u1ecb r\u00f2 r\u1ec9 th\u00f4ng tin cho b\u00ean th\u1ee9 3 l\u00e0m \u1ea3nh h\u01b0\u1edfng \u0111\u1ebfn cu\u1ed9c s\u1ed1ng c\u0169ng nh\u01b0 ti\u1ec1n b\u1ea1c c\u1ee7a kh\u00e1ch h\u00e0ng. N\u1ed9i dung c\u1ea7n c\u00f3 trong ch\u00ednh s\u00e1ch n\u00e0y nh\u01b0 sau:<\/p>\n<h3>I. D\u1eef li\u1ec7u c\u00e1 nh\u00e2n m\u00e0 Thu\u1eadn Phong Energy c\u00f3 th\u1ec3 thu th\u1eadp bao g\u1ed3m:<\/h3>\n<p>h\u1ecd t\u00ean;<\/p>\n<p>\u0111\u1ecba ch\u1ec9 email;<\/p>\n<p>ng\u00e0y sinh;<\/p>\n<p>\u0111\u1ecba ch\u1ec9 thanh to\u00e1n v\u00e0\/ho\u1eb7c giao nh\u1eadn h\u00e0ng h\u00f3a;<\/p>\n<p>t\u00e0i kho\u1ea3n ng\u00e2n h\u00e0ng v\u00e0 th\u00f4ng tin thanh to\u00e1n;<\/p>\n<p>s\u1ed1 \u0111i\u1ec7n tho\u1ea1i;<\/p>\n<p>gi\u1edbi t\u00ednh;<\/p>\n<p>Th\u00f4ng tin \u0111\u01b0\u1ee3c g\u1eedi b\u1edfi ho\u1eb7c li\u00ean quan \u0111\u1ebfn (c\u00e1c) thi\u1ebft b\u1ecb \u0111\u01b0\u1ee3c s\u1eed d\u1ee5ng \u0111\u1ec3 truy c\u1eadp v\u00e0o C\u00e1c D\u1ecbch v\u1ee5 ho\u1eb7c N\u1ec1n t\u1ea3ng c\u1ee7a ch\u00fang t\u00f4i;<\/p>\n<p>Th\u00f4ng tin v\u1ec1 m\u1ea1ng c\u1ee7a b\u1ea1n v\u00e0 nh\u1eefng ng\u01b0\u1eddi v\u00e0 t\u00e0i kho\u1ea3n m\u00e0 b\u1ea1n c\u00f3 t\u01b0\u01a1ng t\u00e1c; h\u00ecnh \u1ea3nh ho\u1eb7c \u00e2m thanh ho\u1eb7c video; Th\u00f4ng tin v\u1ec1 nh\u00e2n th\u00e2n \u0111\u01b0\u1ee3c c\u1ea5p b\u1edfi ch\u00ednh ph\u1ee7 ho\u1eb7c c\u00e1c th\u00f4ng tin kh\u00e1c ph\u1ee5c v\u1ee5 cho c\u00e1c m\u1ee5c \u0111\u00edch \u0111\u00e1nh gi\u00e1 ph\u00e1p l\u00fd, nh\u1eadn bi\u1ebft kh\u00e1ch h\u00e0ng, x\u00e1c minh th\u00f4ng tin ho\u1eb7c ph\u00f2ng ch\u1ed1ng gian l\u1eadn c\u1ee7a ch\u00fang t\u00f4i<\/p>\n<p>D\u1eef li\u1ec7u truy\u1ec1n th\u00f4ng ho\u1eb7c li\u00ean l\u1ea1c, v\u00ed d\u1ee5 nh\u01b0 c\u00e1c t\u00f9y ch\u1ecdn nh\u1eadn th\u00f4ng tin qu\u1ea3ng c\u00e1o t\u1eeb ch\u00fang t\u00f4i ho\u1eb7c c\u00e1c b\u00ean th\u1ee9 ba c\u1ee7a b\u1ea1n, t\u00f9y ch\u1ecdn ph\u01b0\u01a1ng ti\u1ec7n li\u00ean l\u1ea1c v\u00e0 l\u1ecbch s\u1eed th\u00f4ng tin li\u00ean l\u1ea1c v\u1edbi ch\u00fang t\u00f4i, c\u00e1c nh\u00e0 cung c\u1ea5p d\u1ecbch v\u1ee5 c\u1ee7a ch\u00fang t\u00f4i, v\u00e0 c\u00e1c b\u00ean th\u1ee9 ba kh\u00e1c; Th\u00f4ng tin s\u1eed d\u1ee5ng v\u00e0 giao d\u1ecbch, bao g\u1ed3m chi ti\u1ebft v\u1ec1 l\u1ecbch s\u1eed t\u00ecm ki\u1ebfm, giao d\u1ecbch, qu\u1ea3ng c\u00e1o v\u00e0 n\u1ed9i dung hi\u1ec3n th\u1ecb m\u00e0 t\u01b0\u01a1ng t\u00e1c v\u1edbi N\u1ec1n T\u1ea3ng, c\u0169ng nh\u01b0 c\u00e1c s\u1ea3n ph\u1ea9m v\u00e0 d\u1ecbch v\u1ee5 c\u00f3 li\u00ean quan c\u1ee7a b\u1ea1n; d\u1eef li\u1ec7u v\u1ec1 \u0111\u1ecba \u0111i\u1ec3m b\u1ea5t k\u1ef3 th\u00f4ng tin n\u00e0o kh\u00e1c v\u1ec1 ng\u01b0\u1eddi d\u00f9ng khi ng\u01b0\u1eddi d\u00f9ng \u0111\u0103ng nh\u1eadp \u0111\u1ec3 s\u1eed d\u1ee5ng C\u00e1c D\u1ecbch V\u1ee5 ho\u1eb7c N\u1ec1n t\u1ea3ng c\u1ee7a ch\u00fang t\u00f4i, v\u00e0 khi ng\u01b0\u1eddi d\u00f9ng s\u1eed d\u1ee5ng C\u00e1c D\u1ecbch V\u1ee5 ho\u1eb7c N\u1ec1n t\u1ea3ng, c\u0169ng nh\u01b0 th\u00f4ng tin v\u1ec1 vi\u1ec7c ng\u01b0\u1eddi d\u00f9ng s\u1eed d\u1ee5ng C\u00e1c D\u1ecbch V\u1ee5 ho\u1eb7c N\u1ec1n t\u1ea3ng c\u1ee7a ch\u00fang t\u00f4i nh\u01b0 th\u1ebf n\u00e0o; v\u00e0 d\u1eef li\u1ec7u t\u1ed5ng h\u1ee3p v\u1ec1 n\u1ed9i dung ng\u01b0\u1eddi d\u00f9ng s\u1eed d\u1ee5ng.<\/p>\n<h3>II. M\u1ee5c \u0111\u00edch thu th\u1eadp th\u00f4ng tin:<\/h3>\n<p>\u0110\u00e2y l\u00e0 c\u00e1c th\u00f4ng tin m\u00e0 Thu\u1eadn Phong Energy c\u1ea7n kh\u00e1ch h\u00e0ng cung c\u1ea5p khi \u0111\u1eb7t h\u00e0ng online v\u00e0 \u0111\u1ec3 ti\u1ec7n vi\u1ec7c li\u00ean h\u1ec7 x\u00e1c nh\u1eadn \u0111\u01a1n h\u00e0ng, th\u1eddi gian giao, v\u00e0 \u0111\u1ecba ch\u1ec9 giao. Ngo\u00e0i ra nh\u1eefng th\u00f4ng tin tr\u00ean s\u1ebd \u0111\u01b0\u1ee3c l\u01b0u tr\u1eef v\u00e0 \u00e1p d\u1ee5ng ch\u00ednh s\u00e1ch kh\u00e1ch h\u00e0ng th\u00e2n thi\u1ebft, ho\u1eb7c gi\u1ea3m gi\u00e1 v\u00e0o nh\u1eefng d\u1ecbp \u0111\u1eb7c bi\u1ec7t trong n\u0103m: sinh nh\u1eadt c\u1eeda h\u00e0ng, t\u1ebft Nguy\u00ean \u0111\u00e1n\u2026n\u1ebfu tr\u01b0\u1eddng h\u1ee3p Qu\u00fd kh\u00e1ch h\u00e0ng \u0111\u1eb7t h\u00e0ng \u0111\u1ec1u \u0111\u1eb7n v\u00e0 th\u01b0\u1eddng xuy\u00ean.<\/p>\n<p>Kh\u00e1ch h\u00e0ng s\u1ebd t\u1ef1 ch\u1ecbu tr\u00e1ch nhi\u1ec7m v\u1ec1 b\u1ea3o m\u1eadt v\u00e0 l\u01b0u gi\u1eef m\u1ecdi ho\u1ea1t \u0111\u1ed9ng s\u1eed d\u1ee5ng d\u1ecbch v\u1ee5 d\u01b0\u1edbi t\u00ean \u0111\u0103ng k\u00fd, m\u1eadt kh\u1ea9u v\u00e0 h\u1ed9p th\u01b0 \u0111i\u1ec7n t\u1eed c\u1ee7a m\u00ecnh. Ngo\u00e0i ra, kh\u00e1ch h\u00e0ng c\u00f3 tr\u00e1ch nhi\u1ec7m th\u00f4ng b\u00e1o k\u1ecbp th\u1eddi cho Thu\u1eadn Phong Energy v\u1ec1 nh\u1eefng h\u00e0nh vi s\u1eed d\u1ee5ng tr\u00e1i ph\u00e9p, l\u1ea1m d\u1ee5ng, vi ph\u1ea1m b\u1ea3o m\u1eadt, l\u01b0u gi\u1eef t\u00ean \u0111\u0103ng k\u00fd v\u00e0 m\u1eadt kh\u1ea9u c\u1ee7a b\u00ean th\u1ee9 ba \u0111\u1ec3 c\u00f3 bi\u1ec7n ph\u00e1p gi\u1ea3i quy\u1ebft ph\u00f9 h\u1ee3p.<\/p>\n<h3>III. Ph\u1ea1m vi s\u1eed d\u1ee5ng th\u00f4ng tin<\/h3>\n<p>Thu\u1eadn Phong Energy s\u1eed d\u1ee5ng th\u00f4ng tin kh\u00e1ch h\u00e0ng cung c\u1ea5p \u0111\u1ec3:<\/p>\n<ul>\n<li>Cung c\u1ea5p c\u00e1c d\u1ecbch v\u1ee5 li\u00ean quan \u0111\u1ebfn kh\u00e1ch h\u00e0ng.<\/li>\n<li>G\u1eedi c\u00e1c th\u00f4ng b\u00e1o v\u1ec1 c\u00e1c ho\u1ea1t \u0111\u1ed9ng trao \u0111\u1ed5i th\u00f4ng tin gi\u1eefa kh\u00e1ch h\u00e0ng v\u00e0 Website.<\/li>\n<li>Ng\u0103n ng\u1eeba c\u00e1c ho\u1ea1t \u0111\u1ed9ng ph\u00e1 ho\u1ea1i t\u00e0i kho\u1ea3n ng\u01b0\u1eddi d\u00f9ng c\u1ee7a kh\u00e1ch h\u00e0ng ho\u1eb7c c\u00e1c ho\u1ea1t \u0111\u1ed9ng gi\u1ea3 m\u1ea1o kh\u00e1ch h\u00e0ng.<\/li>\n<li>Li\u00ean l\u1ea1c v\u00e0 gi\u1ea3i quy\u1ebft v\u1edbi kh\u00e1ch h\u00e0ng trong nh\u1eefng tr\u01b0\u1eddng h\u1ee3p \u0111\u1eb7c bi\u1ec7t.<\/li>\n<li>Kh\u00f4ng s\u1eed d\u1ee5ng th\u00f4ng tin c\u00e1 nh\u00e2n c\u1ee7a kh\u00e1ch h\u00e0ng ngo\u00e0i m\u1ee5c \u0111\u00edch x\u00e1c nh\u1eadn v\u00e0 li\u00ean h\u1ec7 c\u00f3 li\u00ean quan \u0111\u1ebfn giao d\u1ecbch t\u1ea1i Website<\/li>\n<li>Trong tr\u01b0\u1eddng h\u1ee3p c\u00f3 y\u00eau c\u1ea7u c\u1ee7a ph\u00e1p lu\u1eadt: Thu\u1eadn Phong Energy c\u00f3 tr\u00e1ch nhi\u1ec7m h\u1ee3p t\u00e1c cung c\u1ea5p th\u00f4ng tin c\u00e1 nh\u00e2n kh\u00e1ch h\u00e0ng khi c\u00f3 y\u00eau c\u1ea7u t\u1eeb c\u01a1 quan bao g\u1ed3m: Vi\u1ec7n ki\u1ec3m s\u00e1t, t\u00f2a \u00e1n, c\u01a1 quan c\u00f4ng an \u0111i\u1ec1u tra li\u00ean quan \u0111\u1ebfn h\u00e0nh vi vi ph\u1ea1m ph\u00e1p lu\u1eadt n\u00e0o \u0111\u00f3 c\u1ee7a kh\u00e1ch h\u00e0ng. Ngo\u00e0i ra, kh\u00f4ng ai c\u00f3 quy\u1ec1n x\u00e2m ph\u1ea1m v\u00e0o th\u00f4ng tin c\u00e1 nh\u00e2n c\u1ee7a kh\u00e1ch h\u00e0ng.<\/li>\n<\/ul>\n<h3>IV. Th\u1eddi gian l\u01b0u tr\u1eef th\u00f4ng tin<\/h3>\n<p>D\u1eef li\u1ec7u c\u00e1 nh\u00e2n c\u1ee7a kh\u00e1ch h\u00e0ng s\u1ebd \u0111\u01b0\u1ee3c l\u01b0u tr\u1eef cho \u0111\u1ebfn khi c\u00f3 y\u00eau c\u1ea7u h\u1ee7y b\u1ecf t\u1eeb kh\u00e1ch h\u00e0ng. C\u00f2n l\u1ea1i trong m\u1ecdi tr\u01b0\u1eddng h\u1ee3p th\u00f4ng tin c\u00e1 nh\u00e2n s\u1ebd \u0111\u01b0\u1ee3c b\u1ea3o m\u1eadt tr\u00ean m\u00e1y ch\u1ee7 c\u1ee7a Thu\u1eadn Phong Energy.<\/p>\n<p>* \u0110\u1ecba ch\u1ec9 c\u1ee7a \u0111\u01a1n v\u1ecb thu th\u1eadp v\u00e0 qu\u1ea3n l\u00fd th\u00f4ng tin c\u00e1 nh\u00e2n:<\/p>\n<p>\u0110\u1ecba ch\u1ec9: 30 Nguy\u1ec5n H\u1eefu D\u1eadt, Ph\u01b0\u1eddng Nam L\u00fd, TP. \u0110\u1ed3ng H\u1edbi, T\u1ec9nh Qu\u1ea3ng B\u00ecnh<\/p>\n<p>M\u00e3 s\u1ed1 thu\u1ebf: 3101051292<\/p>\n<p>Ng\u01b0\u1eddi \u0110DPL: \u0110inh Ng\u1ecdc H\u00f9ng<\/p>\n<p>Ng\u00e0y ho\u1ea1t \u0111\u1ed9ng: 31\/05\/2018<\/p>\n<p>Gi\u1ea5y ph\u00e9p kinh doanh: 3101051292<\/p>\n<h3>V. Ph\u01b0\u01a1ng ti\u1ec7n v\u00e0 c\u00f4ng c\u1ee5 \u0111\u1ec3 ng\u01b0\u1eddi d\u00f9ng ti\u1ebfp c\u1eadn v\u00e0 ch\u1ec9nh s\u1eeda d\u1eef li\u1ec7u c\u00e1 nh\u00e2n c\u1ee7a m\u00ecnh.<\/h3>\n<p>\u2013 Kh\u00e1ch h\u00e0ng c\u00f3 quy\u1ec1n t\u1ef1 ki\u1ec3m tra, c\u1eadp nh\u1eadt, \u0111i\u1ec1u ch\u1ec9nh th\u00f4ng tin c\u00e1 nh\u00e2n c\u1ee7a m\u00ecnh b\u1eb1ng c\u00e1ch \u0111\u0103ng nh\u1eadp v\u00e0o t\u00e0i kho\u1ea3n v\u00e0 ch\u1ec9nh s\u1eeda th\u00f4ng tin c\u00e1 nh\u00e2n ho\u1eb7c y\u00eau c\u1ea7u ban qu\u1ea3n l\u00fd website Thu\u1eadn Phong Energy th\u1ef1c hi\u1ec7n vi\u1ec7c n\u00e0y.<\/p>\n<p>\u2013 Kh\u00e1ch h\u00e0ng c\u00f3 quy\u1ec1n g\u1eedi khi\u1ebfu n\u1ea1i v\u1ec1 vi\u1ec7c l\u1ed9 th\u00f4ng tin c\u00e1 nh\u00e2n cho b\u00ean th\u1ee9 3 \u0111\u1ebfn ban qu\u1ea3n tr\u1ecb website Thu\u1eadn Phong Energy. Khi ti\u1ebfp nh\u1eadn nh\u1eefng ph\u1ea3n h\u1ed3i n\u00e0y, ban qu\u1ea3n tr\u1ecb website x\u00e1c nh\u1eadn l\u1ea1i th\u00f4ng tin, c\u00f3 tr\u00e1ch nhi\u1ec7m tr\u1ea3 l\u1eddi l\u00fd do v\u00e0 h\u01b0\u1edbng d\u1eabn kh\u00e1ch h\u00e0ng kh\u00f4i ph\u1ee5c v\u00e0 b\u1ea3o m\u1eadt l\u1ea1i th\u00f4ng tin.<\/p>\n<h3>VI. Cam k\u1ebft b\u1ea3o m\u1eadt th\u00f4ng tin kh\u00e1ch h\u00e0ng<\/h3>\n<p>\u2013 Th\u00f4ng tin c\u00e1 nh\u00e2n c\u1ee7a kh\u00e1ch h\u00e0ng tr\u00ean Thu\u1eadn Phong Energy \u0111\u01b0\u1ee3c cam k\u1ebft b\u1ea3o m\u1eadt tuy\u1ec7t \u0111\u1ed1i theo ch\u00ednh s\u00e1ch b\u1ea3o v\u1ec7 th\u00f4ng tin c\u00e1 nh\u00e2n c\u1ee7a Thu\u1eadn Phong Energy. Vi\u1ec7c thu th\u1eadp v\u00e0 s\u1eed d\u1ee5ng th\u00f4ng tin ch\u1ec9 \u0111\u01b0\u1ee3c th\u1ef1c hi\u1ec7n khi c\u00f3 s\u1ef1 \u0111\u1ed3ng \u00fd c\u1ee7a kh\u00e1ch h\u00e0ng \u0111\u00f3 tr\u1eeb nh\u1eefng tr\u01b0\u1eddng h\u1ee3p ph\u00e1p lu\u1eadt c\u00f3 quy \u0111\u1ecbnh kh\u00e1c.<\/p>\n<p>\u2013 Kh\u00f4ng s\u1eed d\u1ee5ng, kh\u00f4ng chuy\u1ec3n giao, cung c\u1ea5p hay ti\u1ebft l\u1ed9 cho b\u00ean th\u1ee9 3 n\u00e0o v\u1ec1 th\u00f4ng tin c\u00e1 nh\u00e2n c\u1ee7a th\u00e0nh vi\u00ean khi kh\u00f4ng c\u00f3 s\u1ef1 cho ph\u00e9p \u0111\u1ed3ng \u00fd t\u1eeb th\u00e0nh vi\u00ean.<\/p>\n<p>\u2013 Trong tr\u01b0\u1eddng h\u1ee3p m\u00e1y ch\u1ee7 l\u01b0u tr\u1eef th\u00f4ng tin b\u1ecb hacker t\u1ea5n c\u00f4ng d\u1eabn \u0111\u1ebfn m\u1ea5t m\u00e1t d\u1eef li\u1ec7u c\u00e1 nh\u00e2n c\u1ee7a kh\u00e1ch h\u00e0ng, Thu\u1eadn Phong Energy s\u1ebd c\u00f3 tr\u00e1ch nhi\u1ec7m th\u00f4ng b\u00e1o v\u1ee5 vi\u1ec7c cho c\u01a1 quan ch\u1ee9c n\u0103ng \u0111i\u1ec1u tra x\u1eed l\u00fd k\u1ecbp th\u1eddi, \u0111\u1ed3ng th\u1eddi th\u00f4ng b\u00e1o cho kh\u00e1ch h\u00e0ng \u0111\u01b0\u1ee3c bi\u1ebft.<\/p>\n<p>\u2013 B\u1ea3o m\u1eadt tuy\u1ec7t \u0111\u1ed1i m\u1ecdi th\u00f4ng tin giao d\u1ecbch tr\u1ef1c tuy\u1ebfn c\u1ee7a kh\u00e1ch h\u00e0ng bao g\u1ed3m th\u00f4ng tin h\u00f3a \u0111\u01a1n ch\u1ee9ng t\u1eeb s\u1ed1 h\u00f3a t\u1ea1i khu v\u1ef1c d\u1eef li\u1ec7u trung t\u00e2m an to\u00e0n c\u1ee7a Thu\u1eadn Phong Energy.<\/p>\n<p>&#8211; M\u1ecdi khi\u1ebfu n\u1ea1i xin li\u00ean h\u1ec7 tr\u1ef1c ti\u1ebfp v\u1edbi s\u1ed1 hotline tr\u00ean website. N\u1ebfu c\u00f3 b\u1ea5t c\u1ee9 khi\u1ebfu n\u1ea1i n\u00e0o c\u1ee7a ng\u01b0\u1eddi ti\u00eau d\u00f9ng li\u00ean quan \u0111\u1ebfn vi\u1ec7c th\u00f4ng tin c\u00e1 nh\u00e2n b\u1ecb s\u1eed d\u1ee5ng sai m\u1ee5c \u0111\u00edch, c\u00f4ng ty ch\u00fang t\u00f4i s\u1ebd x\u00e1c minh r\u00f5 nguy\u00ean nh\u00e2n. N\u1ebfu do xu\u1ea5t ph\u00e1t t\u1eeb l\u1ed7i c\u1ee7a c\u00f4ng ty, ch\u00fang t\u00f4i s\u1ebd ch\u1ecbu ho\u00e0n to\u00e0n tr\u00e1ch nhi\u1ec7m tr\u01b0\u1edbc ph\u00e1p lu\u1eadt.<\/p>\n<h3>VII. Quy tr\u00ecnh x\u1eed l\u00fd c\u00e1c khi\u1ebfu n\u1ea1i li\u00ean quan t\u1edbi th\u00f4ng tin c\u00e1 nh\u00e2n kh\u00e1ch h\u00e0ng<\/h3>\n<p>\u2013 C\u00e1c th\u00e0nh vi\u00ean tr\u00ean trang TM\u0110T Thu\u1eadn Phong Energy c\u00f3 quy\u1ec1n g\u1eedi khi\u1ebfu n\u1ea1i v\u1ec1 v\u1ec1 c\u00e1c v\u1ea5n \u0111\u1ec1 li\u00ean quan t\u1edbi th\u00f4ng tin c\u00e1 nh\u00e2n t\u1edbi Ban qu\u1ea3n tr\u1ecb website qua:<\/p>\n<p>\u0110i\u1ec7n tho\u1ea1i: 0869 56 4567<\/p>\n<p>Email: info@tp-electric.vn<\/p>\n<p>\u2013 Khi ti\u1ebfp nh\u1eadn th\u00f4ng tin khi\u1ebfu n\u1ea1i, Ban qu\u1ea3n tr\u1ecb website ngay l\u1eadp t\u1ee9c c\u00f3 tr\u00e1ch nhi\u1ec7m ki\u1ec3m tra t\u00ecnh tr\u1ea1ng th\u00f4ng tin kh\u00e1ch h\u00e0ng b\u1ecb khi\u1ebfu n\u1ea1i, nguy\u00ean nh\u00e2n v\u00e0 t\u00ecm c\u00e1ch kh\u1eafc ph\u1ee5c. Trong tr\u01b0\u1eddng h\u1ee3p c\u1ea7n thi\u1ebft, c\u00f3 th\u1ec3 s\u1eed d\u1ee5ng d\u1ecbch v\u1ee5 h\u1ed7 tr\u1ee3 c\u1ee7a c\u00e1c c\u00f4ng ty v\u1ec1 an ninh m\u1ea1ng.<\/p>\n<p>\u2013 Ban qu\u1ea3n tr\u1ecb website c\u00f3 tr\u00e1ch nhi\u1ec7m ph\u1ea3n h\u1ed3i cho ng\u01b0\u1eddi khi\u1ebfu n\u1ea1i v\u1ec1 k\u1ebft qu\u1ea3 gi\u1ea3i quy\u1ebft khi\u1ebfu n\u1ea1i trong v\u00f2ng 30 ng\u00e0y k\u1ec3 t\u1eeb ng\u00e0y nh\u1eadn \u0111\u01b0\u1ee3c khi\u1ebfu n\u1ea1i.<\/p>\n<p>\u2013 Trong tr\u01b0\u1eddng h\u1ee3p k\u1ebft qu\u1ea3 gi\u1ea3i quy\u1ebft khi\u1ebfu n\u1ea1i cho th\u1ea5y l\u1ed7i thu\u1ed9c v\u1ec1 Ban qu\u1ea3n tr\u1ecb website, Ban qu\u1ea3n tr\u1ecb website ph\u1ea3i b\u1ed3i th\u01b0\u1eddng cho ng\u01b0\u1eddi khi\u1ebfu n\u1ea1i nh\u1eefng thi\u1ec7t h\u1ea1i th\u1ef1c t\u1ebf ph\u00e1t sinh do vi\u1ec7c vi ph\u1ea1m c\u00e1c cam k\u1ebft v\u1ec1 b\u1ea3o m\u1eadt th\u00f4ng tin c\u00e1 nh\u00e2n kh\u00e1ch h\u00e0ng.<\/p>\n","protected":false},"excerpt":{"rendered":"<p>Ch\u00ednh s\u00e1ch n\u00e0y gi\u00fap kh\u00e1ch h\u00e0ng c\u1ea3m th\u1ea5y y\u00ean t\u00e2m khi mua h\u00e0ng m\u00e0 kh\u00f4ng b\u1ecb r\u00f2 r\u1ec9 th\u00f4ng tin cho b\u00ean th\u1ee9 3 l\u00e0m \u1ea3nh h\u01b0\u1edfng \u0111\u1ebfn cu\u1ed9c s\u1ed1ng c\u0169ng nh\u01b0 ti\u1ec1n b\u1ea1c c\u1ee7a kh\u00e1ch h\u00e0ng. N\u1ed9i dung c\u1ea7n c\u00f3 trong ch\u00ednh s\u00e1ch n\u00e0y nh\u01b0 sau: I. D\u1eef li\u1ec7u c\u00e1 nh\u00e2n m\u00e0 Thu\u1eadn Phong&#8230;<\/p>\n","protected":false},"author":4,"featured_media":0,"parent":0,"menu_order":0,"comment_status":"closed","ping_status":"closed","template":"","meta":{"_eb_attr":"","footnotes":""},"class_list":["post-4528","page","type-page","status-publish","hentry"],"yoast_head":"<!-- This site is optimized with the Yoast SEO plugin v20.9 - https:\/\/yoast.com\/wordpress\/plugins\/seo\/ -->\r\n<title>Ch\u00ednh s\u00e1ch b\u1ea3o m\u1eadt th\u00f4ng tin c\u00e1 nh\u00e2n &amp; ri\u00eang t\u01b0 - Thuan Phong Solar Energy<\/title>\r\n<meta name=\"robots\" content=\"index, follow, max-snippet:-1, max-image-preview:large, max-video-preview:-1\" \/>\r\n<link rel=\"canonical\" href=\"https:\/\/tpenergy.com.vn\/?page_id=4528\" \/>\r\n<meta property=\"og:locale\" content=\"vi_VN\" \/>\r\n<meta property=\"og:type\" content=\"article\" \/>\r\n<meta property=\"og:title\" content=\"Ch\u00ednh s\u00e1ch b\u1ea3o m\u1eadt th\u00f4ng tin c\u00e1 nh\u00e2n &amp; ri\u00eang t\u01b0 - Thuan Phong Solar Energy\" \/>\r\n<meta property=\"og:description\" content=\"Ch\u00ednh s\u00e1ch n\u00e0y gi\u00fap kh\u00e1ch h\u00e0ng c\u1ea3m th\u1ea5y y\u00ean t\u00e2m khi mua h\u00e0ng m\u00e0 kh\u00f4ng b\u1ecb r\u00f2 r\u1ec9 th\u00f4ng tin cho b\u00ean th\u1ee9 3 l\u00e0m \u1ea3nh h\u01b0\u1edfng \u0111\u1ebfn cu\u1ed9c s\u1ed1ng c\u0169ng nh\u01b0 ti\u1ec1n b\u1ea1c c\u1ee7a kh\u00e1ch h\u00e0ng. N\u1ed9i dung c\u1ea7n c\u00f3 trong ch\u00ednh s\u00e1ch n\u00e0y nh\u01b0 sau: I. D\u1eef li\u1ec7u c\u00e1 nh\u00e2n m\u00e0 Thu\u1eadn Phong...\" \/>\r\n<meta property=\"og:url\" content=\"https:\/\/tpenergy.com.vn\/?page_id=4528\" \/>\r\n<meta property=\"og:site_name\" content=\"Thuan Phong Solar Energy\" \/>\r\n<meta property=\"article:modified_time\" content=\"2024-05-16T08:42:08+00:00\" \/>\r\n<meta name=\"twitter:card\" content=\"summary_large_image\" \/>\r\n<meta name=\"twitter:label1\" content=\"\u01af\u1edbc t\u00ednh th\u1eddi gian \u0111\u1ecdc\" \/>\n\t<meta name=\"twitter:data1\" content=\"8 ph\u00fat\" \/>\r\n<script type=\"application\/ld+json\" class=\"yoast-schema-graph\">{\"@context\":\"https:\/\/schema.org\",\"@graph\":[{\"@type\":\"WebPage\",\"@id\":\"https:\/\/tpenergy.com.vn\/?page_id=4528\",\"url\":\"https:\/\/tpenergy.com.vn\/?page_id=4528\",\"name\":\"Ch\u00ednh s\u00e1ch b\u1ea3o m\u1eadt th\u00f4ng tin c\u00e1 nh\u00e2n & ri\u00eang t\u01b0 - Thuan Phong Solar Energy\",\"isPartOf\":{\"@id\":\"https:\/\/tpenergy.com.vn\/#website\"},\"datePublished\":\"2024-04-12T13:22:26+00:00\",\"dateModified\":\"2024-05-16T08:42:08+00:00\",\"breadcrumb\":{\"@id\":\"https:\/\/tpenergy.com.vn\/?page_id=4528#breadcrumb\"},\"inLanguage\":\"vi\",\"potentialAction\":[{\"@type\":\"ReadAction\",\"target\":[\"https:\/\/tpenergy.com.vn\/?page_id=4528\"]}]},{\"@type\":\"BreadcrumbList\",\"@id\":\"https:\/\/tpenergy.com.vn\/?page_id=4528#breadcrumb\",\"itemListElement\":[{\"@type\":\"ListItem\",\"position\":1,\"name\":\"Trang ch\u1ee7\",\"item\":\"https:\/\/tpenergy.com.vn\/\"},{\"@type\":\"ListItem\",\"position\":2,\"name\":\"Ch\u00ednh s\u00e1ch b\u1ea3o m\u1eadt th\u00f4ng tin c\u00e1 nh\u00e2n &#038; ri\u00eang t\u01b0\"}]},{\"@type\":\"WebSite\",\"@id\":\"https:\/\/tpenergy.com.vn\/#website\",\"url\":\"https:\/\/tpenergy.com.vn\/\",\"name\":\"Thuan Phong Solar Energy\",\"description\":\"\",\"potentialAction\":[{\"@type\":\"SearchAction\",\"target\":{\"@type\":\"EntryPoint\",\"urlTemplate\":\"https:\/\/tpenergy.com.vn\/?s={search_term_string}\"},\"query-input\":\"required name=search_term_string\"}],\"inLanguage\":\"vi\"}]}<\/script>\r\n<!-- \/ Yoast SEO plugin. -->","yoast_head_json":{"title":"Ch\u00ednh s\u00e1ch b\u1ea3o m\u1eadt th\u00f4ng tin c\u00e1 nh\u00e2n & ri\u00eang t\u01b0 - Thuan Phong Solar Energy","robots":{"index":"index","follow":"follow","max-snippet":"max-snippet:-1","max-image-preview":"max-image-preview:large","max-video-preview":"max-video-preview:-1"},"canonical":"https:\/\/tpenergy.com.vn\/?page_id=4528","og_locale":"vi_VN","og_type":"article","og_title":"Ch\u00ednh s\u00e1ch b\u1ea3o m\u1eadt th\u00f4ng tin c\u00e1 nh\u00e2n & ri\u00eang t\u01b0 - Thuan Phong Solar Energy","og_description":"Ch\u00ednh s\u00e1ch n\u00e0y gi\u00fap kh\u00e1ch h\u00e0ng c\u1ea3m th\u1ea5y y\u00ean t\u00e2m khi mua h\u00e0ng m\u00e0 kh\u00f4ng b\u1ecb r\u00f2 r\u1ec9 th\u00f4ng tin cho b\u00ean th\u1ee9 3 l\u00e0m \u1ea3nh h\u01b0\u1edfng \u0111\u1ebfn cu\u1ed9c s\u1ed1ng c\u0169ng nh\u01b0 ti\u1ec1n b\u1ea1c c\u1ee7a kh\u00e1ch h\u00e0ng. N\u1ed9i dung c\u1ea7n c\u00f3 trong ch\u00ednh s\u00e1ch n\u00e0y nh\u01b0 sau: I. D\u1eef li\u1ec7u c\u00e1 nh\u00e2n m\u00e0 Thu\u1eadn Phong...","og_url":"https:\/\/tpenergy.com.vn\/?page_id=4528","og_site_name":"Thuan Phong Solar Energy","article_modified_time":"2024-05-16T08:42:08+00:00","twitter_card":"summary_large_image","twitter_misc":{"\u01af\u1edbc t\u00ednh th\u1eddi gian \u0111\u1ecdc":"8 ph\u00fat"},"schema":{"@context":"https:\/\/schema.org","@graph":[{"@type":"WebPage","@id":"https:\/\/tpenergy.com.vn\/?page_id=4528","url":"https:\/\/tpenergy.com.vn\/?page_id=4528","name":"Ch\u00ednh s\u00e1ch b\u1ea3o m\u1eadt th\u00f4ng tin c\u00e1 nh\u00e2n & ri\u00eang t\u01b0 - Thuan Phong Solar Energy","isPartOf":{"@id":"https:\/\/tpenergy.com.vn\/#website"},"datePublished":"2024-04-12T13:22:26+00:00","dateModified":"2024-05-16T08:42:08+00:00","breadcrumb":{"@id":"https:\/\/tpenergy.com.vn\/?page_id=4528#breadcrumb"},"inLanguage":"vi","potentialAction":[{"@type":"ReadAction","target":["https:\/\/tpenergy.com.vn\/?page_id=4528"]}]},{"@type":"BreadcrumbList","@id":"https:\/\/tpenergy.com.vn\/?page_id=4528#breadcrumb","itemListElement":[{"@type":"ListItem","position":1,"name":"Trang ch\u1ee7","item":"https:\/\/tpenergy.com.vn\/"},{"@type":"ListItem","position":2,"name":"Ch\u00ednh s\u00e1ch b\u1ea3o m\u1eadt th\u00f4ng tin c\u00e1 nh\u00e2n &#038; ri\u00eang t\u01b0"}]},{"@type":"WebSite","@id":"https:\/\/tpenergy.com.vn\/#website","url":"https:\/\/tpenergy.com.vn\/","name":"Thuan Phong Solar Energy","description":"","potentialAction":[{"@type":"SearchAction","target":{"@type":"EntryPoint","urlTemplate":"https:\/\/tpenergy.com.vn\/?s={search_term_string}"},"query-input":"required name=search_term_string"}],"inLanguage":"vi"}]}},"_links":{"self":[{"href":"https:\/\/tpenergy.com.vn\/index.php?rest_route=\/wp\/v2\/pages\/4528"}],"collection":[{"href":"https:\/\/tpenergy.com.vn\/index.php?rest_route=\/wp\/v2\/pages"}],"about":[{"href":"https:\/\/tpenergy.com.vn\/index.php?rest_route=\/wp\/v2\/types\/page"}],"author":[{"embeddable":true,"href":"https:\/\/tpenergy.com.vn\/index.php?rest_route=\/wp\/v2\/users\/4"}],"replies":[{"embeddable":true,"href":"https:\/\/tpenergy.com.vn\/index.php?rest_route=%2Fwp%2Fv2%2Fcomments&post=4528"}],"version-history":[{"count":2,"href":"https:\/\/tpenergy.com.vn\/index.php?rest_route=\/wp\/v2\/pages\/4528\/revisions"}],"predecessor-version":[{"id":4742,"href":"https:\/\/tpenergy.com.vn\/index.php?rest_route=\/wp\/v2\/pages\/4528\/revisions\/4742"}],"wp:attachment":[{"href":"https:\/\/tpenergy.com.vn\/index.php?rest_route=%2Fwp%2Fv2%2Fmedia&parent=4528"}],"curies":[{"name":"wp","href":"https:\/\/api.w.org\/{rel}","templated":true}]}}