{"id":4524,"date":"2024-04-12T20:21:43","date_gmt":"2024-04-12T13:21:43","guid":{"rendered":"https:\/\/tpenergy.com.vn\/?page_id=4524"},"modified":"2024-05-16T15:41:25","modified_gmt":"2024-05-16T08:41:25","slug":"chinh-sach-van-chuyen-bao-hanh","status":"publish","type":"page","link":"https:\/\/tpenergy.com.vn\/?page_id=4524","title":{"rendered":"Ch\u00ednh s\u00e1ch v\u1eadn chuy\u1ec3n b\u1ea3o h\u00e0nh"},"content":{"rendered":"<h3>\u0110I\u1ec0U KI\u1ec6N B\u1ea2O H\u00c0NH<\/h3>\n<p>S\u1ea3n ph\u1ea9m \u0111\u01b0\u1ee3c b\u1ea3o h\u00e0nh mi\u1ec5n ph\u00ed n\u1ebfu \u0111\u1ea3m b\u1ea3o t\u1ea5t c\u1ea3 c\u00e1c \u0111i\u1ec1u ki\u1ec7n sau:<\/p>\n<ul>\n<li>S\u1ea3n ph\u1ea9m thu\u1ed9c danh m\u1ee5c \u0111\u01b0\u1ee3c b\u1ea3o h\u00e0nh t\u1eeb Nh\u00e0 s\u1ea3n xu\u1ea5t ho\u1eb7c Nh\u00e0 ph\u00e2n ph\u1ed1i.<\/li>\n<li>S\u1ea3n ph\u1ea9m b\u1ecb l\u1ed7i k\u1ef9 thu\u1eadt do Nh\u00e0 s\u1ea3n xu\u1ea5t.<\/li>\n<li>Th\u1eddi h\u1ea1n b\u1ea3o h\u00e0nh tr\u00ean phi\u1ebfu b\u1ea3o h\u00e0nh v\u1eabn c\u00f2n hi\u1ec7u l\u1ef1c (n\u1ebfu c\u00f3) ho\u1eb7c phi\u1ebfu xu\u1ea5t h\u00e0ng (h\u00f3a \u0111\u01a1n ho\u1eb7c ch\u1ee9ng t\u1eeb).<\/li>\n<li>Phi\u1ebfu xu\u1ea5t h\u00e0ng (h\u00f3a \u0111\u01a1n ho\u1eb7c ch\u1ee9ng t\u1eeb) c\u00f2n nguy\u00ean v\u1eb9n, kh\u00f4ng ch\u1eafp v\u00e1, kh\u00f4ng b\u1ecb g\u1ea1ch x\u00f3a hay s\u1eeda ch\u1eefa, b\u00f4i b\u1ea9n.<\/li>\n<li>Phi\u1ebfu xu\u1ea5t h\u00e0ng (h\u00f3a \u0111\u01a1n ho\u1eb7c ch\u1ee9ng t\u1eeb) \u0111\u1ea7y \u0111\u1ee7 th\u00f4ng tin: t\u00ean s\u1ea3n ph\u1ea9m, m\u00e3 s\u1ea3n ph\u1ea9m, ng\u00e0y xu\u1ea5t h\u00e0ng, t\u00ean kh\u00e1ch h\u00e0ng s\u1eed d\u1ee5ng, \u0111\u1ecba ch\u1ec9.<\/li>\n<li>Tem b\u1ea3o h\u00e0nh v\u00e0 tem ni\u00eam phong (n\u1ebfu c\u00f3) c\u1ee7a Nh\u00e0 s\u1ea3n xu\u1ea5t tr\u00ean s\u1ea3n ph\u1ea9m c\u00f2n nguy\u00ean v\u1eb9n.<\/li>\n<\/ul>\n<h3>TH\u1edcI H\u1ea0N B\u1ea2O H\u00c0NH<\/h3>\n<p>Th\u1eddi h\u1ea1n b\u1ea3o h\u00e0nh \u0111\u01b0\u1ee3c t\u00ednh k\u1ec3 t\u1eeb ng\u00e0y mua h\u00e0ng ho\u1eb7c k\u1ec3 t\u1eeb ng\u00e0y s\u1ea3n xu\u1ea5t t\u00f9y thu\u1ed9c t\u1eebng lo\u1ea1i s\u1ea3n ph\u1ea9m \u0111\u01b0\u1ee3c n\u00eau r\u00f5 khi kh\u00e1ch h\u00e0ng mua v\u00e0 nh\u1eadn s\u1ea3n ph\u1ea9m t\u1eeb Thu\u1eadn Phong Energy.<\/p>\n<p>\u0110\u1ed1i v\u1edbi Kh\u00e1ch h\u00e0ng th\u01b0\u01a1ng m\u1ea1i, th\u1eddi h\u1ea1n b\u1ea3o h\u00e0nh \u0111\u01b0\u1ee3c t\u00ednh t\u1eeb th\u1eddi \u0111i\u1ec3m h\u00e0ng h\u00f3a \u0111\u01b0\u1ee3c b\u00e0n giao cho ng\u01b0\u1eddi s\u1eed d\u1ee5ng (c\u00f3 h\u00f3a \u0111\u01a1n, ch\u1ee9ng t\u1eeb ch\u1ee9ng minh ngu\u1ed3n h\u00e0ng).<\/p>\n<h3>PH\u01af\u01a0NG TH\u1ee8C B\u1ea2O H\u00c0NH<\/h3>\n<p>\u0110\u1ecba \u0111i\u1ec3m b\u1ea3o h\u00e0nh: Qu\u00fd kh\u00e1ch vui l\u00f2ng li\u00ean h\u1ec7 tr\u1ef1c ti\u1ebfp v\u1edbi b\u1ed9 ph\u1eadn ch\u0103m s\u00f3c kh\u00e1ch h\u00e0ng c\u1ee7a Thu\u1eadn Phong Energy (hotline: 0896 564 567)<br \/>B\u1ed9 ph\u1eadn h\u1ed7 tr\u1ee3 ch\u0103m s\u00f3c kh\u00e1ch h\u00e0ng c\u1ee7a Thu\u1eadn Phong Energy s\u1ebd h\u1ed7 tr\u1ee3 v\u00e0 h\u01b0\u1edbng d\u1eabn Qu\u00fd kh\u00e1ch h\u00e0ng ph\u01b0\u01a1ng th\u1ee9c tham gia v\u00e0o h\u1ec7 th\u1ed1ng b\u1ea3o h\u00e0nh s\u1ea3n ph\u1ea9m c\u1ee7a Thu\u1eadn Phong Energy.<\/p>\n<p>M\u1ecdi th\u00f4ng tin li\u00ean h\u1ec7 c\u1ee7a Thu\u1eadn Phong Energy \u0111\u01b0\u1ee3c in tr\u00ean H\u00f3a \u0111\u01a1n, ch\u1ee9ng t\u1eeb ho\u1eb7c phi\u1ebfu xu\u1ea5t kho.<\/p>\n<h3><span style=\"font-weight: 400;\">TH\u1edcI GIAN TH\u1ef0C HI\u1ec6N<\/span><\/h3>\n<p><span style=\"font-weight: 400;\">Trong m\u1ecdi tr\u01b0\u1eddng h\u1ee3p, th\u1eddi gian th\u1ef1c hi\u1ec7n b\u1ea3o h\u00e0nh s\u1ea3n ph\u1ea9m ph\u1ee5 thu\u1ed9c v\u00e0o m\u1ee9c \u0111\u1ed9 h\u01b0 h\u1ea1i c\u1ee7a s\u1ea3n ph\u1ea9m\/thi\u1ebft b\u1ecb ho\u1eb7c m\u1ee9c \u0111\u1ed9 s\u1eb5n c\u00f3 c\u1ee7a thi\u1ebft b\u1ecb\/s\u1ea3n ph\u1ea9m thay th\u1ebf c\u1ee7a ch\u00fang t\u00f4i.<\/span><\/p>\n<p><span style=\"font-weight: 400;\">Kh\u00e1ch h\u00e0ng s\u1ebd nh\u1eadn \u0111\u01b0\u1ee3c th\u00f4ng b\u00e1o c\u1ee5 th\u1ec3 t\u1eeb Thu\u1eadn Phong Energy v\u00e0o th\u1eddi \u0111i\u1ec3m ch\u00fang t\u00f4i nh\u1eadn s\u1ea3n ph\u1ea9m \u0111\u1ec3 b\u1ea3o h\u00e0nh.<\/span><\/p>\n<p><span style=\"font-weight: 400;\">Trong tr\u01b0\u1eddng h\u1ee3p qu\u00fd kh\u00e1ch t\u1ef1 \u0111em s\u1ea3n ph\u1ea9m \u0111\u1ebfn Trung T\u00e2m S\u1eeda Ch\u1eefa kh\u00f4ng \u0111\u01b0\u1ee3c s\u1ef1 \u1ee7y quy\u1ec1n c\u1ee7a Thu\u1eadn Phong Energy ho\u1eb7c tr\u01b0\u1eddng h\u1ee3p kh\u00e1ch h\u00e0ng t\u1ef1 \u00fd th\u00e1o l\u1eafp (s\u1eeda ch\u1eefa) m\u00e0 ch\u01b0a \u0111\u01b0\u1ee3c s\u1ef1 \u0111\u1ed3ng \u00fd c\u1ee7a Thu\u1eadn Phong Energy th\u00ec s\u1ea3n ph\u1ea9m\/thi\u1ebft b\u1ecb \u0111\u00f3 s\u1ebd kh\u00f4ng nh\u1eadn \u0111\u01b0\u1ee3c ch\u00ednh s\u00e1ch b\u1ea3o h\u00e0nh n\u1eefa.<\/span><\/p>\n<h3><span style=\"font-weight: 400;\">\u0110\u01a0N V\u1eca V\u1eacN CHUY\u1ec2N V\u00c0 GIAO NH\u1eacN<\/span><\/h3>\n<p><span style=\"font-weight: 400;\">B\u00ean v\u1eadn chuy\u1ec3n \u0111\u01b0\u1ee3c hi\u1ec3u l\u00e0 c\u00e1c \u0111\u01a1n v\u1ecb v\u1eadn chuy\u1ec3n trung gian h\u1ee3p t\u00e1c v\u1edbi Thu\u1eadn Phong v\u1eadn chuy\u1ec3n h\u00e0nh h\u00f3a t\u1edbi kh\u00e1ch h\u00e0ng nh\u01b0: Viettel post, CHN, J&amp;T.<\/span><\/p>\n<p><span style=\"font-weight: 400;\">Th\u1eddi gian \u01b0\u1edbc t\u00ednh giao h\u00e0ng t\u1eeb 2-4 ng\u00e0y \u0111\u1ed1i v\u1edbi khu v\u1ef1c ph\u00eda B\u1eafc v\u00e0 t\u1eeb 3-5 ng\u00e0y \u0111\u1ed1i v\u1edbi c\u00e1c kh\u00e1ch h\u00e0ng khu v\u1ef1c ph\u00eda Trung v\u00e0 Nam.<\/span><\/p>\n<p><span style=\"font-weight: 400;\">B\u00ean v\u1eadn chuy\u1ec3n ph\u1ea3i b\u1ed3i th\u01b0\u1eddng thi\u1ec7t h\u1ea1i n\u1ebfu \u0111\u1ec3 h\u00e0ng ho\u00e1 b\u1ecb m\u1ea5t ho\u1eb7c h\u01b0 h\u1ecfng.<\/span><\/p>\n<p><span style=\"font-weight: 400;\">Thu\u1eadn Phong Energy s\u1ebd b\u1ed3i th\u01b0\u1eddng thi\u1ec7t h\u1ea1i cho b\u00ean v\u1eadn chuy\u1ec3n v\u00e0 kh\u00e1ch h\u00e0ng v\u1ec1 thi\u1ec7t h\u1ea1i do h\u00e0ng h\u00f3a v\u1eadn chuy\u1ec3n c\u00f3 t\u00ednh ch\u1ea5t nguy hi\u1ec3m, \u0111\u1ed9c h\u1ea1i m\u00e0 kh\u00f4ng c\u00f3 bi\u1ec7n ph\u00e1p \u0111\u00f3ng g\u00f3i, b\u1ea3o \u0111\u1ea3m an to\u00e0n trong qu\u00e1 tr\u00ecnh v\u1eadn chuy\u1ec3n.<\/span><\/p>\n<p><span style=\"font-weight: 400;\">Tr\u01b0\u1eddng h\u1ee3p b\u1ea5t kh\u1ea3 kh\u00e1ng d\u1eabn \u0111\u1ebfn h\u00e0ng ho\u00e1 v\u1eadn chuy\u1ec3n b\u1ecb m\u1ea5t, h\u01b0 h\u1ecfng ho\u1eb7c b\u1ecb h\u1ee7y ho\u1ea1i trong qu\u00e1 tr\u00ecnh v\u1eadn chuy\u1ec3n th\u00ec b\u00ean v\u1eadn chuy\u1ec3n kh\u00f4ng ph\u1ea3i ch\u1ecbu tr\u00e1ch nhi\u1ec7m b\u1ed3i th\u01b0\u1eddng thi\u1ec7t h\u1ea1i, tr\u1eeb tr\u01b0\u1eddng h\u1ee3p c\u00f3 th\u1ecfa thu\u1eadn kh\u00e1c ho\u1eb7c ph\u00e1p lu\u1eadt c\u00f3 quy \u0111\u1ecbnh kh\u00e1c.<\/span><\/p>\n<p><span style=\"font-weight: 400;\">L\u01b0u \u00fd: Trong tr\u01b0\u1eddng h\u1ee3p ph\u00e1t sinh ch\u1eadm tr\u1ec5 trong vi\u1ec7c giao h\u00e0ng ho\u1eb7c cung \u1ee9ng d\u1ecbch v\u1ee5, Thu\u1eadn Phong Energy s\u1ebd c\u00f3 th\u00f4ng tin k\u1ecbp th\u1eddi cho kh\u00e1ch h\u00e0ng v\u00e0 t\u1ea1o c\u01a1 h\u1ed9i \u0111\u1ec3 kh\u00e1ch h\u00e0ng c\u00f3 th\u1ec3 h\u1ee7y h\u1ee3p \u0111\u1ed3ng n\u1ebfu mu\u1ed1n.<\/span><\/p>\n","protected":false},"excerpt":{"rendered":"<p>\u0110I\u1ec0U KI\u1ec6N B\u1ea2O H\u00c0NH S\u1ea3n ph\u1ea9m \u0111\u01b0\u1ee3c b\u1ea3o h\u00e0nh mi\u1ec5n ph\u00ed n\u1ebfu \u0111\u1ea3m b\u1ea3o t\u1ea5t c\u1ea3 c\u00e1c \u0111i\u1ec1u ki\u1ec7n sau: S\u1ea3n ph\u1ea9m thu\u1ed9c danh m\u1ee5c \u0111\u01b0\u1ee3c b\u1ea3o h\u00e0nh t\u1eeb Nh\u00e0 s\u1ea3n xu\u1ea5t ho\u1eb7c Nh\u00e0 ph\u00e2n ph\u1ed1i. S\u1ea3n ph\u1ea9m b\u1ecb l\u1ed7i k\u1ef9 thu\u1eadt do Nh\u00e0 s\u1ea3n xu\u1ea5t. Th\u1eddi h\u1ea1n b\u1ea3o h\u00e0nh tr\u00ean phi\u1ebfu b\u1ea3o h\u00e0nh v\u1eabn&#8230;<\/p>\n","protected":false},"author":4,"featured_media":0,"parent":0,"menu_order":0,"comment_status":"closed","ping_status":"closed","template":"","meta":{"_eb_attr":"","footnotes":""},"class_list":["post-4524","page","type-page","status-publish","hentry"],"yoast_head":"<!-- This site is optimized with the Yoast SEO plugin v20.9 - https:\/\/yoast.com\/wordpress\/plugins\/seo\/ -->\r\n<title>Ch\u00ednh s\u00e1ch v\u1eadn chuy\u1ec3n b\u1ea3o h\u00e0nh - Thuan Phong Solar Energy<\/title>\r\n<meta name=\"robots\" content=\"index, follow, max-snippet:-1, max-image-preview:large, max-video-preview:-1\" \/>\r\n<link rel=\"canonical\" href=\"https:\/\/tpenergy.com.vn\/?page_id=4524\" \/>\r\n<meta property=\"og:locale\" content=\"vi_VN\" \/>\r\n<meta property=\"og:type\" content=\"article\" \/>\r\n<meta property=\"og:title\" content=\"Ch\u00ednh s\u00e1ch v\u1eadn chuy\u1ec3n b\u1ea3o h\u00e0nh - Thuan Phong Solar Energy\" \/>\r\n<meta property=\"og:description\" content=\"\u0110I\u1ec0U KI\u1ec6N B\u1ea2O H\u00c0NH S\u1ea3n ph\u1ea9m \u0111\u01b0\u1ee3c b\u1ea3o h\u00e0nh mi\u1ec5n ph\u00ed n\u1ebfu \u0111\u1ea3m b\u1ea3o t\u1ea5t c\u1ea3 c\u00e1c \u0111i\u1ec1u ki\u1ec7n sau: S\u1ea3n ph\u1ea9m thu\u1ed9c danh m\u1ee5c \u0111\u01b0\u1ee3c b\u1ea3o h\u00e0nh t\u1eeb Nh\u00e0 s\u1ea3n xu\u1ea5t ho\u1eb7c Nh\u00e0 ph\u00e2n ph\u1ed1i. S\u1ea3n ph\u1ea9m b\u1ecb l\u1ed7i k\u1ef9 thu\u1eadt do Nh\u00e0 s\u1ea3n xu\u1ea5t. Th\u1eddi h\u1ea1n b\u1ea3o h\u00e0nh tr\u00ean phi\u1ebfu b\u1ea3o h\u00e0nh v\u1eabn...\" \/>\r\n<meta property=\"og:url\" content=\"https:\/\/tpenergy.com.vn\/?page_id=4524\" \/>\r\n<meta property=\"og:site_name\" content=\"Thuan Phong Solar Energy\" \/>\r\n<meta property=\"article:modified_time\" content=\"2024-05-16T08:41:25+00:00\" \/>\r\n<meta name=\"twitter:card\" content=\"summary_large_image\" \/>\r\n<script type=\"application\/ld+json\" class=\"yoast-schema-graph\">{\"@context\":\"https:\/\/schema.org\",\"@graph\":[{\"@type\":\"WebPage\",\"@id\":\"https:\/\/tpenergy.com.vn\/?page_id=4524\",\"url\":\"https:\/\/tpenergy.com.vn\/?page_id=4524\",\"name\":\"Ch\u00ednh s\u00e1ch v\u1eadn chuy\u1ec3n b\u1ea3o h\u00e0nh - Thuan Phong Solar Energy\",\"isPartOf\":{\"@id\":\"https:\/\/tpenergy.com.vn\/#website\"},\"datePublished\":\"2024-04-12T13:21:43+00:00\",\"dateModified\":\"2024-05-16T08:41:25+00:00\",\"breadcrumb\":{\"@id\":\"https:\/\/tpenergy.com.vn\/?page_id=4524#breadcrumb\"},\"inLanguage\":\"vi\",\"potentialAction\":[{\"@type\":\"ReadAction\",\"target\":[\"https:\/\/tpenergy.com.vn\/?page_id=4524\"]}]},{\"@type\":\"BreadcrumbList\",\"@id\":\"https:\/\/tpenergy.com.vn\/?page_id=4524#breadcrumb\",\"itemListElement\":[{\"@type\":\"ListItem\",\"position\":1,\"name\":\"Trang ch\u1ee7\",\"item\":\"https:\/\/tpenergy.com.vn\/\"},{\"@type\":\"ListItem\",\"position\":2,\"name\":\"Ch\u00ednh s\u00e1ch v\u1eadn chuy\u1ec3n b\u1ea3o h\u00e0nh\"}]},{\"@type\":\"WebSite\",\"@id\":\"https:\/\/tpenergy.com.vn\/#website\",\"url\":\"https:\/\/tpenergy.com.vn\/\",\"name\":\"Thuan Phong Solar Energy\",\"description\":\"\",\"potentialAction\":[{\"@type\":\"SearchAction\",\"target\":{\"@type\":\"EntryPoint\",\"urlTemplate\":\"https:\/\/tpenergy.com.vn\/?s={search_term_string}\"},\"query-input\":\"required name=search_term_string\"}],\"inLanguage\":\"vi\"}]}<\/script>\r\n<!-- \/ Yoast SEO plugin. -->","yoast_head_json":{"title":"Ch\u00ednh s\u00e1ch v\u1eadn chuy\u1ec3n b\u1ea3o h\u00e0nh - Thuan Phong Solar Energy","robots":{"index":"index","follow":"follow","max-snippet":"max-snippet:-1","max-image-preview":"max-image-preview:large","max-video-preview":"max-video-preview:-1"},"canonical":"https:\/\/tpenergy.com.vn\/?page_id=4524","og_locale":"vi_VN","og_type":"article","og_title":"Ch\u00ednh s\u00e1ch v\u1eadn chuy\u1ec3n b\u1ea3o h\u00e0nh - Thuan Phong Solar Energy","og_description":"\u0110I\u1ec0U KI\u1ec6N B\u1ea2O H\u00c0NH S\u1ea3n ph\u1ea9m \u0111\u01b0\u1ee3c b\u1ea3o h\u00e0nh mi\u1ec5n ph\u00ed n\u1ebfu \u0111\u1ea3m b\u1ea3o t\u1ea5t c\u1ea3 c\u00e1c \u0111i\u1ec1u ki\u1ec7n sau: S\u1ea3n ph\u1ea9m thu\u1ed9c danh m\u1ee5c \u0111\u01b0\u1ee3c b\u1ea3o h\u00e0nh t\u1eeb Nh\u00e0 s\u1ea3n xu\u1ea5t ho\u1eb7c Nh\u00e0 ph\u00e2n ph\u1ed1i. S\u1ea3n ph\u1ea9m b\u1ecb l\u1ed7i k\u1ef9 thu\u1eadt do Nh\u00e0 s\u1ea3n xu\u1ea5t. Th\u1eddi h\u1ea1n b\u1ea3o h\u00e0nh tr\u00ean phi\u1ebfu b\u1ea3o h\u00e0nh v\u1eabn...","og_url":"https:\/\/tpenergy.com.vn\/?page_id=4524","og_site_name":"Thuan Phong Solar Energy","article_modified_time":"2024-05-16T08:41:25+00:00","twitter_card":"summary_large_image","schema":{"@context":"https:\/\/schema.org","@graph":[{"@type":"WebPage","@id":"https:\/\/tpenergy.com.vn\/?page_id=4524","url":"https:\/\/tpenergy.com.vn\/?page_id=4524","name":"Ch\u00ednh s\u00e1ch v\u1eadn chuy\u1ec3n b\u1ea3o h\u00e0nh - Thuan Phong Solar Energy","isPartOf":{"@id":"https:\/\/tpenergy.com.vn\/#website"},"datePublished":"2024-04-12T13:21:43+00:00","dateModified":"2024-05-16T08:41:25+00:00","breadcrumb":{"@id":"https:\/\/tpenergy.com.vn\/?page_id=4524#breadcrumb"},"inLanguage":"vi","potentialAction":[{"@type":"ReadAction","target":["https:\/\/tpenergy.com.vn\/?page_id=4524"]}]},{"@type":"BreadcrumbList","@id":"https:\/\/tpenergy.com.vn\/?page_id=4524#breadcrumb","itemListElement":[{"@type":"ListItem","position":1,"name":"Trang ch\u1ee7","item":"https:\/\/tpenergy.com.vn\/"},{"@type":"ListItem","position":2,"name":"Ch\u00ednh s\u00e1ch v\u1eadn chuy\u1ec3n b\u1ea3o h\u00e0nh"}]},{"@type":"WebSite","@id":"https:\/\/tpenergy.com.vn\/#website","url":"https:\/\/tpenergy.com.vn\/","name":"Thuan Phong Solar Energy","description":"","potentialAction":[{"@type":"SearchAction","target":{"@type":"EntryPoint","urlTemplate":"https:\/\/tpenergy.com.vn\/?s={search_term_string}"},"query-input":"required name=search_term_string"}],"inLanguage":"vi"}]}},"_links":{"self":[{"href":"https:\/\/tpenergy.com.vn\/index.php?rest_route=\/wp\/v2\/pages\/4524"}],"collection":[{"href":"https:\/\/tpenergy.com.vn\/index.php?rest_route=\/wp\/v2\/pages"}],"about":[{"href":"https:\/\/tpenergy.com.vn\/index.php?rest_route=\/wp\/v2\/types\/page"}],"author":[{"embeddable":true,"href":"https:\/\/tpenergy.com.vn\/index.php?rest_route=\/wp\/v2\/users\/4"}],"replies":[{"embeddable":true,"href":"https:\/\/tpenergy.com.vn\/index.php?rest_route=%2Fwp%2Fv2%2Fcomments&post=4524"}],"version-history":[{"count":2,"href":"https:\/\/tpenergy.com.vn\/index.php?rest_route=\/wp\/v2\/pages\/4524\/revisions"}],"predecessor-version":[{"id":4741,"href":"https:\/\/tpenergy.com.vn\/index.php?rest_route=\/wp\/v2\/pages\/4524\/revisions\/4741"}],"wp:attachment":[{"href":"https:\/\/tpenergy.com.vn\/index.php?rest_route=%2Fwp%2Fv2%2Fmedia&parent=4524"}],"curies":[{"name":"wp","href":"https:\/\/api.w.org\/{rel}","templated":true}]}}