{"id":4522,"date":"2024-04-12T20:21:18","date_gmt":"2024-04-12T13:21:18","guid":{"rendered":"https:\/\/tpenergy.com.vn\/?page_id=4522"},"modified":"2024-04-12T20:21:18","modified_gmt":"2024-04-12T13:21:18","slug":"chinh-sach-doi-tra","status":"publish","type":"page","link":"https:\/\/tpenergy.com.vn\/?page_id=4522","title":{"rendered":"Ch\u00ednh s\u00e1ch \u0111\u1ed5i tr\u1ea3"},"content":{"rendered":"<h3>\u0110\u1ed0I V\u1edaI S\u1ea2N PH\u1ea8M MUA B\u1eca L\u1ed6I<\/h3>\n<p>Qu\u00fd kh\u00e1ch vui l\u00f2ng ki\u1ec3m tra s\u1ea3n ph\u1ea9m tr\u01b0\u1edbc khi thanh to\u00e1n.<\/p>\n<p>Trong tr\u01b0\u1eddng h\u1ee3p s\u1ea3n ph\u1ea9m b\u1ecb h\u01b0 h\u1ea1i trong qu\u00e1 tr\u00ecnh v\u1eadn chuy\u1ec3n, qu\u00fd kh\u00e1ch vui l\u00f2ng quay phim, ch\u1ee5p h\u00ecnh g\u1eedi l\u1ea1i Thu\u1eadn Phong Energy \u0111\u1ec3 \u0111\u01b0\u1ee3c h\u01b0\u1edbng d\u1eabn g\u1eedi tr\u1ea3 l\u1ea1i s\u1ea3n ph\u1ea9m cho ch\u00fang t\u00f4i.<\/p>\n<p>S\u1ea3n ph\u1ea9m ch\u01b0a s\u1eed d\u1ee5ng sau khi giao h\u00e0ng th\u00e0nh c\u00f4ng n\u1ebfu ph\u00e1t hi\u1ec7n l\u1ed7i b\u00e1o ngay cho ch\u00fang t\u00f4i \u0111\u1ec3 \u0111\u01b0\u1ee3c h\u01b0\u1edbng d\u1eabn \u0111\u1ed5i tr\u1ea3.<\/p>\n<p>N\u1ebfu s\u1ea3n ph\u1ea9m giao cho b\u1ea1n kh\u00f4ng \u0111\u00fang v\u1edbi \u0111\u01a1n \u0111\u1eb7t h\u00e0ng. Vui l\u00f2ng li\u00ean h\u1ec7 ngay cho Thu\u1eadn Phong Energy, h\u1ec7 th\u1ed1ng c\u1ee7a ch\u00fang t\u00f4i s\u1ebd ki\u1ec3m tra n\u1ebfu h\u00e0ng c\u1ee7a b\u1ea1n b\u1ecb g\u1eedi nh\u1ea7m. Trong tr\u01b0\u1eddng h\u1ee3p \u0111\u00f3, ch\u00fang t\u00f4i s\u1ebd thay th\u1ebf \u0111\u00fang m\u1eb7t h\u00e0ng b\u1ea1n y\u00eau c\u1ea7u (khi c\u00f3 h\u00e0ng).<\/p>\n<h3>\u0110I\u1ec0U KI\u1ec6N \u0110\u1ed4I TR\u1ea2<\/h3>\n<p>Th\u1eddi gian \u0111\u1ed5i tr\u1ea3: trong v\u00f2ng 01 ng\u00e0y k\u1ec3 t\u1eeb khi nh\u1eadn \u0111\u01b0\u1ee3c h\u00e0ng v\u00e0 ph\u1ea3i li\u00ean h\u1ec7 g\u1ecdi ngay cho ch\u00fang t\u00f4i theo s\u1ed1 \u0111i\u1ec7n tho\u1ea1i tr\u00ean \u0111\u1ec3 \u0111\u01b0\u1ee3c x\u00e1c nh\u1eadn \u0111\u1ed5i tr\u1ea3 h\u00e0ng.<\/p>\n<p>S\u1ea3n ph\u1ea9m mu\u1ed1n \u0111\u1ed5i ho\u1eb7c tr\u1ea3 ph\u1ea3i l\u00e0:<\/p>\n<ul>\n<li>S\u1ea3n ph\u1ea9m g\u1eedi l\u1ea1i ph\u1ea3i c\u00f2n nguy\u00ean \u0111ai nguy\u00ean ki\u1ec7n.<\/li>\n<li>Phi\u1ebfu b\u1ea3o h\u00e0nh (n\u1ebfu c\u00f3) v\u00e0 tem c\u1ee7a c\u00f4ng ty tr\u00ean s\u1ea3n ph\u1ea9m c\u00f2n nguy\u00ean v\u1eb9n.<\/li>\n<li>S\u1ea3n ph\u1ea9m \u0111\u1ed5i\/ tr\u1ea3 ph\u1ea3i c\u00f2n \u0111\u1ea7y \u0111\u1ee7 h\u1ed9p, gi\u1ea5y H\u01b0\u1edbng d\u1eabn s\u1eed d\u1ee5ng v\u00e0 ch\u01b0a qua s\u1eed d\u1ee5ng.<\/li>\n<\/ul>\n<p>Qu\u00fd kh\u00e1ch ch\u1ecbu chi ph\u00ed v\u1eadn chuy\u1ec3n, \u0111\u00f3ng g\u00f3i, thu h\u1ed9 ti\u1ec1n, chi ph\u00ed li\u00ean l\u1ea1c t\u1ed1i \u0111a t\u01b0\u01a1ng \u0111\u01b0\u01a1ng 20% gi\u00e1 tr\u1ecb \u0111\u01a1n h\u00e0ng<\/p>\n<h3>QUY TR\u00ccNH \u0110\u1ed4I TR\u1ea2<\/h3>\n<p>Sau khi nh\u1eadn \u0111\u01b0\u1ee3c h\u00e0ng. Y\u00eau c\u1ea7u qu\u00fd v\u1ecb ki\u1ec3m tra k\u1ef9 1 l\u1ea7n tr\u01b0\u1edbc khi nh\u1eadn h\u00e0ng. N\u1ebfu c\u00f3 v\u1ea5n \u0111\u1ec1 xin vui l\u00f2ng li\u00ean h\u1ec7 Trung t\u00e2m h\u1ed7 tr\u1ee3 kh\u00e1ch h\u00e0ng c\u1ee7a Thu\u1eadn Phong Energy t\u1ea1i th\u1eddi \u0111i\u1ec3m nh\u00e2n vi\u00ean giao h\u00e0ng c\u00f2n \u1edf \u0111\u00f3.<\/p>\n<p>Tr\u01b0\u1eddng h\u1ee3p sau khi nh\u00e2n vi\u00ean giao h\u00e0ng \u0111\u00e3 \u0111i. N\u1ebfu mu\u1ed1n \u0111\u1ed5i tr\u1ea3 h\u00e0ng c\u00f3 th\u1ec3 li\u00ean h\u1ec7 v\u1edbi ch\u00fang t\u00f4i \u0111\u1ec3 \u0111\u01b0\u1ee3c x\u1eed l\u00fd v\u00e0 h\u1eb9n l\u1ecbch \u0111\u1ed5i tr\u1ea3 h\u00e0ng. Trung t\u00e2m h\u1ed7 tr\u1ee3 kh\u00e1ch h\u00e0ng s\u1ebd th\u00f4ng b\u00e1o l\u1ecbch h\u1eb9n nh\u1eadn h\u00e0ng tr\u1ea3.<\/p>\n<h3>\u0110\u1ecaA \u0110I\u1ec2M B\u1ea2O H\u00c0NH<\/h3>\n<p>Khi Qu\u00fd kh\u00e1ch c\u00f3 nhu c\u1ea7u b\u1ea3o h\u00e0nh, s\u1eeda ch\u1eefa ho\u1eb7c c\u00e1c d\u1ecbch v\u1ee5 h\u1ed7 tr\u1ee3 k\u1ef9 thu\u1eadt kh\u00e1c, vui l\u00f2ng li\u00ean h\u1ec7 Thu\u1eadn Phong Energy theo \u0111\u1ecba ch\u1ec9 ho\u1eb7c s\u1ed1 \u0111i\u1ec7n tho\u1ea1i sau \u0111\u00e2y:<\/p>\n<p>C\u00d4NG TY TNHH TH\u01af\u01a0NG M\u1ea0I D\u1ecaCH V\u1ee4 C\u01a0 \u0110I\u1ec6N THU\u1eacN PHONG<\/p>\n<p>\u0110\u1ecba ch\u1ec9: 30 Nguy\u1ec5n H\u1eefu D\u1eadt, Nam L\u00fd, \u0110\u1ed3ng H\u1edbi, Qu\u1ea3ng B\u00ecnh, Vi\u1ec7t Nam<\/p>\n<p>Email: info@tp-electric.vn<\/p>\n<p>Website: https:\/\/tpenergy.com.vn\/<\/p>\n<p>Hotline: 0869.564.567<\/p>\n<p>Hy v\u1ecdng v\u1edbi nh\u1eefng th\u00f4ng tin chi ti\u1ebft v\u1ec1 ch\u00ednh s\u00e1ch \u0111\u1ed5i tr\u1ea3 h\u00e0ng v\u00e0 d\u1ecbch v\u1ee5 h\u1ed7 tr\u1ee3 k\u1ef9 thu\u1eadt c\u1ee7a Thu\u1eadn Phong Energy tr\u00ean \u0111\u00e2y c\u00f3 th\u1ec3 gi\u00fap Qu\u00fd kh\u00e1ch y\u00ean t\u00e2m h\u01a1n trong qu\u00e1 tr\u00ecnh s\u1eed d\u1ee5ng s\u1ea3n ph\u1ea9m.<\/p>\n<p>Xin ch\u00e2n th\u00e0nh c\u1ea3m \u01a1n Qu\u00fd kh\u00e1ch!<\/p>\n","protected":false},"excerpt":{"rendered":"<p>\u0110\u1ed0I V\u1edaI S\u1ea2N PH\u1ea8M MUA B\u1eca L\u1ed6I Qu\u00fd kh\u00e1ch vui l\u00f2ng ki\u1ec3m tra s\u1ea3n ph\u1ea9m tr\u01b0\u1edbc khi thanh to\u00e1n. Trong tr\u01b0\u1eddng h\u1ee3p s\u1ea3n ph\u1ea9m b\u1ecb h\u01b0 h\u1ea1i trong qu\u00e1 tr\u00ecnh v\u1eadn chuy\u1ec3n, qu\u00fd kh\u00e1ch vui l\u00f2ng quay phim, ch\u1ee5p h\u00ecnh g\u1eedi l\u1ea1i Thu\u1eadn Phong Energy \u0111\u1ec3 \u0111\u01b0\u1ee3c h\u01b0\u1edbng d\u1eabn g\u1eedi tr\u1ea3 l\u1ea1i s\u1ea3n ph\u1ea9m cho&#8230;<\/p>\n","protected":false},"author":4,"featured_media":0,"parent":0,"menu_order":0,"comment_status":"closed","ping_status":"closed","template":"","meta":{"_eb_attr":"","footnotes":""},"class_list":["post-4522","page","type-page","status-publish","hentry"],"yoast_head":"<!-- This site is optimized with the Yoast SEO plugin v20.9 - https:\/\/yoast.com\/wordpress\/plugins\/seo\/ -->\r\n<title>Ch\u00ednh s\u00e1ch \u0111\u1ed5i tr\u1ea3 - Thuan Phong Solar Energy<\/title>\r\n<meta name=\"robots\" content=\"index, follow, max-snippet:-1, max-image-preview:large, max-video-preview:-1\" \/>\r\n<link rel=\"canonical\" href=\"https:\/\/tpenergy.com.vn\/?page_id=4522\" \/>\r\n<meta property=\"og:locale\" content=\"vi_VN\" \/>\r\n<meta property=\"og:type\" content=\"article\" \/>\r\n<meta property=\"og:title\" content=\"Ch\u00ednh s\u00e1ch \u0111\u1ed5i tr\u1ea3 - Thuan Phong Solar Energy\" \/>\r\n<meta property=\"og:description\" content=\"\u0110\u1ed0I V\u1edaI S\u1ea2N PH\u1ea8M MUA B\u1eca L\u1ed6I Qu\u00fd kh\u00e1ch vui l\u00f2ng ki\u1ec3m tra s\u1ea3n ph\u1ea9m tr\u01b0\u1edbc khi thanh to\u00e1n. Trong tr\u01b0\u1eddng h\u1ee3p s\u1ea3n ph\u1ea9m b\u1ecb h\u01b0 h\u1ea1i trong qu\u00e1 tr\u00ecnh v\u1eadn chuy\u1ec3n, qu\u00fd kh\u00e1ch vui l\u00f2ng quay phim, ch\u1ee5p h\u00ecnh g\u1eedi l\u1ea1i Thu\u1eadn Phong Energy \u0111\u1ec3 \u0111\u01b0\u1ee3c h\u01b0\u1edbng d\u1eabn g\u1eedi tr\u1ea3 l\u1ea1i s\u1ea3n ph\u1ea9m cho...\" \/>\r\n<meta property=\"og:url\" content=\"https:\/\/tpenergy.com.vn\/?page_id=4522\" \/>\r\n<meta property=\"og:site_name\" content=\"Thuan Phong Solar Energy\" \/>\r\n<meta name=\"twitter:card\" content=\"summary_large_image\" \/>\r\n<script type=\"application\/ld+json\" class=\"yoast-schema-graph\">{\"@context\":\"https:\/\/schema.org\",\"@graph\":[{\"@type\":\"WebPage\",\"@id\":\"https:\/\/tpenergy.com.vn\/?page_id=4522\",\"url\":\"https:\/\/tpenergy.com.vn\/?page_id=4522\",\"name\":\"Ch\u00ednh s\u00e1ch \u0111\u1ed5i tr\u1ea3 - Thuan Phong Solar Energy\",\"isPartOf\":{\"@id\":\"https:\/\/tpenergy.com.vn\/#website\"},\"datePublished\":\"2024-04-12T13:21:18+00:00\",\"dateModified\":\"2024-04-12T13:21:18+00:00\",\"breadcrumb\":{\"@id\":\"https:\/\/tpenergy.com.vn\/?page_id=4522#breadcrumb\"},\"inLanguage\":\"vi\",\"potentialAction\":[{\"@type\":\"ReadAction\",\"target\":[\"https:\/\/tpenergy.com.vn\/?page_id=4522\"]}]},{\"@type\":\"BreadcrumbList\",\"@id\":\"https:\/\/tpenergy.com.vn\/?page_id=4522#breadcrumb\",\"itemListElement\":[{\"@type\":\"ListItem\",\"position\":1,\"name\":\"Trang ch\u1ee7\",\"item\":\"https:\/\/tpenergy.com.vn\/\"},{\"@type\":\"ListItem\",\"position\":2,\"name\":\"Ch\u00ednh s\u00e1ch \u0111\u1ed5i tr\u1ea3\"}]},{\"@type\":\"WebSite\",\"@id\":\"https:\/\/tpenergy.com.vn\/#website\",\"url\":\"https:\/\/tpenergy.com.vn\/\",\"name\":\"Thuan Phong Solar Energy\",\"description\":\"\",\"potentialAction\":[{\"@type\":\"SearchAction\",\"target\":{\"@type\":\"EntryPoint\",\"urlTemplate\":\"https:\/\/tpenergy.com.vn\/?s={search_term_string}\"},\"query-input\":\"required name=search_term_string\"}],\"inLanguage\":\"vi\"}]}<\/script>\r\n<!-- \/ Yoast SEO plugin. -->","yoast_head_json":{"title":"Ch\u00ednh s\u00e1ch \u0111\u1ed5i tr\u1ea3 - Thuan Phong Solar Energy","robots":{"index":"index","follow":"follow","max-snippet":"max-snippet:-1","max-image-preview":"max-image-preview:large","max-video-preview":"max-video-preview:-1"},"canonical":"https:\/\/tpenergy.com.vn\/?page_id=4522","og_locale":"vi_VN","og_type":"article","og_title":"Ch\u00ednh s\u00e1ch \u0111\u1ed5i tr\u1ea3 - Thuan Phong Solar Energy","og_description":"\u0110\u1ed0I V\u1edaI S\u1ea2N PH\u1ea8M MUA B\u1eca L\u1ed6I Qu\u00fd kh\u00e1ch vui l\u00f2ng ki\u1ec3m tra s\u1ea3n ph\u1ea9m tr\u01b0\u1edbc khi thanh to\u00e1n. Trong tr\u01b0\u1eddng h\u1ee3p s\u1ea3n ph\u1ea9m b\u1ecb h\u01b0 h\u1ea1i trong qu\u00e1 tr\u00ecnh v\u1eadn chuy\u1ec3n, qu\u00fd kh\u00e1ch vui l\u00f2ng quay phim, ch\u1ee5p h\u00ecnh g\u1eedi l\u1ea1i Thu\u1eadn Phong Energy \u0111\u1ec3 \u0111\u01b0\u1ee3c h\u01b0\u1edbng d\u1eabn g\u1eedi tr\u1ea3 l\u1ea1i s\u1ea3n ph\u1ea9m cho...","og_url":"https:\/\/tpenergy.com.vn\/?page_id=4522","og_site_name":"Thuan Phong Solar Energy","twitter_card":"summary_large_image","schema":{"@context":"https:\/\/schema.org","@graph":[{"@type":"WebPage","@id":"https:\/\/tpenergy.com.vn\/?page_id=4522","url":"https:\/\/tpenergy.com.vn\/?page_id=4522","name":"Ch\u00ednh s\u00e1ch \u0111\u1ed5i tr\u1ea3 - Thuan Phong Solar Energy","isPartOf":{"@id":"https:\/\/tpenergy.com.vn\/#website"},"datePublished":"2024-04-12T13:21:18+00:00","dateModified":"2024-04-12T13:21:18+00:00","breadcrumb":{"@id":"https:\/\/tpenergy.com.vn\/?page_id=4522#breadcrumb"},"inLanguage":"vi","potentialAction":[{"@type":"ReadAction","target":["https:\/\/tpenergy.com.vn\/?page_id=4522"]}]},{"@type":"BreadcrumbList","@id":"https:\/\/tpenergy.com.vn\/?page_id=4522#breadcrumb","itemListElement":[{"@type":"ListItem","position":1,"name":"Trang ch\u1ee7","item":"https:\/\/tpenergy.com.vn\/"},{"@type":"ListItem","position":2,"name":"Ch\u00ednh s\u00e1ch \u0111\u1ed5i tr\u1ea3"}]},{"@type":"WebSite","@id":"https:\/\/tpenergy.com.vn\/#website","url":"https:\/\/tpenergy.com.vn\/","name":"Thuan Phong Solar Energy","description":"","potentialAction":[{"@type":"SearchAction","target":{"@type":"EntryPoint","urlTemplate":"https:\/\/tpenergy.com.vn\/?s={search_term_string}"},"query-input":"required name=search_term_string"}],"inLanguage":"vi"}]}},"_links":{"self":[{"href":"https:\/\/tpenergy.com.vn\/index.php?rest_route=\/wp\/v2\/pages\/4522"}],"collection":[{"href":"https:\/\/tpenergy.com.vn\/index.php?rest_route=\/wp\/v2\/pages"}],"about":[{"href":"https:\/\/tpenergy.com.vn\/index.php?rest_route=\/wp\/v2\/types\/page"}],"author":[{"embeddable":true,"href":"https:\/\/tpenergy.com.vn\/index.php?rest_route=\/wp\/v2\/users\/4"}],"replies":[{"embeddable":true,"href":"https:\/\/tpenergy.com.vn\/index.php?rest_route=%2Fwp%2Fv2%2Fcomments&post=4522"}],"version-history":[{"count":1,"href":"https:\/\/tpenergy.com.vn\/index.php?rest_route=\/wp\/v2\/pages\/4522\/revisions"}],"predecessor-version":[{"id":4523,"href":"https:\/\/tpenergy.com.vn\/index.php?rest_route=\/wp\/v2\/pages\/4522\/revisions\/4523"}],"wp:attachment":[{"href":"https:\/\/tpenergy.com.vn\/index.php?rest_route=%2Fwp%2Fv2%2Fmedia&parent=4522"}],"curies":[{"name":"wp","href":"https:\/\/api.w.org\/{rel}","templated":true}]}}