{"id":4520,"date":"2024-04-12T20:20:41","date_gmt":"2024-04-12T13:20:41","guid":{"rendered":"https:\/\/tpenergy.com.vn\/?page_id=4520"},"modified":"2024-04-12T20:20:41","modified_gmt":"2024-04-12T13:20:41","slug":"chinh-sach-thanh-toan","status":"publish","type":"page","link":"https:\/\/tpenergy.com.vn\/?page_id=4520","title":{"rendered":"Ch\u00ednh s\u00e1ch thanh to\u00e1n"},"content":{"rendered":"<p>Nh\u1eb1m mang \u0111\u1ebfn cho Qu\u00fd kh\u00e1ch nh\u1eefng tr\u1ea3i nghi\u1ec7m mua s\u1eafm tr\u1ef1c tuy\u1ebfn tuy\u1ec7t v\u1eddi nh\u1ea5t t\u1ea1i Thu\u1eadn Phong Energy, ch\u00fang t\u00f4i \u0111\u01b0a ra nhi\u1ec1u ph\u01b0\u01a1ng th\u1ee9c thanh to\u00e1n \u0111\u1ec3 Qu\u00fd kh\u00e1ch d\u1ec5 d\u00e0ng l\u1ef1a ch\u1ecdn ph\u00f9 h\u1ee3p nh\u1ea5t:<\/p>\n<h3>1. Mua h\u00e0ng v\u00e0 thanh to\u00e1n tr\u1ef1c ti\u1ebfp t\u1ea1i c\u1eeda h\u00e0ng:<\/h3>\n<p>&#8211; \u0110\u1ecba ch\u1ec9: 30 Nguy\u1ec5n H\u1eefu D\u1eadt, Nam L\u00fd, \u0110\u1ed3ng H\u1edbi, Qu\u1ea3ng B\u00ecnh<\/p>\n<p>&#8211; Th\u1eddi gian: M\u1edf c\u1eeda t\u1eeb 8h00 \u2013 18h00 c\u00e1c ng\u00e0y t\u1eeb th\u1ee9 2-th\u1ee9 7 (Ch\u1ee7 nh\u1eadt ngh\u1ec9).<\/p>\n<p>&#8211; H\u00ecnh th\u1ee9c thanh to\u00e1n: Ch\u00fang t\u00f4i nh\u1eadn thanh to\u00e1n b\u1eb1ng th\u1ebb VISA, MasterCard, VNPAYQR, MOMO v\u00e0 c\u00e1c th\u1ebb n\u1ed9i \u0111\u1ecba kh\u00e1c.<\/p>\n<h3>2. \u0110\u1eb7t h\u00e0ng v\u00e0 giao t\u1eadn n\u01a1i:<\/h3>\n<p>Qu\u00fd kh\u00e1ch c\u00f3 th\u1ec3 \u0111\u1eb7t h\u00e0ng b\u1eb1ng c\u00e1ch:<\/p>\n<p>&#8211; Website: tpenergy.com.vn<\/p>\n<p>&#8211; \u0110i\u1ec7n tho\u1ea1i: 0869 56 4567<\/p>\n<p>&#8211; H\u00ecnh th\u1ee9c thanh to\u00e1n<\/p>\n<p>Chuy\u1ec3n kho\u1ea3n qua ng\u00e2n h\u00e0ng<\/p>\n<p>T\u00ean: CONG TY TNHH TMDV CO DIEN THUAN PHONG<\/p>\n<p>STK: 110608609999<\/p>\n<p>Ng\u00e2n h\u00e0ng TMCP C\u00f4ng th\u01b0\u01a1ng Vi\u1ec7t Nam &#8211; CN Qu\u1ea3ng B\u00ecnh.<\/p>\n<p>*Ch\u00fa \u00fd: \u0110\u1ec3 \u0111\u1eb7t mua h\u00e0ng, vui l\u00f2ng thanh to\u00e1n chuy\u1ec3n kho\u1ea3n tr\u01b0\u1edbc. Nh\u00e2n vi\u00ean c\u1ee7a Thu\u1eadn Phong Energy s\u1ebd li\u00ean h\u1ec7 tr\u1ef1c ti\u1ebfp v\u1edbi b\u1ea1n \u0111\u1ec3 x\u00e1c nh\u1eadn thanh to\u00e1n.<\/p>\n<p>Ch\u00ednh s\u00e1ch ho\u00e0n ti\u1ec1n s\u1ebd \u0111\u01b0\u1ee3c \u00e1p d\u1ee5ng cho nh\u1eefng tr\u01b0\u1eddng h\u1ee3p sau:<\/p>\n<p>S\u1ea3n ph\u1ea9m qu\u00fd kh\u00e1ch \u0111\u1eb7t h\u00e0ng v\u00e0 \u0111\u00e3 thanh to\u00e1n chuy\u1ec3n kho\u1ea3n, nh\u01b0ng ch\u00fang t\u00f4i \u0111\u00e3 h\u1ebft h\u00e0ng.<\/p>\n<p>Tr\u01b0\u1eddng h\u1ee3p l\u1ed7i s\u1ea3n ph\u1ea9m do nh\u00e0 s\u1ea3n xu\u1ea5t ho\u1eb7c \u0111\u01a1n v\u1ecb v\u1eadn chuy\u1ec3n l\u00e0m h\u01b0 h\u1ecfng.<\/p>\n<p>Ho\u00e0n ti\u1ec1n theo ch\u00ednh s\u00e1ch \u0111\u1ed5i tr\u1ea3 h\u00e0ng.<\/p>\n<p>Th\u1eddi gian ho\u00e0n ti\u1ec1n trong v\u00f2ng 3 ng\u00e0y k\u1ec3 t\u1eeb ng\u00e0y nh\u1eadn \u0111\u01b0\u1ee3c y\u00eau c\u1ea7u.<\/p>\n","protected":false},"excerpt":{"rendered":"<p>Nh\u1eb1m mang \u0111\u1ebfn cho Qu\u00fd kh\u00e1ch nh\u1eefng tr\u1ea3i nghi\u1ec7m mua s\u1eafm tr\u1ef1c tuy\u1ebfn tuy\u1ec7t v\u1eddi nh\u1ea5t t\u1ea1i Thu\u1eadn Phong Energy, ch\u00fang t\u00f4i \u0111\u01b0a ra nhi\u1ec1u ph\u01b0\u01a1ng th\u1ee9c thanh to\u00e1n \u0111\u1ec3 Qu\u00fd kh\u00e1ch d\u1ec5 d\u00e0ng l\u1ef1a ch\u1ecdn ph\u00f9 h\u1ee3p nh\u1ea5t: 1. Mua h\u00e0ng v\u00e0 thanh to\u00e1n tr\u1ef1c ti\u1ebfp t\u1ea1i c\u1eeda h\u00e0ng: &#8211; \u0110\u1ecba ch\u1ec9: 30 Nguy\u1ec5n&#8230;<\/p>\n","protected":false},"author":4,"featured_media":0,"parent":0,"menu_order":0,"comment_status":"closed","ping_status":"closed","template":"","meta":{"_eb_attr":"","footnotes":""},"class_list":["post-4520","page","type-page","status-publish","hentry"],"yoast_head":"<!-- This site is optimized with the Yoast SEO plugin v20.9 - https:\/\/yoast.com\/wordpress\/plugins\/seo\/ -->\r\n<title>Ch\u00ednh s\u00e1ch thanh to\u00e1n - Thuan Phong Solar Energy<\/title>\r\n<meta name=\"robots\" content=\"index, follow, max-snippet:-1, max-image-preview:large, max-video-preview:-1\" \/>\r\n<link rel=\"canonical\" href=\"https:\/\/tpenergy.com.vn\/?page_id=4520\" \/>\r\n<meta property=\"og:locale\" content=\"vi_VN\" \/>\r\n<meta property=\"og:type\" content=\"article\" \/>\r\n<meta property=\"og:title\" content=\"Ch\u00ednh s\u00e1ch thanh to\u00e1n - Thuan Phong Solar Energy\" \/>\r\n<meta property=\"og:description\" content=\"Nh\u1eb1m mang \u0111\u1ebfn cho Qu\u00fd kh\u00e1ch nh\u1eefng tr\u1ea3i nghi\u1ec7m mua s\u1eafm tr\u1ef1c tuy\u1ebfn tuy\u1ec7t v\u1eddi nh\u1ea5t t\u1ea1i Thu\u1eadn Phong Energy, ch\u00fang t\u00f4i \u0111\u01b0a ra nhi\u1ec1u ph\u01b0\u01a1ng th\u1ee9c thanh to\u00e1n \u0111\u1ec3 Qu\u00fd kh\u00e1ch d\u1ec5 d\u00e0ng l\u1ef1a ch\u1ecdn ph\u00f9 h\u1ee3p nh\u1ea5t: 1. Mua h\u00e0ng v\u00e0 thanh to\u00e1n tr\u1ef1c ti\u1ebfp t\u1ea1i c\u1eeda h\u00e0ng: &#8211; \u0110\u1ecba ch\u1ec9: 30 Nguy\u1ec5n...\" \/>\r\n<meta property=\"og:url\" content=\"https:\/\/tpenergy.com.vn\/?page_id=4520\" \/>\r\n<meta property=\"og:site_name\" content=\"Thuan Phong Solar Energy\" \/>\r\n<meta name=\"twitter:card\" content=\"summary_large_image\" \/>\r\n<script type=\"application\/ld+json\" class=\"yoast-schema-graph\">{\"@context\":\"https:\/\/schema.org\",\"@graph\":[{\"@type\":\"WebPage\",\"@id\":\"https:\/\/tpenergy.com.vn\/?page_id=4520\",\"url\":\"https:\/\/tpenergy.com.vn\/?page_id=4520\",\"name\":\"Ch\u00ednh s\u00e1ch thanh to\u00e1n - Thuan Phong Solar Energy\",\"isPartOf\":{\"@id\":\"https:\/\/tpenergy.com.vn\/#website\"},\"datePublished\":\"2024-04-12T13:20:41+00:00\",\"dateModified\":\"2024-04-12T13:20:41+00:00\",\"breadcrumb\":{\"@id\":\"https:\/\/tpenergy.com.vn\/?page_id=4520#breadcrumb\"},\"inLanguage\":\"vi\",\"potentialAction\":[{\"@type\":\"ReadAction\",\"target\":[\"https:\/\/tpenergy.com.vn\/?page_id=4520\"]}]},{\"@type\":\"BreadcrumbList\",\"@id\":\"https:\/\/tpenergy.com.vn\/?page_id=4520#breadcrumb\",\"itemListElement\":[{\"@type\":\"ListItem\",\"position\":1,\"name\":\"Trang ch\u1ee7\",\"item\":\"https:\/\/tpenergy.com.vn\/\"},{\"@type\":\"ListItem\",\"position\":2,\"name\":\"Ch\u00ednh s\u00e1ch thanh to\u00e1n\"}]},{\"@type\":\"WebSite\",\"@id\":\"https:\/\/tpenergy.com.vn\/#website\",\"url\":\"https:\/\/tpenergy.com.vn\/\",\"name\":\"Thuan Phong Solar Energy\",\"description\":\"\",\"potentialAction\":[{\"@type\":\"SearchAction\",\"target\":{\"@type\":\"EntryPoint\",\"urlTemplate\":\"https:\/\/tpenergy.com.vn\/?s={search_term_string}\"},\"query-input\":\"required name=search_term_string\"}],\"inLanguage\":\"vi\"}]}<\/script>\r\n<!-- \/ Yoast SEO plugin. -->","yoast_head_json":{"title":"Ch\u00ednh s\u00e1ch thanh to\u00e1n - Thuan Phong Solar Energy","robots":{"index":"index","follow":"follow","max-snippet":"max-snippet:-1","max-image-preview":"max-image-preview:large","max-video-preview":"max-video-preview:-1"},"canonical":"https:\/\/tpenergy.com.vn\/?page_id=4520","og_locale":"vi_VN","og_type":"article","og_title":"Ch\u00ednh s\u00e1ch thanh to\u00e1n - Thuan Phong Solar Energy","og_description":"Nh\u1eb1m mang \u0111\u1ebfn cho Qu\u00fd kh\u00e1ch nh\u1eefng tr\u1ea3i nghi\u1ec7m mua s\u1eafm tr\u1ef1c tuy\u1ebfn tuy\u1ec7t v\u1eddi nh\u1ea5t t\u1ea1i Thu\u1eadn Phong Energy, ch\u00fang t\u00f4i \u0111\u01b0a ra nhi\u1ec1u ph\u01b0\u01a1ng th\u1ee9c thanh to\u00e1n \u0111\u1ec3 Qu\u00fd kh\u00e1ch d\u1ec5 d\u00e0ng l\u1ef1a ch\u1ecdn ph\u00f9 h\u1ee3p nh\u1ea5t: 1. Mua h\u00e0ng v\u00e0 thanh to\u00e1n tr\u1ef1c ti\u1ebfp t\u1ea1i c\u1eeda h\u00e0ng: &#8211; \u0110\u1ecba ch\u1ec9: 30 Nguy\u1ec5n...","og_url":"https:\/\/tpenergy.com.vn\/?page_id=4520","og_site_name":"Thuan Phong Solar Energy","twitter_card":"summary_large_image","schema":{"@context":"https:\/\/schema.org","@graph":[{"@type":"WebPage","@id":"https:\/\/tpenergy.com.vn\/?page_id=4520","url":"https:\/\/tpenergy.com.vn\/?page_id=4520","name":"Ch\u00ednh s\u00e1ch thanh to\u00e1n - Thuan Phong Solar Energy","isPartOf":{"@id":"https:\/\/tpenergy.com.vn\/#website"},"datePublished":"2024-04-12T13:20:41+00:00","dateModified":"2024-04-12T13:20:41+00:00","breadcrumb":{"@id":"https:\/\/tpenergy.com.vn\/?page_id=4520#breadcrumb"},"inLanguage":"vi","potentialAction":[{"@type":"ReadAction","target":["https:\/\/tpenergy.com.vn\/?page_id=4520"]}]},{"@type":"BreadcrumbList","@id":"https:\/\/tpenergy.com.vn\/?page_id=4520#breadcrumb","itemListElement":[{"@type":"ListItem","position":1,"name":"Trang ch\u1ee7","item":"https:\/\/tpenergy.com.vn\/"},{"@type":"ListItem","position":2,"name":"Ch\u00ednh s\u00e1ch thanh to\u00e1n"}]},{"@type":"WebSite","@id":"https:\/\/tpenergy.com.vn\/#website","url":"https:\/\/tpenergy.com.vn\/","name":"Thuan Phong Solar Energy","description":"","potentialAction":[{"@type":"SearchAction","target":{"@type":"EntryPoint","urlTemplate":"https:\/\/tpenergy.com.vn\/?s={search_term_string}"},"query-input":"required name=search_term_string"}],"inLanguage":"vi"}]}},"_links":{"self":[{"href":"https:\/\/tpenergy.com.vn\/index.php?rest_route=\/wp\/v2\/pages\/4520"}],"collection":[{"href":"https:\/\/tpenergy.com.vn\/index.php?rest_route=\/wp\/v2\/pages"}],"about":[{"href":"https:\/\/tpenergy.com.vn\/index.php?rest_route=\/wp\/v2\/types\/page"}],"author":[{"embeddable":true,"href":"https:\/\/tpenergy.com.vn\/index.php?rest_route=\/wp\/v2\/users\/4"}],"replies":[{"embeddable":true,"href":"https:\/\/tpenergy.com.vn\/index.php?rest_route=%2Fwp%2Fv2%2Fcomments&post=4520"}],"version-history":[{"count":1,"href":"https:\/\/tpenergy.com.vn\/index.php?rest_route=\/wp\/v2\/pages\/4520\/revisions"}],"predecessor-version":[{"id":4521,"href":"https:\/\/tpenergy.com.vn\/index.php?rest_route=\/wp\/v2\/pages\/4520\/revisions\/4521"}],"wp:attachment":[{"href":"https:\/\/tpenergy.com.vn\/index.php?rest_route=%2Fwp%2Fv2%2Fmedia&parent=4520"}],"curies":[{"name":"wp","href":"https:\/\/api.w.org\/{rel}","templated":true}]}}