{"id":4518,"date":"2024-04-12T20:19:00","date_gmt":"2024-04-12T13:19:00","guid":{"rendered":"https:\/\/tpenergy.com.vn\/?page_id=4518"},"modified":"2024-04-12T20:19:00","modified_gmt":"2024-04-12T13:19:00","slug":"huong-dan-mua-hang","status":"publish","type":"page","link":"https:\/\/tpenergy.com.vn\/?page_id=4518","title":{"rendered":"H\u01b0\u1edbng d\u1eabn mua h\u00e0ng"},"content":{"rendered":"<p>Thu\u1eadn Phong Energy K\u00ednh Ch\u00e0o Qu\u00fd Kh\u00e1ch!<\/p>\n<p>Ch\u00e2n th\u00e0nh c\u1ea3m \u01a1n qu\u00fd kh\u00e1ch \u0111\u00e3 tin t\u01b0\u1edfng v\u00e0 s\u1eed d\u1ee5ng s\u1ea3n ph\u1ea9m c\u1ee7a ch\u00fang t\u00f4i. D\u01b0\u1edbi \u0111\u00e2y l\u00e0 4 c\u00e1ch m\u00e0 b\u1ea1n c\u00f3 th\u1ec3 l\u1ef1a ch\u1ecdn \u0111\u1ec3 mua h\u00e0ng nh\u01b0 sau:<\/p>\n<p><strong>C\u00e1ch 1: Li\u00ean h\u1ec7 qua \u0111i\u1ec7n tho\u1ea1i<\/strong><\/p>\n<p>Qu\u00fd kh\u00e1ch c\u00f3 th\u1ec3 g\u1ecdi \u0111i\u1ec7n \u0111\u1ebfn s\u1ed1 \u0111i\u1ec7n tho\u1ea1i 0869 56 4567 \u0111\u1ec3 \u0111\u1eb7t h\u00e0ng v\u00e0 x\u00e1c nh\u1eadn th\u1eddi gian giao h\u00e0ng. Ho\u1eb7c Qu\u00fd kh\u00e1ch c\u00f3 th\u1ec3 \u0111\u1ec3 l\u1ea1i l\u1eddi nh\u1eafn, ch\u00fang t\u00f4i s\u1ebd li\u00ean h\u1ec7 l\u1ea1i \u0111\u1ec3 x\u00e1c nh\u1eadn.<\/p>\n<p><strong>C\u00e1ch 2: \u0110\u1eb7t h\u00e0ng tr\u1ef1c ti\u1ebfp tr\u00ean website: tpenergy.com.vn b\u1eb1ng c\u00e1ch click chu\u1ed9t v\u00e0o \u00f4: \u201d TH\u00caM V\u00c0O GI\u1ece H\u00c0NG \u201d b\u00ean d\u01b0\u1edbi m\u1ed7i s\u1ea3n ph\u1ea9m.<\/strong><\/p>\n<p>C\u00e1c y\u00eau c\u1ea7u th\u00f4ng tin \u0111\u01a1n h\u00e0ng c\u1ea7n c\u00f3:<br \/>\nT\u00ean ng\u01b0\u1eddi mua h\u00e0ng:<br \/>\n\u0110i\u1ec7n tho\u1ea1i ng\u01b0\u1eddi mua h\u00e0ng:<br \/>\nT\u00ean ng\u01b0\u1eddi nh\u1eadn: (n\u1ebfu c\u00f3)<br \/>\n\u0110i\u1ec7n tho\u1ea1i ng\u01b0\u1eddi nh\u1eadn: (n\u1ebfu c\u00f3)<br \/>\n\u0110\u1ecba ch\u1ec9 nh\u1eadn h\u00e0ng:<br \/>\nL\u1eddi ch\u00fac, th\u00f4ng \u0111i\u1ec7p, n\u1ed9i dung\u2026 (n\u1ebfu c\u00f3)<br \/>\nH\u00ecnh th\u1ee9c thanh to\u00e1n:<br \/>\nT\u00ean v\u00e0 m\u00e3 s\u1ea3n ph\u1ea9m:<\/p>\n<p>Thu\u1eadn Phong Energy \u01b0u ti\u00ean x\u1eed l\u00fd v\u00e0 Ch\u00fang t\u00f4i s\u1ebd g\u1ecdi l\u1ea1i cho b\u1ea1n \u0111\u1ec3 x\u00e1c nh\u1eadn \u0111\u01a1n h\u00e0ng tr\u01b0\u1edbc khi giao.<\/p>\n<p><strong>C\u00e1ch 3: G\u1eedi th\u00f4ng tin chi ti\u1ebft<\/strong><\/p>\n<p>G\u1eedi th\u00f4ng tin chi ti\u1ebft v\u1ec1 s\u1ea3n ph\u1ea9m g\u1ed3m c\u00f3: t\u00ean s\u1ea3n ph\u1ea9m (m\u00e3 s\u1ea3n ph\u1ea9m), s\u1ed1 l\u01b0\u1ee3ng, \u0111\u1ecba ch\u1ec9 li\u00ean l\u1ea1c, s\u1ed1 \u0111i\u1ec7n tho\u1ea1i v\u00e0 t\u00ean c\u1ee7a Qu\u00fd kh\u00e1ch \u0111\u1ebfn \u1ee9ng d\u1ee5ng ZaloOA c\u1ee7a Thu\u1eadn Phong Energy.<\/p>\n<p>\u0110\u1ec3 truy c\u1eadp ZaloOA, Qu\u00fd kh\u00e1ch vui l\u00f2ng \u1ea5n v\u00e0o bi\u1ec3u t\u01b0\u1ee3ng Zalo g\u00f3c b\u00ean ph\u1ea3i m\u00e0n h\u00ecnh ho\u1eb7c nh\u1eadp t\u00ecm ki\u1ebfm b\u1eb1ng s\u1ed1 \u0111i\u1ec7n tho\u1ea1i 0869564567.<\/p>\n<p>Ch\u00fang t\u00f4i s\u1ebd g\u1ecdi l\u1ea1i cho b\u1ea1n \u0111\u1ec3 x\u00e1c nh\u1eadn \u0111\u01a1n h\u00e0ng tr\u01b0\u1edbc khi giao.<\/p>\n<p><strong>C\u00e1ch 4: \u0110\u1ebfn tr\u1ef1c ti\u1ebfp c\u1eeda h\u00e0ng c\u1ee7a c\u00f4ng ty \u0111\u1ec3 mua h\u00e0ng v\u00e0 \u0111\u01b0\u1ee3c t\u01b0 v\u1ea5n mi\u1ec5n ph\u00ed t\u1ea1i c\u00e1c \u0111\u1ecba ch\u1ec9 : 30 Nguy\u1ec5n H\u1eefu D\u1eadt, Nam L\u00fd, \u0110\u1ed3ng H\u1edbi, Qu\u1ea3ng B\u00ecnh<\/strong><\/p>\n<p><strong>M\u1ed8T S\u1ed0 C\u00c2U H\u1eceI TH\u01af\u1edcNG G\u1eb6P<\/strong><\/p>\n<p>T\u00f4i \u0111\u00e3 \u0111\u1eb7t h\u00e0ng v\u00e0 x\u00e1c nh\u1eadn thanh to\u00e1n t\u1eeb website \u201ctpenergy.com.vn\u201d T\u00f4i ph\u1ea3i l\u00e0m g\u00ec ti\u1ebfp theo?<\/p>\n<p>Tr\u1ea3 l\u1eddi:<\/p>\n<p>\u2013 Ngay sau khi qu\u00fd kh\u00e1ch \u0111\u1eb7t h\u00e0ng th\u00e0nh c\u00f4ng, b\u1ea1n ch\u1ec9 c\u1ea7n \u0111\u1ec3 \u0111i\u1ec7n tho\u1ea1i \u1edf ch\u1ebf \u0111\u1ed9 li\u00ean l\u1ea1c v\u00e0 ki\u1ec3m tra email\/Zalo n\u1ebfu thu\u1eadn ti\u1ec7n. Thu\u1eadn Phong Energy s\u1ebd nhanh ch\u00f3ng x\u00e1c nh\u1eadn \u0111\u01a1n h\u00e0ng v\u00e0 li\u00ean h\u1ec7 v\u1edbi qu\u00fd kh\u00e1ch.<\/p>\n<p>\u2013 Sau khi qu\u00e1 tr\u00ecnh x\u00e1c minh th\u00e0nh c\u00f4ng, \u0111\u01a1n h\u00e0ng s\u1ebd \u0111\u01b0\u1ee3c giao \u0111\u1ebfn qu\u00fd kh\u00e1ch trong kho\u1ea3ng 24 gi\u1edd . Ngo\u00e0i ra, qu\u00fd kh\u00e1ch c\u00f3 th\u1ec3 ki\u1ec3m tra t\u00ecnh tr\u1ea1ng \u0111\u01a1n h\u00e0ng b\u1ea5t c\u1ee9 l\u00fac n\u00e0o mu\u1ed1n qua \u0111i\u1ec7n tho\u1ea1i, email ho\u1eb7c Zalo.<\/p>\n<p>Sau bao l\u00e2u th\u00ec t\u00f4i c\u00f3 th\u1ec3 nh\u1eadn \u0111\u01b0\u1ee3c h\u00e0ng m\u00ecnh \u0111\u00e3 \u0111\u1eb7t?<\/p>\n<p>Tr\u1ea3 l\u1eddi: Th\u1eddi gian x\u00e1c minh giao d\u1ecbch c\u1ee7a Thu\u1eadn Phong Energy trung b\u00ecnh t\u1eeb 1 \u2013 3 ng\u00e0y l\u00e0m vi\u1ec7c k\u1ec3 t\u1eeb th\u1eddi \u0111i\u1ec3m qu\u00fd kh\u00e1ch \u0111\u1eb7t h\u00e0ng.<\/p>\n<p>\u2013 Tuy nhi\u00ean trong m\u1ed9t s\u1ed1 tr\u01b0\u1eddng h\u1ee3p c\u00f3 th\u1ec3 k\u00e9o d\u00e0i h\u01a1n th\u1eddi gian tr\u00ean nh\u01b0ng kh\u00f4ng qu\u00e1 7 ng\u00e0y l\u00e0m vi\u1ec7c t\u1eeb khi qu\u00fd kh\u00e1ch \u0111\u1eb7t h\u00e0ng.<\/p>\n<p>Ch\u00fac Qu\u00fd Kh\u00e1ch S\u1ebd C\u00f3 Nh\u1eefng Tr\u1ea3i Nghi\u1ec7m Mua S\u1eafm Th\u00fa V\u1ecb C\u00f9ng Thu\u1eadn Phong Energy.<\/p>\n<p>N\u1ebfu Qu\u00fd kh\u00e1ch g\u1eb7p v\u1ea5n \u0111\u1ec1 g\u00ec khi mua s\u1eafm t\u1ea1i website, xin li\u00ean h\u1ec7 hotline ho\u1eb7c ph\u1ea3n h\u1ed3i qua email \u0111\u1ec3 \u0111\u01b0\u1ee3c h\u1ed7 tr\u1ee3 k\u1ecbp th\u1eddi.<\/p>\n","protected":false},"excerpt":{"rendered":"<p>Thu\u1eadn Phong Energy K\u00ednh Ch\u00e0o Qu\u00fd Kh\u00e1ch! Ch\u00e2n th\u00e0nh c\u1ea3m \u01a1n qu\u00fd kh\u00e1ch \u0111\u00e3 tin t\u01b0\u1edfng v\u00e0 s\u1eed d\u1ee5ng s\u1ea3n ph\u1ea9m c\u1ee7a ch\u00fang t\u00f4i. D\u01b0\u1edbi \u0111\u00e2y l\u00e0 4 c\u00e1ch m\u00e0 b\u1ea1n c\u00f3 th\u1ec3 l\u1ef1a ch\u1ecdn \u0111\u1ec3 mua h\u00e0ng nh\u01b0 sau: C\u00e1ch 1: Li\u00ean h\u1ec7 qua \u0111i\u1ec7n tho\u1ea1i Qu\u00fd kh\u00e1ch c\u00f3 th\u1ec3 g\u1ecdi \u0111i\u1ec7n \u0111\u1ebfn s\u1ed1&#8230;<\/p>\n","protected":false},"author":4,"featured_media":0,"parent":0,"menu_order":0,"comment_status":"closed","ping_status":"closed","template":"","meta":{"_eb_attr":"","footnotes":""},"class_list":["post-4518","page","type-page","status-publish","hentry"],"yoast_head":"<!-- This site is optimized with the Yoast SEO plugin v20.9 - https:\/\/yoast.com\/wordpress\/plugins\/seo\/ -->\r\n<title>H\u01b0\u1edbng d\u1eabn mua h\u00e0ng - Thuan Phong Solar Energy<\/title>\r\n<meta name=\"robots\" content=\"index, follow, max-snippet:-1, max-image-preview:large, max-video-preview:-1\" \/>\r\n<link rel=\"canonical\" href=\"https:\/\/tpenergy.com.vn\/?page_id=4518\" \/>\r\n<meta property=\"og:locale\" content=\"vi_VN\" \/>\r\n<meta property=\"og:type\" content=\"article\" \/>\r\n<meta property=\"og:title\" content=\"H\u01b0\u1edbng d\u1eabn mua h\u00e0ng - Thuan Phong Solar Energy\" \/>\r\n<meta property=\"og:description\" content=\"Thu\u1eadn Phong Energy K\u00ednh Ch\u00e0o Qu\u00fd Kh\u00e1ch! Ch\u00e2n th\u00e0nh c\u1ea3m \u01a1n qu\u00fd kh\u00e1ch \u0111\u00e3 tin t\u01b0\u1edfng v\u00e0 s\u1eed d\u1ee5ng s\u1ea3n ph\u1ea9m c\u1ee7a ch\u00fang t\u00f4i. D\u01b0\u1edbi \u0111\u00e2y l\u00e0 4 c\u00e1ch m\u00e0 b\u1ea1n c\u00f3 th\u1ec3 l\u1ef1a ch\u1ecdn \u0111\u1ec3 mua h\u00e0ng nh\u01b0 sau: C\u00e1ch 1: Li\u00ean h\u1ec7 qua \u0111i\u1ec7n tho\u1ea1i Qu\u00fd kh\u00e1ch c\u00f3 th\u1ec3 g\u1ecdi \u0111i\u1ec7n \u0111\u1ebfn s\u1ed1...\" \/>\r\n<meta property=\"og:url\" content=\"https:\/\/tpenergy.com.vn\/?page_id=4518\" \/>\r\n<meta property=\"og:site_name\" content=\"Thuan Phong Solar Energy\" \/>\r\n<meta name=\"twitter:card\" content=\"summary_large_image\" \/>\r\n<script type=\"application\/ld+json\" class=\"yoast-schema-graph\">{\"@context\":\"https:\/\/schema.org\",\"@graph\":[{\"@type\":\"WebPage\",\"@id\":\"https:\/\/tpenergy.com.vn\/?page_id=4518\",\"url\":\"https:\/\/tpenergy.com.vn\/?page_id=4518\",\"name\":\"H\u01b0\u1edbng d\u1eabn mua h\u00e0ng - Thuan Phong Solar Energy\",\"isPartOf\":{\"@id\":\"https:\/\/tpenergy.com.vn\/#website\"},\"datePublished\":\"2024-04-12T13:19:00+00:00\",\"dateModified\":\"2024-04-12T13:19:00+00:00\",\"breadcrumb\":{\"@id\":\"https:\/\/tpenergy.com.vn\/?page_id=4518#breadcrumb\"},\"inLanguage\":\"vi\",\"potentialAction\":[{\"@type\":\"ReadAction\",\"target\":[\"https:\/\/tpenergy.com.vn\/?page_id=4518\"]}]},{\"@type\":\"BreadcrumbList\",\"@id\":\"https:\/\/tpenergy.com.vn\/?page_id=4518#breadcrumb\",\"itemListElement\":[{\"@type\":\"ListItem\",\"position\":1,\"name\":\"Trang ch\u1ee7\",\"item\":\"https:\/\/tpenergy.com.vn\/\"},{\"@type\":\"ListItem\",\"position\":2,\"name\":\"H\u01b0\u1edbng d\u1eabn mua h\u00e0ng\"}]},{\"@type\":\"WebSite\",\"@id\":\"https:\/\/tpenergy.com.vn\/#website\",\"url\":\"https:\/\/tpenergy.com.vn\/\",\"name\":\"Thuan Phong Solar Energy\",\"description\":\"\",\"potentialAction\":[{\"@type\":\"SearchAction\",\"target\":{\"@type\":\"EntryPoint\",\"urlTemplate\":\"https:\/\/tpenergy.com.vn\/?s={search_term_string}\"},\"query-input\":\"required name=search_term_string\"}],\"inLanguage\":\"vi\"}]}<\/script>\r\n<!-- \/ Yoast SEO plugin. -->","yoast_head_json":{"title":"H\u01b0\u1edbng d\u1eabn mua h\u00e0ng - Thuan Phong Solar Energy","robots":{"index":"index","follow":"follow","max-snippet":"max-snippet:-1","max-image-preview":"max-image-preview:large","max-video-preview":"max-video-preview:-1"},"canonical":"https:\/\/tpenergy.com.vn\/?page_id=4518","og_locale":"vi_VN","og_type":"article","og_title":"H\u01b0\u1edbng d\u1eabn mua h\u00e0ng - Thuan Phong Solar Energy","og_description":"Thu\u1eadn Phong Energy K\u00ednh Ch\u00e0o Qu\u00fd Kh\u00e1ch! Ch\u00e2n th\u00e0nh c\u1ea3m \u01a1n qu\u00fd kh\u00e1ch \u0111\u00e3 tin t\u01b0\u1edfng v\u00e0 s\u1eed d\u1ee5ng s\u1ea3n ph\u1ea9m c\u1ee7a ch\u00fang t\u00f4i. D\u01b0\u1edbi \u0111\u00e2y l\u00e0 4 c\u00e1ch m\u00e0 b\u1ea1n c\u00f3 th\u1ec3 l\u1ef1a ch\u1ecdn \u0111\u1ec3 mua h\u00e0ng nh\u01b0 sau: C\u00e1ch 1: Li\u00ean h\u1ec7 qua \u0111i\u1ec7n tho\u1ea1i Qu\u00fd kh\u00e1ch c\u00f3 th\u1ec3 g\u1ecdi \u0111i\u1ec7n \u0111\u1ebfn s\u1ed1...","og_url":"https:\/\/tpenergy.com.vn\/?page_id=4518","og_site_name":"Thuan Phong Solar Energy","twitter_card":"summary_large_image","schema":{"@context":"https:\/\/schema.org","@graph":[{"@type":"WebPage","@id":"https:\/\/tpenergy.com.vn\/?page_id=4518","url":"https:\/\/tpenergy.com.vn\/?page_id=4518","name":"H\u01b0\u1edbng d\u1eabn mua h\u00e0ng - Thuan Phong Solar Energy","isPartOf":{"@id":"https:\/\/tpenergy.com.vn\/#website"},"datePublished":"2024-04-12T13:19:00+00:00","dateModified":"2024-04-12T13:19:00+00:00","breadcrumb":{"@id":"https:\/\/tpenergy.com.vn\/?page_id=4518#breadcrumb"},"inLanguage":"vi","potentialAction":[{"@type":"ReadAction","target":["https:\/\/tpenergy.com.vn\/?page_id=4518"]}]},{"@type":"BreadcrumbList","@id":"https:\/\/tpenergy.com.vn\/?page_id=4518#breadcrumb","itemListElement":[{"@type":"ListItem","position":1,"name":"Trang ch\u1ee7","item":"https:\/\/tpenergy.com.vn\/"},{"@type":"ListItem","position":2,"name":"H\u01b0\u1edbng d\u1eabn mua h\u00e0ng"}]},{"@type":"WebSite","@id":"https:\/\/tpenergy.com.vn\/#website","url":"https:\/\/tpenergy.com.vn\/","name":"Thuan Phong Solar Energy","description":"","potentialAction":[{"@type":"SearchAction","target":{"@type":"EntryPoint","urlTemplate":"https:\/\/tpenergy.com.vn\/?s={search_term_string}"},"query-input":"required name=search_term_string"}],"inLanguage":"vi"}]}},"_links":{"self":[{"href":"https:\/\/tpenergy.com.vn\/index.php?rest_route=\/wp\/v2\/pages\/4518"}],"collection":[{"href":"https:\/\/tpenergy.com.vn\/index.php?rest_route=\/wp\/v2\/pages"}],"about":[{"href":"https:\/\/tpenergy.com.vn\/index.php?rest_route=\/wp\/v2\/types\/page"}],"author":[{"embeddable":true,"href":"https:\/\/tpenergy.com.vn\/index.php?rest_route=\/wp\/v2\/users\/4"}],"replies":[{"embeddable":true,"href":"https:\/\/tpenergy.com.vn\/index.php?rest_route=%2Fwp%2Fv2%2Fcomments&post=4518"}],"version-history":[{"count":1,"href":"https:\/\/tpenergy.com.vn\/index.php?rest_route=\/wp\/v2\/pages\/4518\/revisions"}],"predecessor-version":[{"id":4519,"href":"https:\/\/tpenergy.com.vn\/index.php?rest_route=\/wp\/v2\/pages\/4518\/revisions\/4519"}],"wp:attachment":[{"href":"https:\/\/tpenergy.com.vn\/index.php?rest_route=%2Fwp%2Fv2%2Fmedia&parent=4518"}],"curies":[{"name":"wp","href":"https:\/\/api.w.org\/{rel}","templated":true}]}}