{"id":2031,"date":"2023-07-07T17:41:31","date_gmt":"2023-07-07T10:41:31","guid":{"rendered":"https:\/\/tpenergy.com.vn\/?page_id=2031"},"modified":"2023-07-24T13:36:57","modified_gmt":"2023-07-24T06:36:57","slug":"bom-nuoc","status":"publish","type":"page","link":"https:\/\/tpenergy.com.vn\/?page_id=2031","title":{"rendered":"B\u01a0M N\u01af\u1edaC"},"content":{"rendered":"<header class=\"entry-header\">\n<div class=\"entry-header-text entry-header-text-top text-center\">\n<h1 class=\"entry-title\"><span style=\"color: #ff0000;\">GI\u1ea2I PH\u00c1P B\u01a0M N\u01af\u1edaC B\u1eb0NG N\u0102NG L\u01af\u1ee2NG M\u1eb6T TR\u1edcI (SOLAR PUMP SYSTEM)<\/span><\/h1>\n<p style=\"text-align: left;\"><span style=\"color: #ff0000; font-size: 120%;\"><strong>I. H\u1ec7 th\u1ed1ng b\u01a1m n\u01b0\u1edbc b\u1eb1ng n\u0103ng l\u01b0\u1ee3ng m\u1eb7t tr\u1eddi \u0110\u1ed9c l\u1eadp.<\/strong><\/span><\/p>\n<\/div>\n<\/header>\n<div class=\"entry-content single-page\">\n<p><span style=\"font-size: 120%; color: #000080;\"><strong>M\u00f4 h\u00ecnh gi\u1ea3i ph\u00e1p:<\/strong><\/span><\/p>\n<p><img loading=\"lazy\" decoding=\"async\" class=\"size-full wp-image-2682 aligncenter\" src=\"https:\/\/tpenergy.com.vn\/wp-content\/uploads\/2023\/07\/4saaaaaaaaaa.jpg\" alt=\"\" width=\"798\" height=\"588\" srcset=\"https:\/\/tpenergy.com.vn\/wp-content\/uploads\/2023\/07\/4saaaaaaaaaa.jpg 798w, https:\/\/tpenergy.com.vn\/wp-content\/uploads\/2023\/07\/4saaaaaaaaaa-768x566.jpg 768w, https:\/\/tpenergy.com.vn\/wp-content\/uploads\/2023\/07\/4saaaaaaaaaa-247x182.jpg 247w, https:\/\/tpenergy.com.vn\/wp-content\/uploads\/2023\/07\/4saaaaaaaaaa-510x376.jpg 510w\" sizes=\"(max-width: 798px) 100vw, 798px\" \/><\/p>\n<p><span style=\"font-size: 120%; color: #000080;\"><strong>Nguy\u00ean l\u00fd ho\u1ea1t \u0111\u1ed9ng.<\/strong><\/span><\/p>\n<ul>\n<li>H\u1ec7 th\u1ed1ng t\u1ea5m pin s\u1ebd nh\u1eadn n\u0103ng l\u01b0\u1ee3ng b\u1ee9c c\u1ea1 m\u1eb7t tr\u1eddi v\u00e0 chuy\u1ec3n h\u00f3a b\u1eb1ng \u0111i\u1ec7n n\u0103ng cung c\u1ea5p cho bi\u1ebfn t\u1ea7n NLMT \u0111\u1ec3 \u0111i\u1ec1u khi\u1ec3n tr\u1ef1c ti\u1ebfp m\u00e1y b\u01a1m n\u01b0\u1edbc 1 pha ho\u1eb7c 3 pha(220V\/380V)m\u00e0 kh\u00f4ng c\u1ea7n \u0111i\u1ec7n l\u01b0\u1edbi.<\/li>\n<li>N\u01b0\u1edbc \u0111\u01b0\u1ee3c b\u01a1m tr\u1ef1c ti\u1ebfp t\u1eeb s\u00f4ng, h\u1ed3,gi\u1ebfng cho vi\u1ec7c t\u01b0\u1edbi ti\u00eau ho\u1eb7c c\u00f3 th\u1ec3 \u0111\u01b0\u1ee3c d\u1ef1 tr\u1eef v\u00e0o c\u00e1c b\u1ec3 ch\u1ee9a\/h\u1ed3 n\u01b0\u1edbc tr\u00ean cao \u0111\u1ec3 s\u1eb5n sang cho vi\u1ec7c t\u01b0\u1edbi ti\u00eau b\u1ea5t k\u1ef3 th\u1eddi \u0111i\u1ec3m n\u00e0o trong ng\u00e0y.<\/li>\n<\/ul>\n<p>\u00a0<\/p>\n<p><span style=\"color: #000080; font-size: 120%;\"><strong>L\u1ee3i \u00edch v\u00e0 \u01b0u \u0111i\u1ec3m c\u1ee7a gi\u1ea3i ph\u00e1p.<\/strong><\/span><\/p>\n<table width=\"840\">\n<tbody>\n<tr>\n<td width=\"100\">\u00a0<\/td>\n<td>\u00a0<strong>Ch\u1ee7 \u0111\u1ed9ng ngu\u1ed3n n\u01b0\u1edbc b\u01a1m t\u01b0\u1edbi<\/strong><\/p>\n<p>\u0110i\u1ec7n m\u1eb7t tr\u1eddi \u0111i\u1ec1u khi\u1ec3n tr\u1ef1c ti\u1ebfp m\u00e1y b\u01a1m cung c\u1ea5p n\u0103ng l\u01b0\u1ee3ng d\u1ed3i d\u00e0o cho ho\u1ea1t \u0111\u1ed9ng b\u01a1m t\u01b0\u1edbi. Nh\u1edd \u0111\u00f3, ng\u01b0\u1eddi v\u1eadn h\u00e0nh c\u00f3 th\u1ec3 ch\u1ee7 \u0111\u1ed9ng ngu\u1ed3n n\u01b0\u1edbc t\u01b0\u1edbi ti\u00eau b\u1ea5t k\u1ef3 th\u1eddi \u0111i\u1ec3m n\u00e0o trong ng\u00e0y. \u0110\u00e2y l\u00e0 gi\u1ea3i ph\u00e1p l\u00fd t\u01b0\u1edfng cho c\u00e1c trang tr\u1ea1i tr\u1ed3ng rau, c\u00e2y \u0103n tr\u00e1i, cafe, cao su, \u0111i\u1ec1u, thanh long\u2026<\/p>\n<p>\u00a0<\/p>\n<\/td>\n<\/tr>\n<tr>\n<td width=\"100\">\u00a0<\/td>\n<td><strong>Kh\u00f4ng t\u1ed1n chi ph\u00ed nhi\u00ean li\u1ec7u v\u00e0 nh\u00e2n c\u00f4ng<\/strong><\/p>\n<p>H\u1ec7 th\u1ed1ng v\u1eadn h\u00e0nh t\u1ef1 \u0111\u1ed9ng, y\u00ean t\u0129nh, kh\u00f4ng s\u1eed d\u1ee5ng nhi\u00ean li\u1ec7u (x\u0103ng, d\u1ea7u\u2026) gi\u00e1 th\u00e0nh cao, g\u00e2y \u00f4 nhi\u1ec5m, \u0111\u1ed9c h\u1ea1i n\u00ean r\u1ea5t th\u00e2n thi\u00ean v\u1edbi m\u00f4i tr\u01b0\u1eddng v\u00e0 kh\u00f4ng t\u1ed1n chi ph\u00ed nhi\u00ean li\u1ec7u, nh\u00e2n c\u00f4ng.<\/p>\n<\/td>\n<\/tr>\n<tr>\n<td width=\"100\">\u00a0<\/td>\n<td>\u00a0<\/p>\n<p><strong>Gi\u1ea3m chi ph\u00ed, t\u0103ng n\u0103ng su\u1ea5t\u00a0<\/strong><\/p>\n<p>Khi l\u1eafp \u0111\u1eb7t h\u1ec7 th\u1ed1ng \u0111i\u1ec7n m\u1eb7t tr\u1eddi, trang tr\u1ea1i c\u00f3 ngu\u1ed3n n\u01b0\u1edbc t\u01b0\u1edbi \u1ed5n \u0111\u1ecbnh, n\u00f4ng s\u1ea3n t\u0103ng n\u0103ng su\u1ea5t, gi\u1ea3m chi ph\u00ed nhi\u00ean li\u1ec7u, nh\u1edd \u0111\u00f3 thu nh\u1eadp c\u1ee7a n\u00f4ng d\u00e2n c\u0169ng t\u0103ng l\u00ean \u0111\u00e1ng k\u1ec3.<\/p>\n<p>\u00a0<\/p>\n<\/td>\n<\/tr>\n<tr>\n<td width=\"100\">\u00a0<\/td>\n<td><strong>\u0110\u1ea1t ti\u00eau chu\u1ea9n xanh trong s\u1ea3n xu\u1ea5t<\/strong><\/p>\n<p>\u0110\u00ea\u0309 sa\u0309n ph\u00e2\u0309m \u0111a\u0323t ti\u00eau chu\u00e2\u0309n xanh (VietGAP), n\u00e2ng cao gia\u0301 tri\u0323 th\u01b0\u01a1ng hi\u00ea\u0323u, nhi\u00ea\u0300u doanh nghi\u00ea\u0323p, h\u00f4\u0323 n\u00f4ng d\u00e2n \u0111a\u0303 \u01b0\u0301ng du\u0323ng \u0111i\u00ea\u0323n m\u0103\u0323t tr\u01a1\u0300i trong b\u01a1m t\u01b0\u01a1\u0301i. H\u00ea\u0323 th\u00f4\u0301ng giu\u0301p chu\u0309 \u0111\u00e2\u0300u t\u01b0 hoa\u0300n thi\u00ea\u0323n m\u00f4 h\u00ecnh s\u1ea3n xu\u1ea5t \u201cn\u00f4ng nghi\u1ec7p s\u1ea1ch\u201d va\u0300 nh\u00e2\u0323n \u0111\u01b0\u01a1\u0323c nhi\u00ea\u0300u chi\u0301nh sa\u0301ch h\u00f4\u0303 tr\u01a1\u0323 pha\u0301t tri\u00ea\u0309n cu\u0309a nha\u0300 n\u01b0\u01a1\u0301c.<\/p>\n<\/td>\n<\/tr>\n<\/tbody>\n<\/table>\n<p>\u00a0<\/p>\n<p>\u00a0<\/p>\n<p><span style=\"font-size: 120%; color: #000080;\"><strong>\u1ee8ng D\u1ee5ng.<\/strong><\/span><\/p>\n<ul>\n<li>Trong trang tr\u1ea1i ch\u0103n nu\u00f4i ,tr\u1ed3ng tr\u1ecdt,th\u1ee7y l\u1ee3i v\u00e0 \u0111\u1ea7m nu\u00f4i t\u00f4m-th\u1ee7y s\u1ea3n,h\u1ec7 th\u1ed1ng t\u01b0\u1edbi t\u1ef1 \u0111\u1ed9ng khu v\u01b0\u1eddn sinh th\u00e1i,s\u00e2n golf,h\u1ed3 b\u01a1i,tr\u1ea1m b\u01a1m c\u1ea5p n\u01b0\u1edbc.<\/li>\n<\/ul>\n<p>\u00a0<\/p>\n<p><img loading=\"lazy\" decoding=\"async\" class=\"size-full wp-image-2509 aligncenter\" src=\"https:\/\/tpenergy.com.vn\/wp-content\/uploads\/2023\/07\/dien-mat-troi-cho-nong-nghiep-1.jpg\" alt=\"\" width=\"640\" height=\"489\" srcset=\"https:\/\/tpenergy.com.vn\/wp-content\/uploads\/2023\/07\/dien-mat-troi-cho-nong-nghiep-1.jpg 640w, https:\/\/tpenergy.com.vn\/wp-content\/uploads\/2023\/07\/dien-mat-troi-cho-nong-nghiep-1-247x189.jpg 247w, https:\/\/tpenergy.com.vn\/wp-content\/uploads\/2023\/07\/dien-mat-troi-cho-nong-nghiep-1-510x390.jpg 510w\" sizes=\"(max-width: 640px) 100vw, 640px\" \/><\/p>\n<p><span style=\"color: #ff0000; font-size: 120%;\"><strong>II. H\u1ec7 th\u1ed1ng b\u01a1m n\u01b0\u1edbc b\u1eb1ng n\u0103ng l\u01b0\u1ee3ng m\u1eb7t tr\u1eddi k\u1ebft h\u1ee3p h\u00f2a l\u01b0\u1edbi.<\/strong><\/span><\/p>\n<p><span style=\"color: #000080; font-size: 120%;\"><strong>M\u00f4 h\u00ecnh gi\u1ea3i ph\u00e1p:<\/strong><\/span><\/p>\n<p><img loading=\"lazy\" decoding=\"async\" class=\"size-full wp-image-2722 aligncenter\" src=\"https:\/\/tpenergy.com.vn\/wp-content\/uploads\/2023\/07\/ad.jpg\" alt=\"\" width=\"512\" height=\"267\" srcset=\"https:\/\/tpenergy.com.vn\/wp-content\/uploads\/2023\/07\/ad.jpg 512w, https:\/\/tpenergy.com.vn\/wp-content\/uploads\/2023\/07\/ad-247x129.jpg 247w, https:\/\/tpenergy.com.vn\/wp-content\/uploads\/2023\/07\/ad-510x266.jpg 510w\" sizes=\"(max-width: 512px) 100vw, 512px\" \/><\/p>\n<p><span style=\"color: #000080; font-size: 120%;\"><strong>Nguy\u00ean l\u00fd ho\u1ea1t \u0111\u1ed9ng:<\/strong><\/span><\/p>\n<ul>\n<li>H\u1ec7 th\u1ed1ng t\u1ea5m pin s\u1ebd nh\u1eadn n\u0103ng l\u01b0\u1ee3ng b\u1ee9c x\u1ea1 m\u1eb7t tr\u1eddi v\u00e0 chuy\u1ec3n h\u00f3a th\u00e0nh \u0111i\u1ec7n n\u0103ng cung c\u1ea5p cho bi\u1ebfn t\u1ea7n NLMT \u0111\u1ec3 \u0111i\u1ec1u khi\u1ec3n tr\u1ef1c ti\u1ebfp m\u00e1y b\u01a1m n\u01b0\u1edbc 1 pha ho\u1eb7c 3 pha (220V\/380V).H\u1ec7 th\u1ed1ng \u01b0u ti\u00ean s\u1eef d\u1ee5ng n\u0103ng l\u01b0\u1ee3ng m\u1eb7t tr\u1eddi,\u0111\u1ed3ng th\u1eddi t\u1ef1 \u0111\u1ed9ng lu\u00e2n chuy\u1ec3n s\u1eef d\u1ee5ng gi\u1eefa ng\u1ed3n \u0111i\u1ec7n l\u01b0\u1edbi \/ m\u00e1y ph\u00e1t \u0111i\u1ec7n (khi kh\u00f4ng c\u00f3 n\u1eafng ho\u1eb7c v\u00e0o ban \u0111\u00eam v\u00e0 ngu\u1ed3n n\u0103ng l\u01b0\u1ee3ng m\u1eb7t tr\u1eddi( khi c\u00f3 \u00e1nh n\u1eafng tr\u1edf l\u1ea1i).<\/li>\n<\/ul>\n<p><img loading=\"lazy\" decoding=\"async\" class=\"size-full wp-image-2723 aligncenter\" src=\"https:\/\/tpenergy.com.vn\/wp-content\/uploads\/2023\/07\/d.jpg\" alt=\"\" width=\"700\" height=\"393\" srcset=\"https:\/\/tpenergy.com.vn\/wp-content\/uploads\/2023\/07\/d.jpg 700w, https:\/\/tpenergy.com.vn\/wp-content\/uploads\/2023\/07\/d-247x139.jpg 247w, https:\/\/tpenergy.com.vn\/wp-content\/uploads\/2023\/07\/d-510x286.jpg 510w\" sizes=\"(max-width: 700px) 100vw, 700px\" \/><\/p>\n<p>\u00a0<\/p>\n<p><span style=\"color: #000080; font-size: 120%;\"><strong>L\u1ee3i \u00edch v\u00e0 \u01b0u \u0111i\u1ec3m c\u1ee7a gi\u1ea3i ph\u00e1p.<\/strong><\/span><\/p>\n<ul>\n<li>M\u1eb7t tr\u1eddi l\u00e0 ngu\u1ed3n t\u00e0i nguy\u00ean v\u00f4 t\u1eadn, s\u1ea1ch s\u1ebd v\u00e0 ho\u00e0n to\u00e0n mi\u1ec5n ph\u00ed. B\u1ea1n c\u00f3 th\u1ec3 s\u1eed d\u1ee5ng tho\u1ea3i m\u00e1i m\u00e0 kh\u00f4ng c\u1ea7n ph\u1ea3i tr\u1ea3 b\u1ea5t k\u1ef3 chi ph\u00ed n\u00e0o.<\/li>\n<li>H\u1ec7 th\u1ed1ng b\u01a1m\u00a0n\u0103ng l\u01b0\u1ee3ng m\u1eb7t tr\u1eddi th\u00e2n thi\u1ec7n v\u1edbi m\u00f4i tr\u01b0\u1eddng, ho\u00e0n to\u00e0n kh\u00f4ng g\u00e2y h\u1ea1i v\u00e0 kh\u00f4ng g\u00e2y b\u1ea5t k\u1ef3 ti\u1ebfng \u1ed3n n\u00e0o.<\/li>\n<li>H\u1ec7 th\u1ed1ng b\u01a1m tr\u1ef1c ti\u1ebfp t\u1eeb n\u1eafng c\u00f3 \u0111\u1ed9 b\u1ec1n cao, h\u1ea7u nh\u01b0 kh\u00f4ng ph\u00e1t sinh chi ph\u00ed v\u1eadn h\u00e0nh.<\/li>\n<li>H\u1ec7 th\u1ed1ng ho\u1ea1t \u0111\u1ed9ng ho\u00e0n to\u00e0n t\u1ef1 \u0111\u1ed9ng, t\u1ef1 \u0111\u1ed9ng b\u01a1m khi c\u00f3 n\u1eafng, v\u00e0 t\u1ef1 \u0111\u1ed9ng ngh\u1ec9 khi kh\u00f4ng c\u00f3 n\u1eafng ho\u1eb7c v\u00e0o ban \u0111\u00eam.<\/li>\n<li>Chi ph\u00ed cho m\u1ed9t h\u1ec7 th\u1ed1ng th\u1ea5p, tu\u1ed5i th\u1ecd h\u1ec7 th\u1ed1ng cao, h\u1ec7 th\u1ed1ng \u0111\u1ea1t hi\u1ec7u qu\u1ea3 kinh t\u1ebf cao.<\/li>\n<li>Vi\u1ec7c l\u1eafp \u0111\u1eb7t h\u1ec7 th\u1ed1ng kh\u00e1 \u0111\u01a1n gi\u1ea3n, vi\u1ec7c b\u1ea3o tr\u00ec h\u1ec7 th\u1ed1ng d\u1ec5 d\u00e0ng.<\/li>\n<li>S\u1eed d\u1ee5ng b\u01a1m 3 pha n\u00ean hi\u1ec7u su\u1ea5t cao, c\u00f3 th\u1ec3 t\u1eadn d\u1ee5ng b\u01a1m hi\u1ec7n h\u1eefu c\u1ee7a kh\u00e1ch h\u00e0ng, c\u0169ng nh\u01b0 h\u1ec7 th\u1ed1ng \u1ed1ng n\u01b0\u1edbc, b\u1ed9 h\u00fat s\u00e2u..m\u00e0 kh\u00f4ng c\u1ea7n thay b\u01a1m m\u1edbi m\u00e0 ch\u1ec9 c\u1ea7n \u0111\u1ed5i 1 pha sang 3 pha.<\/li>\n<\/ul>\n<p><span style=\"color: #000080; font-size: 120%;\"><strong>\u1ee8ng D\u1ee5ng.<\/strong><\/span><\/p>\n<ul>\n<li>Th\u00edch h\u1ee3p v\u1edbi c\u00e1c lo\u1ea1i b\u01a1m 1 pha 220V,3 pha 380V c\u00f3 s\u1eb5n tr\u00ean th\u1ecb tr\u01b0\u1eddng.<\/li>\n<li>S\u1eed d\u1ee5ng trong c\u00e1c trang tr\u1ea1i ch\u0103n nu\u00f4i,tr\u1ed3ng tr\u1ecdt,th\u1ee7y th\u1ee3i v\u00e0 \u0111\u1ea7m nu\u00f4i t\u00f4m-th\u1ee7y s\u1ea3n,h\u1ec7 th\u1ed1ng t\u01b0\u1edbi t\u1ef1 \u0111\u1ed9ng.khu v\u01b0\u1eddn sinh th\u00e1i,s\u00e2n golf, h\u1ed3 b\u01a1i,t\u00f2a nh\u00e0,kh\u00e1ch s\u1ea1n,v\u0103n ph\u00f2ng,tr\u1ea1m b\u01a1m n\u01b0\u1edbc,qu\u1ea1t th\u00f4ng gi\u00f3.<\/li>\n<\/ul>\n<\/div>\n","protected":false},"excerpt":{"rendered":"<p>GI\u1ea2I PH\u00c1P B\u01a0M N\u01af\u1edaC B\u1eb0NG N\u0102NG L\u01af\u1ee2NG M\u1eb6T TR\u1edcI (SOLAR PUMP SYSTEM) I. H\u1ec7 th\u1ed1ng b\u01a1m n\u01b0\u1edbc b\u1eb1ng n\u0103ng l\u01b0\u1ee3ng m\u1eb7t tr\u1eddi \u0110\u1ed9c l\u1eadp. M\u00f4 h\u00ecnh gi\u1ea3i ph\u00e1p: Nguy\u00ean l\u00fd ho\u1ea1t \u0111\u1ed9ng. H\u1ec7 th\u1ed1ng t\u1ea5m pin s\u1ebd nh\u1eadn n\u0103ng l\u01b0\u1ee3ng b\u1ee9c c\u1ea1 m\u1eb7t tr\u1eddi v\u00e0 chuy\u1ec3n h\u00f3a b\u1eb1ng \u0111i\u1ec7n n\u0103ng cung c\u1ea5p cho bi\u1ebfn t\u1ea7n&#8230;<\/p>\n","protected":false},"author":1,"featured_media":2682,"parent":2001,"menu_order":0,"comment_status":"closed","ping_status":"closed","template":"page-right-sidebar.php","meta":{"_eb_attr":"","footnotes":""},"class_list":["post-2031","page","type-page","status-publish","has-post-thumbnail","hentry"],"yoast_head":"<!-- This site is optimized with the Yoast SEO plugin v20.9 - https:\/\/yoast.com\/wordpress\/plugins\/seo\/ -->\r\n<title>B\u01a0M N\u01af\u1edaC - Thuan Phong Solar Energy<\/title>\r\n<meta name=\"robots\" content=\"index, follow, max-snippet:-1, max-image-preview:large, max-video-preview:-1\" \/>\r\n<link rel=\"canonical\" href=\"https:\/\/tpenergy.com.vn\/?page_id=2031\" \/>\r\n<meta property=\"og:locale\" content=\"vi_VN\" \/>\r\n<meta property=\"og:type\" content=\"article\" \/>\r\n<meta property=\"og:title\" content=\"B\u01a0M N\u01af\u1edaC - Thuan Phong Solar Energy\" \/>\r\n<meta property=\"og:description\" content=\"GI\u1ea2I PH\u00c1P B\u01a0M N\u01af\u1edaC B\u1eb0NG N\u0102NG L\u01af\u1ee2NG M\u1eb6T TR\u1edcI (SOLAR PUMP SYSTEM) I. H\u1ec7 th\u1ed1ng b\u01a1m n\u01b0\u1edbc b\u1eb1ng n\u0103ng l\u01b0\u1ee3ng m\u1eb7t tr\u1eddi \u0110\u1ed9c l\u1eadp. M\u00f4 h\u00ecnh gi\u1ea3i ph\u00e1p: Nguy\u00ean l\u00fd ho\u1ea1t \u0111\u1ed9ng. H\u1ec7 th\u1ed1ng t\u1ea5m pin s\u1ebd nh\u1eadn n\u0103ng l\u01b0\u1ee3ng b\u1ee9c c\u1ea1 m\u1eb7t tr\u1eddi v\u00e0 chuy\u1ec3n h\u00f3a b\u1eb1ng \u0111i\u1ec7n n\u0103ng cung c\u1ea5p cho bi\u1ebfn t\u1ea7n...\" \/>\r\n<meta property=\"og:url\" content=\"https:\/\/tpenergy.com.vn\/?page_id=2031\" \/>\r\n<meta property=\"og:site_name\" content=\"Thuan Phong Solar Energy\" \/>\r\n<meta property=\"article:modified_time\" content=\"2023-07-24T06:36:57+00:00\" \/>\r\n<meta property=\"og:image\" content=\"https:\/\/tpenergy.com.vn\/wp-content\/uploads\/2023\/07\/4saaaaaaaaaa.jpg\" \/>\r\n\t<meta property=\"og:image:width\" content=\"798\" \/>\r\n\t<meta property=\"og:image:height\" content=\"588\" \/>\r\n\t<meta property=\"og:image:type\" content=\"image\/jpeg\" \/>\r\n<meta name=\"twitter:card\" content=\"summary_large_image\" \/>\r\n<meta name=\"twitter:label1\" content=\"\u01af\u1edbc t\u00ednh th\u1eddi gian \u0111\u1ecdc\" \/>\n\t<meta name=\"twitter:data1\" content=\"2 ph\u00fat\" \/>\r\n<script type=\"application\/ld+json\" class=\"yoast-schema-graph\">{\"@context\":\"https:\/\/schema.org\",\"@graph\":[{\"@type\":\"WebPage\",\"@id\":\"https:\/\/tpenergy.com.vn\/?page_id=2031\",\"url\":\"https:\/\/tpenergy.com.vn\/?page_id=2031\",\"name\":\"B\u01a0M N\u01af\u1edaC - Thuan Phong Solar Energy\",\"isPartOf\":{\"@id\":\"https:\/\/tpenergy.com.vn\/#website\"},\"datePublished\":\"2023-07-07T10:41:31+00:00\",\"dateModified\":\"2023-07-24T06:36:57+00:00\",\"breadcrumb\":{\"@id\":\"https:\/\/tpenergy.com.vn\/?page_id=2031#breadcrumb\"},\"inLanguage\":\"vi\",\"potentialAction\":[{\"@type\":\"ReadAction\",\"target\":[\"https:\/\/tpenergy.com.vn\/?page_id=2031\"]}]},{\"@type\":\"BreadcrumbList\",\"@id\":\"https:\/\/tpenergy.com.vn\/?page_id=2031#breadcrumb\",\"itemListElement\":[{\"@type\":\"ListItem\",\"position\":1,\"name\":\"Trang ch\u1ee7\",\"item\":\"https:\/\/tpenergy.com.vn\/\"},{\"@type\":\"ListItem\",\"position\":2,\"name\":\"GI\u1ea2I PH\u00c1P N\u0102NG L\u01af\u1ee2NG\",\"item\":\"https:\/\/tpenergy.com.vn\/?page_id=2001\"},{\"@type\":\"ListItem\",\"position\":3,\"name\":\"B\u01a0M N\u01af\u1edaC\"}]},{\"@type\":\"WebSite\",\"@id\":\"https:\/\/tpenergy.com.vn\/#website\",\"url\":\"https:\/\/tpenergy.com.vn\/\",\"name\":\"Thuan Phong Solar Energy\",\"description\":\"\",\"potentialAction\":[{\"@type\":\"SearchAction\",\"target\":{\"@type\":\"EntryPoint\",\"urlTemplate\":\"https:\/\/tpenergy.com.vn\/?s={search_term_string}\"},\"query-input\":\"required name=search_term_string\"}],\"inLanguage\":\"vi\"}]}<\/script>\r\n<!-- \/ Yoast SEO plugin. -->","yoast_head_json":{"title":"B\u01a0M N\u01af\u1edaC - Thuan Phong Solar Energy","robots":{"index":"index","follow":"follow","max-snippet":"max-snippet:-1","max-image-preview":"max-image-preview:large","max-video-preview":"max-video-preview:-1"},"canonical":"https:\/\/tpenergy.com.vn\/?page_id=2031","og_locale":"vi_VN","og_type":"article","og_title":"B\u01a0M N\u01af\u1edaC - Thuan Phong Solar Energy","og_description":"GI\u1ea2I PH\u00c1P B\u01a0M N\u01af\u1edaC B\u1eb0NG N\u0102NG L\u01af\u1ee2NG M\u1eb6T TR\u1edcI (SOLAR PUMP SYSTEM) I. H\u1ec7 th\u1ed1ng b\u01a1m n\u01b0\u1edbc b\u1eb1ng n\u0103ng l\u01b0\u1ee3ng m\u1eb7t tr\u1eddi \u0110\u1ed9c l\u1eadp. M\u00f4 h\u00ecnh gi\u1ea3i ph\u00e1p: Nguy\u00ean l\u00fd ho\u1ea1t \u0111\u1ed9ng. H\u1ec7 th\u1ed1ng t\u1ea5m pin s\u1ebd nh\u1eadn n\u0103ng l\u01b0\u1ee3ng b\u1ee9c c\u1ea1 m\u1eb7t tr\u1eddi v\u00e0 chuy\u1ec3n h\u00f3a b\u1eb1ng \u0111i\u1ec7n n\u0103ng cung c\u1ea5p cho bi\u1ebfn t\u1ea7n...","og_url":"https:\/\/tpenergy.com.vn\/?page_id=2031","og_site_name":"Thuan Phong Solar Energy","article_modified_time":"2023-07-24T06:36:57+00:00","og_image":[{"width":798,"height":588,"url":"https:\/\/tpenergy.com.vn\/wp-content\/uploads\/2023\/07\/4saaaaaaaaaa.jpg","type":"image\/jpeg"}],"twitter_card":"summary_large_image","twitter_misc":{"\u01af\u1edbc t\u00ednh th\u1eddi gian \u0111\u1ecdc":"2 ph\u00fat"},"schema":{"@context":"https:\/\/schema.org","@graph":[{"@type":"WebPage","@id":"https:\/\/tpenergy.com.vn\/?page_id=2031","url":"https:\/\/tpenergy.com.vn\/?page_id=2031","name":"B\u01a0M N\u01af\u1edaC - Thuan Phong Solar Energy","isPartOf":{"@id":"https:\/\/tpenergy.com.vn\/#website"},"datePublished":"2023-07-07T10:41:31+00:00","dateModified":"2023-07-24T06:36:57+00:00","breadcrumb":{"@id":"https:\/\/tpenergy.com.vn\/?page_id=2031#breadcrumb"},"inLanguage":"vi","potentialAction":[{"@type":"ReadAction","target":["https:\/\/tpenergy.com.vn\/?page_id=2031"]}]},{"@type":"BreadcrumbList","@id":"https:\/\/tpenergy.com.vn\/?page_id=2031#breadcrumb","itemListElement":[{"@type":"ListItem","position":1,"name":"Trang ch\u1ee7","item":"https:\/\/tpenergy.com.vn\/"},{"@type":"ListItem","position":2,"name":"GI\u1ea2I PH\u00c1P N\u0102NG L\u01af\u1ee2NG","item":"https:\/\/tpenergy.com.vn\/?page_id=2001"},{"@type":"ListItem","position":3,"name":"B\u01a0M N\u01af\u1edaC"}]},{"@type":"WebSite","@id":"https:\/\/tpenergy.com.vn\/#website","url":"https:\/\/tpenergy.com.vn\/","name":"Thuan Phong Solar Energy","description":"","potentialAction":[{"@type":"SearchAction","target":{"@type":"EntryPoint","urlTemplate":"https:\/\/tpenergy.com.vn\/?s={search_term_string}"},"query-input":"required name=search_term_string"}],"inLanguage":"vi"}]}},"_links":{"self":[{"href":"https:\/\/tpenergy.com.vn\/index.php?rest_route=\/wp\/v2\/pages\/2031"}],"collection":[{"href":"https:\/\/tpenergy.com.vn\/index.php?rest_route=\/wp\/v2\/pages"}],"about":[{"href":"https:\/\/tpenergy.com.vn\/index.php?rest_route=\/wp\/v2\/types\/page"}],"author":[{"embeddable":true,"href":"https:\/\/tpenergy.com.vn\/index.php?rest_route=\/wp\/v2\/users\/1"}],"replies":[{"embeddable":true,"href":"https:\/\/tpenergy.com.vn\/index.php?rest_route=%2Fwp%2Fv2%2Fcomments&post=2031"}],"version-history":[{"count":6,"href":"https:\/\/tpenergy.com.vn\/index.php?rest_route=\/wp\/v2\/pages\/2031\/revisions"}],"predecessor-version":[{"id":2725,"href":"https:\/\/tpenergy.com.vn\/index.php?rest_route=\/wp\/v2\/pages\/2031\/revisions\/2725"}],"up":[{"embeddable":true,"href":"https:\/\/tpenergy.com.vn\/index.php?rest_route=\/wp\/v2\/pages\/2001"}],"wp:featuredmedia":[{"embeddable":true,"href":"https:\/\/tpenergy.com.vn\/index.php?rest_route=\/wp\/v2\/media\/2682"}],"wp:attachment":[{"href":"https:\/\/tpenergy.com.vn\/index.php?rest_route=%2Fwp%2Fv2%2Fmedia&parent=2031"}],"curies":[{"name":"wp","href":"https:\/\/api.w.org\/{rel}","templated":true}]}}