{"id":2026,"date":"2023-07-07T17:28:39","date_gmt":"2023-07-07T10:28:39","guid":{"rendered":"https:\/\/tpenergy.com.vn\/?page_id=2026"},"modified":"2023-07-25T16:56:57","modified_gmt":"2023-07-25T09:56:57","slug":"hoa-luoi-khong-luu-tru","status":"publish","type":"page","link":"https:\/\/tpenergy.com.vn\/?page_id=2026","title":{"rendered":"H\u00d2A L\u01af\u1edaI KH\u00d4NG L\u01afU TR\u1eee"},"content":{"rendered":"\t<div class=\"img has-hover x md-x lg-x y md-y lg-y\" id=\"image_1548091975\">\n\t\t\t\t\t\t\t\t<div class=\"img-inner dark\" >\n\t\t\t<img loading=\"lazy\" decoding=\"async\" width=\"3000\" height=\"1181\" src=\"https:\/\/tpenergy.com.vn\/wp-content\/uploads\/2023\/07\/HOA-LUOI.png\" class=\"attachment-large size-large\" alt=\"\" srcset=\"https:\/\/tpenergy.com.vn\/wp-content\/uploads\/2023\/07\/HOA-LUOI.png 3000w, https:\/\/tpenergy.com.vn\/wp-content\/uploads\/2023\/07\/HOA-LUOI-768x302.png 768w, https:\/\/tpenergy.com.vn\/wp-content\/uploads\/2023\/07\/HOA-LUOI-1536x605.png 1536w, https:\/\/tpenergy.com.vn\/wp-content\/uploads\/2023\/07\/HOA-LUOI-2048x806.png 2048w, https:\/\/tpenergy.com.vn\/wp-content\/uploads\/2023\/07\/HOA-LUOI-247x97.png 247w, https:\/\/tpenergy.com.vn\/wp-content\/uploads\/2023\/07\/HOA-LUOI-510x201.png 510w\" sizes=\"(max-width: 3000px) 100vw, 3000px\" \/>\t\t\t\t\t\t\n\t\t\t\t\t<\/div>\n\t\t\t\t\t\t\t\t\n<style>\n#image_1548091975 {\n  width: 100%;\n}\n<\/style>\n\t<\/div>\n\t\n<header class=\"entry-header\">\n<div class=\"entry-header-text entry-header-text-top text-center\">\n<h1 class=\"entry-title\"><span style=\"font-size: 90%; color: #ff0000;\">H\u1ec6 TH\u1ed0NG \u0110I\u1ec6N N\u0102NG L\u01af\u1ee2NG M\u1eb6T TR\u1edcI H\u00d2A L\u01af\u1edaI KH\u00d4NG L\u01afU TR\u1eee<\/span><\/h1>\n<\/div>\n<\/header>\n<div class=\"entry-content single-page\">\n<p><span style=\"color: #ff0000;\"><strong>M\u00d4 H\u00ccNH GI\u1ea2I PH\u00c1P<\/strong><\/span><\/p>\n<figure class=\"wp-block-image size-large\"><img loading=\"lazy\" decoding=\"async\" class=\"alignnone size-full wp-image-2685\" src=\"https:\/\/tpenergy.com.vn\/wp-content\/uploads\/2023\/07\/he-thong-dien-nang-luong-mat-troi-hoa-luoi.jpg\" alt=\"\" width=\"960\" height=\"500\" srcset=\"https:\/\/tpenergy.com.vn\/wp-content\/uploads\/2023\/07\/he-thong-dien-nang-luong-mat-troi-hoa-luoi.jpg 960w, https:\/\/tpenergy.com.vn\/wp-content\/uploads\/2023\/07\/he-thong-dien-nang-luong-mat-troi-hoa-luoi-768x400.jpg 768w, https:\/\/tpenergy.com.vn\/wp-content\/uploads\/2023\/07\/he-thong-dien-nang-luong-mat-troi-hoa-luoi-247x129.jpg 247w, https:\/\/tpenergy.com.vn\/wp-content\/uploads\/2023\/07\/he-thong-dien-nang-luong-mat-troi-hoa-luoi-510x266.jpg 510w\" sizes=\"(max-width: 960px) 100vw, 960px\" \/><\/figure>\n<p><span style=\"color: #ff0000;\"><strong>NGUY\u00caN L\u00dd HO\u1ea0T \u0110\u1ed8NG.<\/strong><\/span><\/p>\n<ul>\n<li>H\u1ec7 th\u1ed1ng Pin n\u0103ng l\u01b0\u1ee3ng m\u1eb7t tr\u1eddi s\u1ebd nh\u1eadn b\u1ee9c x\u1ea1 v\u00e0 chuy\u1ec3n h\u00f3a th\u00e0nh ngu\u1ed3n \u0111i\u1ec7n m\u1ed9t chi\u1ec1u (DC).Ngu\u1ed3n \u0111i\u1ec7n 1 chi\u1ec1u (DC) s\u1ebd \u0111\u01b0\u1ee3c b\u1ed9 inverter chuy\u1ec3n h\u00f3a th\u00e0nh ngu\u1ed3n \u0111i\u1ec7n xoay chi\u1ec1u (AC) v\u00e0 h\u00f2a v\u00e0o ngu\u1ed3n \u0111i\u1ec7n l\u01b0\u1edbi \u0111\u1ec3 cung c\u1ea5p cho t\u1ea3i ti\u00eau th\u1ee5.<\/li>\n<\/ul>\n<p><span style=\"color: #ff0000;\">\u00a0<strong>L\u1ee2I \u00cdCH V\u00c0 \u01afU \u0110I\u1ec2M C\u1ee6A GI\u1ea2I PH\u00c1P<\/strong><\/span><\/p>\n<ul>\n<li>H\u1ec7 th\u1ed1ng gi\u00fap ti\u1ebft ki\u1ec7m \u0111\u00e1ng k\u1ec3 chi ph\u00ed \u0111i\u1ec7n<\/li>\n<li>H\u1ec7 th\u1ed1ng kh\u00f4ng s\u1eef d\u1ee5ng acqui,c\u00f3 hi\u1ec7u su\u1ea5t cao 98% th\u1eddi gian ho\u00e0n v\u1ed1n ng\u1eafn<\/li>\n<li>H\u1ec7 th\u1ed1ng ho\u1ea1t \u0111\u1ed9ng ho\u00e0n to\u00e0n t\u1ef1 \u0111\u1ed9ng n\u00ean kh\u00f4ng t\u1ed1n chi ph\u00ed v\u1eadn h\u00e0nh<\/li>\n<li>H\u1ec7 th\u1ed1ng \u0111\u01a1n gi\u1ea3n,l\u1eafp \u0111\u1eb7t nhanh ch\u00f3ng.C\u00f3 th\u1ec3 m\u1edf r\u1ed9ng b\u1eb1ng c\u00e1ch l\u1eafp song song nhi\u1ec1u h\u1ec7 th\u1ed1ng.<\/li>\n<li>N\u00e2ng cao h\u00ecnh \u1ea3nh ch\u1ee7 \u0111\u1ea7u t\u01b0<\/li>\n<\/ul>\n<p><span style=\"color: #ff0000;\"><strong>\u1ee8NG D\u1ee4NG:<\/strong><\/span><\/p>\n<ul>\n<li>Gi\u1ea3i ph\u00e1p h\u00f2a l\u01b0\u1edbi \u1ee9ng d\u1ee5ng \u0111\u01b0\u1ee3c cho t\u1ea5t c\u1ea3 c\u00e1c n\u01a1i c\u00f3 nhu c\u1ea7u ti\u1ebft ki\u1ec7m \u0111i\u1ec7n v\u00e0 s\u1eef d\u1ee5ng n\u0103ng l\u01b0\u1ee3ng xanh nh\u01b0 :nh\u00e0 \u1edf,cao \u1ed1c v\u0103n ph\u00f2ng,nh\u00e0 m\u00e1y,resort,b\u1ec7nh vi\u1ec7n,khu h\u00e0nh ch\u00ednh\u2026<\/li>\n<li>H\u1ec7 th\u1ed1ng \u0111\u01b0\u1ee3c \u1ee9ng d\u1ee5ng \u0111\u1ec3 b\u1ed5 sung ngu\u1ed3n \u0111i\u1ec7n cho c\u00e1c nh\u00e0 m\u00e1y s\u1ea3n xu\u1ea5t hay t\u1ea1o th\u00e0nh m\u1ed9t nh\u00e0 m\u00e1y \u0111i\u1ec7n n\u0103ng l\u01b0\u1ee3ng m\u1eb7t tr\u1eddi (solar farm).<\/li>\n<\/ul>\n<\/div>\n<hr \/>\n<p><span style=\"font-size: 120%; color: #003366;\"><strong>COMBO CHO GI\u1ea2I PH\u00c1P<\/strong><\/span><\/p>\n\n  \n    <div class=\"row large-columns-4 medium-columns-3 small-columns-2 row-small slider row-slider slider-nav-reveal slider-nav-push\"  data-flickity-options='{\"imagesLoaded\": true, \"groupCells\": \"100%\", \"dragThreshold\" : 5, \"cellAlign\": \"left\",\"wrapAround\": true,\"prevNextButtons\": true,\"percentPosition\": true,\"pageDots\": false, \"rightToLeft\": false, \"autoPlay\" : false}' >\n\n  \t\n\t     <div class=\"product-small col has-hover product type-product post-2803 status-publish first instock product_cat-combo-hoa-luoi product_tag-3kw product_tag-bao-gia-lap-dat-dien-mat-troi-hoa-luoi-3kw product_tag-combo-dien-mat-troi-3kw-cho-ho-gia-dinh product_tag-dien-mat-troi has-post-thumbnail shipping-taxable purchasable product-type-variable\">\n\t<div class=\"col-inner\">\n\t\n<div class=\"badge-container absolute left top z-1\">\n\n<\/div>\n\t<div class=\"product-small box \">\n\t\t<div class=\"box-image\">\n\t\t\t<div class=\"image-zoom\">\n\t\t\t\t<a href=\"https:\/\/tpenergy.com.vn\/?product=combo-he-thong-dien-mat-troi-3kw-cho-ho-gia-dinh-hoa-don-tu-1-2-trieu\" aria-label=\"Combo \u0110i\u1ec7n m\u1eb7t tr\u1eddi ho\u00e0 l\u01b0\u1edbi 3kW\">\n\t\t\t\t\t<img loading=\"lazy\" decoding=\"async\" width=\"247\" height=\"247\" src=\"https:\/\/tpenergy.com.vn\/wp-content\/uploads\/2023\/07\/z5318030740692_663ee81523d800202f95505dba988210-247x247.jpg\" class=\"attachment-woocommerce_thumbnail size-woocommerce_thumbnail\" alt=\"\" srcset=\"https:\/\/tpenergy.com.vn\/wp-content\/uploads\/2023\/07\/z5318030740692_663ee81523d800202f95505dba988210-247x247.jpg 247w, https:\/\/tpenergy.com.vn\/wp-content\/uploads\/2023\/07\/z5318030740692_663ee81523d800202f95505dba988210-768x768.jpg 768w, https:\/\/tpenergy.com.vn\/wp-content\/uploads\/2023\/07\/z5318030740692_663ee81523d800202f95505dba988210-1536x1536.jpg 1536w, https:\/\/tpenergy.com.vn\/wp-content\/uploads\/2023\/07\/z5318030740692_663ee81523d800202f95505dba988210-2048x2048.jpg 2048w, https:\/\/tpenergy.com.vn\/wp-content\/uploads\/2023\/07\/z5318030740692_663ee81523d800202f95505dba988210-510x510.jpg 510w, https:\/\/tpenergy.com.vn\/wp-content\/uploads\/2023\/07\/z5318030740692_663ee81523d800202f95505dba988210-100x100.jpg 100w\" sizes=\"(max-width: 247px) 100vw, 247px\" \/>\t\t\t\t<\/a>\n\t\t\t<\/div>\n\t\t\t<div class=\"image-tools is-small top right show-on-hover\">\n\t\t\t\t\t\t\t<\/div>\n\t\t\t<div class=\"image-tools is-small hide-for-small bottom left show-on-hover\">\n\t\t\t\t\t\t\t<\/div>\n\t\t\t<div class=\"image-tools grid-tools text-center hide-for-small bottom hover-slide-in show-on-hover\">\n\t\t\t\t\t\t\t<\/div>\n\t\t\t\t\t<\/div>\n\n\t\t<div class=\"box-text box-text-products text-center grid-style-2\">\n\t\t\t<div class=\"title-wrapper\"><p class=\"name product-title woocommerce-loop-product__title\"><a href=\"https:\/\/tpenergy.com.vn\/?product=combo-he-thong-dien-mat-troi-3kw-cho-ho-gia-dinh-hoa-don-tu-1-2-trieu\" class=\"woocommerce-LoopProduct-link woocommerce-loop-product__link\">Combo \u0110i\u1ec7n m\u1eb7t tr\u1eddi ho\u00e0 l\u01b0\u1edbi 3kW<\/a><\/p><\/div><div class=\"price-wrapper\">\n\t<span class=\"price\"><span class=\"woocommerce-Price-amount amount\"><bdi>27.000.000<span class=\"woocommerce-Price-currencySymbol\">&#8363;<\/span><\/bdi><\/span> &ndash; <span class=\"woocommerce-Price-amount amount\"><bdi>33.000.000<span class=\"woocommerce-Price-currencySymbol\">&#8363;<\/span><\/bdi><\/span><\/span>\n<\/div>\t\t<\/div>\n\t<\/div>\n\t\t<\/div>\n<\/div><div class=\"product-small col has-hover product type-product post-2805 status-publish instock product_cat-combo-hoa-luoi product_tag-5kw product_tag-bao-gia-lap-dat-dien-mat-troi-hoa-luoi-5kw product_tag-combo-dien-mat-troi-kw-cho-ho-gia-dinh product_tag-lap-dat-he-thong-dien-amt-troi-5kw has-post-thumbnail shipping-taxable purchasable product-type-variable\">\n\t<div class=\"col-inner\">\n\t\n<div class=\"badge-container absolute left top z-1\">\n\n<\/div>\n\t<div class=\"product-small box \">\n\t\t<div class=\"box-image\">\n\t\t\t<div class=\"image-zoom\">\n\t\t\t\t<a href=\"https:\/\/tpenergy.com.vn\/?product=tron-bo-hoa-luoi-5kwp-kehua-1-pha\" aria-label=\"Combo \u0110i\u1ec7n m\u1eb7t tr\u1eddi ho\u00e0 l\u01b0\u1edbi 5kW\">\n\t\t\t\t\t<img loading=\"lazy\" decoding=\"async\" width=\"247\" height=\"247\" src=\"https:\/\/tpenergy.com.vn\/wp-content\/uploads\/2023\/07\/qqq-247x247.jpg\" class=\"attachment-woocommerce_thumbnail size-woocommerce_thumbnail\" alt=\"\" srcset=\"https:\/\/tpenergy.com.vn\/wp-content\/uploads\/2023\/07\/qqq-247x247.jpg 247w, https:\/\/tpenergy.com.vn\/wp-content\/uploads\/2023\/07\/qqq-768x768.jpg 768w, https:\/\/tpenergy.com.vn\/wp-content\/uploads\/2023\/07\/qqq-1536x1536.jpg 1536w, https:\/\/tpenergy.com.vn\/wp-content\/uploads\/2023\/07\/qqq-2048x2048.jpg 2048w, https:\/\/tpenergy.com.vn\/wp-content\/uploads\/2023\/07\/qqq-510x510.jpg 510w, https:\/\/tpenergy.com.vn\/wp-content\/uploads\/2023\/07\/qqq-100x100.jpg 100w\" sizes=\"(max-width: 247px) 100vw, 247px\" \/>\t\t\t\t<\/a>\n\t\t\t<\/div>\n\t\t\t<div class=\"image-tools is-small top right show-on-hover\">\n\t\t\t\t\t\t\t<\/div>\n\t\t\t<div class=\"image-tools is-small hide-for-small bottom left show-on-hover\">\n\t\t\t\t\t\t\t<\/div>\n\t\t\t<div class=\"image-tools grid-tools text-center hide-for-small bottom hover-slide-in show-on-hover\">\n\t\t\t\t\t\t\t<\/div>\n\t\t\t\t\t<\/div>\n\n\t\t<div class=\"box-text box-text-products text-center grid-style-2\">\n\t\t\t<div class=\"title-wrapper\"><p class=\"name product-title woocommerce-loop-product__title\"><a href=\"https:\/\/tpenergy.com.vn\/?product=tron-bo-hoa-luoi-5kwp-kehua-1-pha\" class=\"woocommerce-LoopProduct-link woocommerce-loop-product__link\">Combo \u0110i\u1ec7n m\u1eb7t tr\u1eddi ho\u00e0 l\u01b0\u1edbi 5kW<\/a><\/p><\/div><div class=\"price-wrapper\">\n\t<span class=\"price\"><span class=\"woocommerce-Price-amount amount\"><bdi>45.000.000<span class=\"woocommerce-Price-currencySymbol\">&#8363;<\/span><\/bdi><\/span> &ndash; <span class=\"woocommerce-Price-amount amount\"><bdi>55.000.000<span class=\"woocommerce-Price-currencySymbol\">&#8363;<\/span><\/bdi><\/span><\/span>\n<\/div>\t\t<\/div>\n\t<\/div>\n\t\t<\/div>\n<\/div><div class=\"product-small col has-hover product type-product post-2806 status-publish instock product_cat-combo-hoa-luoi product_tag-10kw product_tag-bao-gia-lap-dat-dien-mat-troi-hoa-luoi-10kw product_tag-combo-dien-mat-troi-hoa-luoi-10kw product_tag-lap-dat-dien-mat-troi-uy-tin has-post-thumbnail shipping-taxable purchasable product-type-variable\">\n\t<div class=\"col-inner\">\n\t\n<div class=\"badge-container absolute left top z-1\">\n\n<\/div>\n\t<div class=\"product-small box \">\n\t\t<div class=\"box-image\">\n\t\t\t<div class=\"image-zoom\">\n\t\t\t\t<a href=\"https:\/\/tpenergy.com.vn\/?product=2806\" aria-label=\"Combo \u0110i\u1ec7n m\u1eb7t tr\u1eddi ho\u00e0 l\u01b0\u1edbi 10kW\">\n\t\t\t\t\t<img loading=\"lazy\" decoding=\"async\" width=\"247\" height=\"247\" src=\"https:\/\/tpenergy.com.vn\/wp-content\/uploads\/2023\/07\/z5318030724292_255e1748f79065e63f339f77f7a38e3f-247x247.jpg\" class=\"attachment-woocommerce_thumbnail size-woocommerce_thumbnail\" alt=\"\" srcset=\"https:\/\/tpenergy.com.vn\/wp-content\/uploads\/2023\/07\/z5318030724292_255e1748f79065e63f339f77f7a38e3f-247x247.jpg 247w, https:\/\/tpenergy.com.vn\/wp-content\/uploads\/2023\/07\/z5318030724292_255e1748f79065e63f339f77f7a38e3f-768x768.jpg 768w, https:\/\/tpenergy.com.vn\/wp-content\/uploads\/2023\/07\/z5318030724292_255e1748f79065e63f339f77f7a38e3f-1536x1536.jpg 1536w, https:\/\/tpenergy.com.vn\/wp-content\/uploads\/2023\/07\/z5318030724292_255e1748f79065e63f339f77f7a38e3f-2048x2048.jpg 2048w, https:\/\/tpenergy.com.vn\/wp-content\/uploads\/2023\/07\/z5318030724292_255e1748f79065e63f339f77f7a38e3f-510x510.jpg 510w, https:\/\/tpenergy.com.vn\/wp-content\/uploads\/2023\/07\/z5318030724292_255e1748f79065e63f339f77f7a38e3f-100x100.jpg 100w\" sizes=\"(max-width: 247px) 100vw, 247px\" \/>\t\t\t\t<\/a>\n\t\t\t<\/div>\n\t\t\t<div class=\"image-tools is-small top right show-on-hover\">\n\t\t\t\t\t\t\t<\/div>\n\t\t\t<div class=\"image-tools is-small hide-for-small bottom left show-on-hover\">\n\t\t\t\t\t\t\t<\/div>\n\t\t\t<div class=\"image-tools grid-tools text-center hide-for-small bottom hover-slide-in show-on-hover\">\n\t\t\t\t\t\t\t<\/div>\n\t\t\t\t\t<\/div>\n\n\t\t<div class=\"box-text box-text-products text-center grid-style-2\">\n\t\t\t<div class=\"title-wrapper\"><p class=\"name product-title woocommerce-loop-product__title\"><a href=\"https:\/\/tpenergy.com.vn\/?product=2806\" class=\"woocommerce-LoopProduct-link woocommerce-loop-product__link\">Combo \u0110i\u1ec7n m\u1eb7t tr\u1eddi ho\u00e0 l\u01b0\u1edbi 10kW<\/a><\/p><\/div><div class=\"price-wrapper\">\n\t<span class=\"price\"><span class=\"woocommerce-Price-amount amount\"><bdi>90.000.000<span class=\"woocommerce-Price-currencySymbol\">&#8363;<\/span><\/bdi><\/span> &ndash; <span class=\"woocommerce-Price-amount amount\"><bdi>110.000.000<span class=\"woocommerce-Price-currencySymbol\">&#8363;<\/span><\/bdi><\/span><\/span>\n<\/div>\t\t<\/div>\n\t<\/div>\n\t\t<\/div>\n<\/div><div class=\"product-small col has-hover product type-product post-2808 status-publish last instock product_cat-combo-hoa-luoi product_tag-8kw product_tag-bao-gia-lap-dat-dien-mat-troi-hoa-luoi-8kw product_tag-combo-dien-mat-troi-hoa-luoi-8kw product_tag-lap-dat-dien-mat-troi product_tag-lap-dat-dien-mat-troi-uy-tin has-post-thumbnail shipping-taxable purchasable product-type-variable\">\n\t<div class=\"col-inner\">\n\t\n<div class=\"badge-container absolute left top z-1\">\n\n<\/div>\n\t<div class=\"product-small box \">\n\t\t<div class=\"box-image\">\n\t\t\t<div class=\"image-zoom\">\n\t\t\t\t<a href=\"https:\/\/tpenergy.com.vn\/?product=2808\" aria-label=\"Combo \u0110i\u1ec7n m\u1eb7t tr\u1eddi ho\u00e0 l\u01b0\u1edbi 8kW\">\n\t\t\t\t\t<img loading=\"lazy\" decoding=\"async\" width=\"247\" height=\"247\" src=\"https:\/\/tpenergy.com.vn\/wp-content\/uploads\/2023\/07\/8k-247x247.jpg\" class=\"attachment-woocommerce_thumbnail size-woocommerce_thumbnail\" alt=\"\" srcset=\"https:\/\/tpenergy.com.vn\/wp-content\/uploads\/2023\/07\/8k-247x247.jpg 247w, https:\/\/tpenergy.com.vn\/wp-content\/uploads\/2023\/07\/8k-768x768.jpg 768w, https:\/\/tpenergy.com.vn\/wp-content\/uploads\/2023\/07\/8k-1536x1536.jpg 1536w, https:\/\/tpenergy.com.vn\/wp-content\/uploads\/2023\/07\/8k-2048x2048.jpg 2048w, https:\/\/tpenergy.com.vn\/wp-content\/uploads\/2023\/07\/8k-510x510.jpg 510w, https:\/\/tpenergy.com.vn\/wp-content\/uploads\/2023\/07\/8k-100x100.jpg 100w\" sizes=\"(max-width: 247px) 100vw, 247px\" \/>\t\t\t\t<\/a>\n\t\t\t<\/div>\n\t\t\t<div class=\"image-tools is-small top right show-on-hover\">\n\t\t\t\t\t\t\t<\/div>\n\t\t\t<div class=\"image-tools is-small hide-for-small bottom left show-on-hover\">\n\t\t\t\t\t\t\t<\/div>\n\t\t\t<div class=\"image-tools grid-tools text-center hide-for-small bottom hover-slide-in show-on-hover\">\n\t\t\t\t\t\t\t<\/div>\n\t\t\t\t\t<\/div>\n\n\t\t<div class=\"box-text box-text-products text-center grid-style-2\">\n\t\t\t<div class=\"title-wrapper\"><p class=\"name product-title woocommerce-loop-product__title\"><a href=\"https:\/\/tpenergy.com.vn\/?product=2808\" class=\"woocommerce-LoopProduct-link woocommerce-loop-product__link\">Combo \u0110i\u1ec7n m\u1eb7t tr\u1eddi ho\u00e0 l\u01b0\u1edbi 8kW<\/a><\/p><\/div><div class=\"price-wrapper\">\n\t<span class=\"price\"><span class=\"woocommerce-Price-amount amount\"><bdi>7.200.000<span class=\"woocommerce-Price-currencySymbol\">&#8363;<\/span><\/bdi><\/span> &ndash; <span class=\"woocommerce-Price-amount amount\"><bdi>88.000.000<span class=\"woocommerce-Price-currencySymbol\">&#8363;<\/span><\/bdi><\/span><\/span>\n<\/div>\t\t<\/div>\n\t<\/div>\n\t\t<\/div>\n<\/div><\/div>\n","protected":false},"excerpt":{"rendered":"<p>H\u1ec6 TH\u1ed0NG \u0110I\u1ec6N N\u0102NG L\u01af\u1ee2NG M\u1eb6T TR\u1edcI H\u00d2A L\u01af\u1edaI KH\u00d4NG L\u01afU TR\u1eee M\u00d4 H\u00ccNH GI\u1ea2I PH\u00c1P NGUY\u00caN L\u00dd HO\u1ea0T \u0110\u1ed8NG. H\u1ec7 th\u1ed1ng Pin n\u0103ng l\u01b0\u1ee3ng m\u1eb7t tr\u1eddi s\u1ebd nh\u1eadn b\u1ee9c x\u1ea1 v\u00e0 chuy\u1ec3n h\u00f3a th\u00e0nh ngu\u1ed3n \u0111i\u1ec7n m\u1ed9t chi\u1ec1u (DC).Ngu\u1ed3n \u0111i\u1ec7n 1 chi\u1ec1u (DC) s\u1ebd \u0111\u01b0\u1ee3c b\u1ed9 inverter chuy\u1ec3n h\u00f3a th\u00e0nh ngu\u1ed3n \u0111i\u1ec7n xoay chi\u1ec1u&#8230;<\/p>\n","protected":false},"author":1,"featured_media":2685,"parent":2001,"menu_order":0,"comment_status":"closed","ping_status":"closed","template":"page-right-sidebar.php","meta":{"_eb_attr":"","footnotes":""},"class_list":["post-2026","page","type-page","status-publish","has-post-thumbnail","hentry"],"yoast_head":"<!-- This site is optimized with the Yoast SEO plugin v20.9 - https:\/\/yoast.com\/wordpress\/plugins\/seo\/ -->\r\n<title>H\u00d2A L\u01af\u1edaI KH\u00d4NG L\u01afU TR\u1eee - Thuan Phong Solar Energy<\/title>\r\n<meta name=\"robots\" content=\"index, follow, max-snippet:-1, max-image-preview:large, max-video-preview:-1\" \/>\r\n<link rel=\"canonical\" href=\"https:\/\/tpenergy.com.vn\/?page_id=2026\" \/>\r\n<meta property=\"og:locale\" content=\"vi_VN\" \/>\r\n<meta property=\"og:type\" content=\"article\" \/>\r\n<meta property=\"og:title\" content=\"H\u00d2A L\u01af\u1edaI KH\u00d4NG L\u01afU TR\u1eee - Thuan Phong Solar Energy\" \/>\r\n<meta property=\"og:description\" content=\"H\u1ec6 TH\u1ed0NG \u0110I\u1ec6N N\u0102NG L\u01af\u1ee2NG M\u1eb6T TR\u1edcI H\u00d2A L\u01af\u1edaI KH\u00d4NG L\u01afU TR\u1eee M\u00d4 H\u00ccNH GI\u1ea2I PH\u00c1P NGUY\u00caN L\u00dd HO\u1ea0T \u0110\u1ed8NG. H\u1ec7 th\u1ed1ng Pin n\u0103ng l\u01b0\u1ee3ng m\u1eb7t tr\u1eddi s\u1ebd nh\u1eadn b\u1ee9c x\u1ea1 v\u00e0 chuy\u1ec3n h\u00f3a th\u00e0nh ngu\u1ed3n \u0111i\u1ec7n m\u1ed9t chi\u1ec1u (DC).Ngu\u1ed3n \u0111i\u1ec7n 1 chi\u1ec1u (DC) s\u1ebd \u0111\u01b0\u1ee3c b\u1ed9 inverter chuy\u1ec3n h\u00f3a th\u00e0nh ngu\u1ed3n \u0111i\u1ec7n xoay chi\u1ec1u...\" \/>\r\n<meta property=\"og:url\" content=\"https:\/\/tpenergy.com.vn\/?page_id=2026\" \/>\r\n<meta property=\"og:site_name\" content=\"Thuan Phong Solar Energy\" \/>\r\n<meta property=\"article:modified_time\" content=\"2023-07-25T09:56:57+00:00\" \/>\r\n<meta property=\"og:image\" content=\"https:\/\/tpenergy.com.vn\/wp-content\/uploads\/2023\/07\/he-thong-dien-nang-luong-mat-troi-hoa-luoi.jpg\" \/>\r\n\t<meta property=\"og:image:width\" content=\"960\" \/>\r\n\t<meta property=\"og:image:height\" content=\"500\" \/>\r\n\t<meta property=\"og:image:type\" content=\"image\/jpeg\" \/>\r\n<meta name=\"twitter:card\" content=\"summary_large_image\" \/>\r\n<meta name=\"twitter:label1\" content=\"\u01af\u1edbc t\u00ednh th\u1eddi gian \u0111\u1ecdc\" \/>\n\t<meta name=\"twitter:data1\" content=\"2 ph\u00fat\" \/>\r\n<script type=\"application\/ld+json\" class=\"yoast-schema-graph\">{\"@context\":\"https:\/\/schema.org\",\"@graph\":[{\"@type\":\"WebPage\",\"@id\":\"https:\/\/tpenergy.com.vn\/?page_id=2026\",\"url\":\"https:\/\/tpenergy.com.vn\/?page_id=2026\",\"name\":\"H\u00d2A L\u01af\u1edaI KH\u00d4NG L\u01afU TR\u1eee - Thuan Phong Solar Energy\",\"isPartOf\":{\"@id\":\"https:\/\/tpenergy.com.vn\/#website\"},\"datePublished\":\"2023-07-07T10:28:39+00:00\",\"dateModified\":\"2023-07-25T09:56:57+00:00\",\"breadcrumb\":{\"@id\":\"https:\/\/tpenergy.com.vn\/?page_id=2026#breadcrumb\"},\"inLanguage\":\"vi\",\"potentialAction\":[{\"@type\":\"ReadAction\",\"target\":[\"https:\/\/tpenergy.com.vn\/?page_id=2026\"]}]},{\"@type\":\"BreadcrumbList\",\"@id\":\"https:\/\/tpenergy.com.vn\/?page_id=2026#breadcrumb\",\"itemListElement\":[{\"@type\":\"ListItem\",\"position\":1,\"name\":\"Trang ch\u1ee7\",\"item\":\"https:\/\/tpenergy.com.vn\/\"},{\"@type\":\"ListItem\",\"position\":2,\"name\":\"GI\u1ea2I PH\u00c1P N\u0102NG L\u01af\u1ee2NG\",\"item\":\"https:\/\/tpenergy.com.vn\/?page_id=2001\"},{\"@type\":\"ListItem\",\"position\":3,\"name\":\"H\u00d2A L\u01af\u1edaI KH\u00d4NG L\u01afU TR\u1eee\"}]},{\"@type\":\"WebSite\",\"@id\":\"https:\/\/tpenergy.com.vn\/#website\",\"url\":\"https:\/\/tpenergy.com.vn\/\",\"name\":\"Thuan Phong Solar Energy\",\"description\":\"\",\"potentialAction\":[{\"@type\":\"SearchAction\",\"target\":{\"@type\":\"EntryPoint\",\"urlTemplate\":\"https:\/\/tpenergy.com.vn\/?s={search_term_string}\"},\"query-input\":\"required name=search_term_string\"}],\"inLanguage\":\"vi\"}]}<\/script>\r\n<!-- \/ Yoast SEO plugin. -->","yoast_head_json":{"title":"H\u00d2A L\u01af\u1edaI KH\u00d4NG L\u01afU TR\u1eee - Thuan Phong Solar Energy","robots":{"index":"index","follow":"follow","max-snippet":"max-snippet:-1","max-image-preview":"max-image-preview:large","max-video-preview":"max-video-preview:-1"},"canonical":"https:\/\/tpenergy.com.vn\/?page_id=2026","og_locale":"vi_VN","og_type":"article","og_title":"H\u00d2A L\u01af\u1edaI KH\u00d4NG L\u01afU TR\u1eee - Thuan Phong Solar Energy","og_description":"H\u1ec6 TH\u1ed0NG \u0110I\u1ec6N N\u0102NG L\u01af\u1ee2NG M\u1eb6T TR\u1edcI H\u00d2A L\u01af\u1edaI KH\u00d4NG L\u01afU TR\u1eee M\u00d4 H\u00ccNH GI\u1ea2I PH\u00c1P NGUY\u00caN L\u00dd HO\u1ea0T \u0110\u1ed8NG. H\u1ec7 th\u1ed1ng Pin n\u0103ng l\u01b0\u1ee3ng m\u1eb7t tr\u1eddi s\u1ebd nh\u1eadn b\u1ee9c x\u1ea1 v\u00e0 chuy\u1ec3n h\u00f3a th\u00e0nh ngu\u1ed3n \u0111i\u1ec7n m\u1ed9t chi\u1ec1u (DC).Ngu\u1ed3n \u0111i\u1ec7n 1 chi\u1ec1u (DC) s\u1ebd \u0111\u01b0\u1ee3c b\u1ed9 inverter chuy\u1ec3n h\u00f3a th\u00e0nh ngu\u1ed3n \u0111i\u1ec7n xoay chi\u1ec1u...","og_url":"https:\/\/tpenergy.com.vn\/?page_id=2026","og_site_name":"Thuan Phong Solar Energy","article_modified_time":"2023-07-25T09:56:57+00:00","og_image":[{"width":960,"height":500,"url":"https:\/\/tpenergy.com.vn\/wp-content\/uploads\/2023\/07\/he-thong-dien-nang-luong-mat-troi-hoa-luoi.jpg","type":"image\/jpeg"}],"twitter_card":"summary_large_image","twitter_misc":{"\u01af\u1edbc t\u00ednh th\u1eddi gian \u0111\u1ecdc":"2 ph\u00fat"},"schema":{"@context":"https:\/\/schema.org","@graph":[{"@type":"WebPage","@id":"https:\/\/tpenergy.com.vn\/?page_id=2026","url":"https:\/\/tpenergy.com.vn\/?page_id=2026","name":"H\u00d2A L\u01af\u1edaI KH\u00d4NG L\u01afU TR\u1eee - Thuan Phong Solar Energy","isPartOf":{"@id":"https:\/\/tpenergy.com.vn\/#website"},"datePublished":"2023-07-07T10:28:39+00:00","dateModified":"2023-07-25T09:56:57+00:00","breadcrumb":{"@id":"https:\/\/tpenergy.com.vn\/?page_id=2026#breadcrumb"},"inLanguage":"vi","potentialAction":[{"@type":"ReadAction","target":["https:\/\/tpenergy.com.vn\/?page_id=2026"]}]},{"@type":"BreadcrumbList","@id":"https:\/\/tpenergy.com.vn\/?page_id=2026#breadcrumb","itemListElement":[{"@type":"ListItem","position":1,"name":"Trang ch\u1ee7","item":"https:\/\/tpenergy.com.vn\/"},{"@type":"ListItem","position":2,"name":"GI\u1ea2I PH\u00c1P N\u0102NG L\u01af\u1ee2NG","item":"https:\/\/tpenergy.com.vn\/?page_id=2001"},{"@type":"ListItem","position":3,"name":"H\u00d2A L\u01af\u1edaI KH\u00d4NG L\u01afU TR\u1eee"}]},{"@type":"WebSite","@id":"https:\/\/tpenergy.com.vn\/#website","url":"https:\/\/tpenergy.com.vn\/","name":"Thuan Phong Solar Energy","description":"","potentialAction":[{"@type":"SearchAction","target":{"@type":"EntryPoint","urlTemplate":"https:\/\/tpenergy.com.vn\/?s={search_term_string}"},"query-input":"required name=search_term_string"}],"inLanguage":"vi"}]}},"_links":{"self":[{"href":"https:\/\/tpenergy.com.vn\/index.php?rest_route=\/wp\/v2\/pages\/2026"}],"collection":[{"href":"https:\/\/tpenergy.com.vn\/index.php?rest_route=\/wp\/v2\/pages"}],"about":[{"href":"https:\/\/tpenergy.com.vn\/index.php?rest_route=\/wp\/v2\/types\/page"}],"author":[{"embeddable":true,"href":"https:\/\/tpenergy.com.vn\/index.php?rest_route=\/wp\/v2\/users\/1"}],"replies":[{"embeddable":true,"href":"https:\/\/tpenergy.com.vn\/index.php?rest_route=%2Fwp%2Fv2%2Fcomments&post=2026"}],"version-history":[{"count":7,"href":"https:\/\/tpenergy.com.vn\/index.php?rest_route=\/wp\/v2\/pages\/2026\/revisions"}],"predecessor-version":[{"id":2827,"href":"https:\/\/tpenergy.com.vn\/index.php?rest_route=\/wp\/v2\/pages\/2026\/revisions\/2827"}],"up":[{"embeddable":true,"href":"https:\/\/tpenergy.com.vn\/index.php?rest_route=\/wp\/v2\/pages\/2001"}],"wp:featuredmedia":[{"embeddable":true,"href":"https:\/\/tpenergy.com.vn\/index.php?rest_route=\/wp\/v2\/media\/2685"}],"wp:attachment":[{"href":"https:\/\/tpenergy.com.vn\/index.php?rest_route=%2Fwp%2Fv2%2Fmedia&parent=2026"}],"curies":[{"name":"wp","href":"https:\/\/api.w.org\/{rel}","templated":true}]}}