{"id":2023,"date":"2023-07-07T17:27:48","date_gmt":"2023-07-07T10:27:48","guid":{"rendered":"https:\/\/tpenergy.com.vn\/?page_id=2023"},"modified":"2023-07-25T13:12:22","modified_gmt":"2023-07-25T06:12:22","slug":"hoa-luoi-co-luu-tru","status":"publish","type":"page","link":"https:\/\/tpenergy.com.vn\/?page_id=2023","title":{"rendered":"H\u00d2A L\u01af\u1edaI C\u00d3 L\u01afU TR\u1eee"},"content":{"rendered":"\n  <div class=\"banner has-hover\" id=\"banner-650334989\">\n          <div class=\"banner-inner fill\">\n        <div class=\"banner-bg fill\" >\n            <div class=\"bg fill bg-fill \"><\/div>\n                                    \n                    <\/div>\n\t\t\n        <div class=\"banner-layers container\">\n            <div class=\"fill banner-link\"><\/div>               <div id=\"text-box-753838656\" class=\"text-box banner-layer x50 md-x50 lg-x50 y50 md-y50 lg-y50 res-text\">\n                     <div data-animate=\"fadeIn\">           <div class=\"text-box-content text dark\">\n              \n              <div class=\"text-inner text-center\">\n                  \n              <\/div>\n           <\/div>\n       <\/div>                     \n<style>\n#text-box-753838656 {\n  width: 60%;\n}\n#text-box-753838656 .text-box-content {\n  font-size: 100%;\n}\n@media (min-width:550px) {\n  #text-box-753838656 {\n    width: 60%;\n  }\n}\n<\/style>\n    <\/div>\n         <\/div>\n      <\/div>\n\n              <div class=\"height-fix is-invisible\"><img loading=\"lazy\" decoding=\"async\" width=\"1885\" height=\"769\" src=\"https:\/\/tpenergy.com.vn\/wp-content\/uploads\/2023\/07\/hybrid.png\" class=\"attachment-large size-large\" alt=\"\" srcset=\"https:\/\/tpenergy.com.vn\/wp-content\/uploads\/2023\/07\/hybrid.png 1885w, https:\/\/tpenergy.com.vn\/wp-content\/uploads\/2023\/07\/hybrid-768x313.png 768w, https:\/\/tpenergy.com.vn\/wp-content\/uploads\/2023\/07\/hybrid-1536x627.png 1536w, https:\/\/tpenergy.com.vn\/wp-content\/uploads\/2023\/07\/hybrid-247x101.png 247w, https:\/\/tpenergy.com.vn\/wp-content\/uploads\/2023\/07\/hybrid-510x208.png 510w\" sizes=\"(max-width: 1885px) 100vw, 1885px\" \/><\/div>\n            \n<style>\n#banner-650334989 .bg.bg-loaded {\n  background-image: url(https:\/\/tpenergy.com.vn\/wp-content\/uploads\/2023\/07\/hybrid.png);\n}\n<\/style>\n  <\/div>\n\n\n\t<div id=\"gap-1715486140\" class=\"gap-element clearfix\" style=\"display:block; height:auto;\">\n\t\t\n<style>\n#gap-1715486140 {\n  padding-top: 30px;\n}\n<\/style>\n\t<\/div>\n\t\n<header class=\"entry-header\">\n<div class=\"entry-header-text entry-header-text-top text-center\">\n<div class=\"heading-page\">\n<p style=\"text-align: center;\"><span style=\"color: #ff0000; font-size: 150%;\"><strong>H\u1ec6 TH\u1ed0NG \u0110I\u1ec6N N\u0102NG L\u01af\u1ee2NG M\u1eb6T TR\u1edcI HYBRID<\/strong><\/span><\/p>\n<p style=\"text-align: left;\"><strong><span style=\"color: #003366;\">M\u00f4 h\u00ecnh gi\u1ea3i ph\u00e1p.<\/span><\/strong><\/p>\n<p style=\"text-align: left;\"><img loading=\"lazy\" decoding=\"async\" class=\"alignnone size-full wp-image-2674\" src=\"https:\/\/tpenergy.com.vn\/wp-content\/uploads\/2023\/07\/abc.png\" alt=\"\" width=\"1024\" height=\"807\" srcset=\"https:\/\/tpenergy.com.vn\/wp-content\/uploads\/2023\/07\/abc.png 1024w, https:\/\/tpenergy.com.vn\/wp-content\/uploads\/2023\/07\/abc-768x605.png 768w, https:\/\/tpenergy.com.vn\/wp-content\/uploads\/2023\/07\/abc-247x195.png 247w, https:\/\/tpenergy.com.vn\/wp-content\/uploads\/2023\/07\/abc-510x402.png 510w\" sizes=\"(max-width: 1024px) 100vw, 1024px\" \/><\/p>\n<p style=\"text-align: left;\"><span style=\"color: #003366;\"><strong>Nguy\u00ean l\u00fd ho\u1ea1t \u0111\u1ed9ng.<\/strong><\/span><\/p>\n<ul>\n<li style=\"text-align: left;\">H\u1ec7 th\u1ed1ng h\u00f2a l\u01b0\u1edbi l\u01b0u tr\u1eef \u01b0u ti\u00ean s\u1eef d\u1ee5ng ngu\u1ed3n n\u0103ng l\u01b0\u1ee3ng m\u1eb7t tr\u1eddi \u0111\u1ec3 chuy\u1ec3n th\u00e0nh ngu\u1ed3n \u0111i\u1ec7n xoay chi\u1ec1u ch\u1ea5t l\u01b0\u1ee3ng cao cho t\u1ea3i \u01b0u ti\u00ean(thi\u1ebft b\u1ecb c\u1ea7n \u01b0u ti\u00ean ngu\u1ed3n \u0111i\u1ec7n li\u00ean t\u1ee5c),\u0111\u1ed3ng th\u1eddi s\u1ea1c cho b\u00ecnh \u0103cquy.n\u1ebfu ngu\u1ed3n n\u0103ng l\u01b0\u1ee3ng m\u1eb7t tr\u1eddi c\u00f2n d\u01b0 th\u00ec s\u1ebd \u0111\u01b0\u1ee3c h\u00f2a v\u00e0o l\u01b0\u1edbi \u0111i\u1ec7n.<\/li>\n<li style=\"text-align: left;\">Khi ngu\u1ed3n n\u0103ng l\u01b0\u1ee3ng m\u1eb7t tr\u1eddi thi\u1ebfu,h\u1ec7 th\u1ed1ng s\u1ebd s\u1eef d\u1ee5ng \u0111\u1ed3ng th\u1eddi ngu\u1ed3n \u0111i\u1ec7n t\u1eeb acquy v\u00e0 ngu\u1ed3n n\u0103ng l\u01b0\u1ee3ng m\u1eb7t tr\u1eddi \u0111\u1ec3 cung c\u1ea5p cho t\u1ea3i.<\/li>\n<li style=\"text-align: left;\">Khi c\u1ea3 2 ngu\u1ed3n n\u0103ng l\u01b0\u1ee3ng m\u1eb7t tr\u1eddi v\u00e0 acquy b\u1ecb thi\u1ebfu th\u00ec h\u1ec7 th\u1ed1ng s\u1ebd d\u00f9ng ngu\u1ed3n \u0111i\u1ec7n l\u01b0\u1edbi cung c\u1ea5p cho t\u1ea3i ti\u00eau th\u1ee5 v\u00e0 s\u1ea1c cho acquy.<\/li>\n<li style=\"text-align: left;\">Ngo\u00e0i ra h\u1ec7 th\u1ed1ng c\u00f2n t\u00edch h\u1ee3p ch\u01b0\u01a1ng tr\u00ecnh b\u1ea3o v\u1ec7 \u1eafc quy th\u00f4ng minh ,\u01b0u ti\u00ean s\u1eef d\u1ee5ng n\u0103ng l\u01b0\u1ee3ng m\u1eb7t tr\u1eddi v\u00e0 h\u1ea1n ch\u1ebf vi\u1ec7c s\u1eed d\u1ee5ng \u0111i\u1ec7 l\u01b0\u1edbi s\u1ea1c cho \u1eafc quy.<\/li>\n<\/ul>\n<p style=\"text-align: left;\"><strong><span style=\"color: #003366;\">L\u1ee3i \u00edch v\u00e0 \u01b0u \u0111i\u1ec3m c\u1ee7a gi\u1ea3i ph\u00e1p<\/span><\/strong><\/p>\n<ul>\n<li style=\"text-align: left;\">H\u1ec7 th\u1ed1ng \u0111\u1ea3m b\u1ea3o an ninh n\u0103ng l\u01b0\u1ee3ng v\u00e0 ch\u1ea5t l\u01b0\u1ee3ng ngu\u1ed3n \u0111i\u1ec7n cho c\u00e1c t\u1ea3i \u01b0u ti\u00ean.<\/li>\n<li style=\"text-align: left;\">S\u1eef d\u1ee5ng t\u1ed1i \u0111a ngu\u1ed3n n\u0103ng l\u01b0\u1ee3ng xanh c\u00f9ng v\u1edbi ch\u1ee9c n\u0103ng h\u00f2a l\u01b0\u1edbi gi\u00fap gi\u1ea3m chi ph\u00ed ti\u1ec1n \u0111i\u1ec7n.<\/li>\n<li style=\"text-align: left;\">H\u1ec7 th\u1ed1ng gi\u00fap k\u00e9o d\u00e0i tu\u1ed5i th\u1ecd c\u1ee7a \u0103c quy, gi\u1ea3m chi ph\u00ed b\u1ea3o tr\u00ec v\u00e0 thay th\u1ebf.<\/li>\n<li style=\"text-align: left;\">H\u1ec7 th\u1ed1ng ho\u1ea1t \u0111\u1ed9ng t\u1ef1 \u0111\u1ed9ng v\u00e0 d\u1ec5 d\u00e0ng v\u1eadn h\u00e0nh<\/li>\n<\/ul>\n<\/div>\n<\/div>\n<\/header>\n\n  \n    <div class=\"row large-columns-4 medium-columns-3 small-columns-2 row-small slider row-slider slider-nav-circle slider-nav-push\"  data-flickity-options='{\"imagesLoaded\": true, \"groupCells\": \"100%\", \"dragThreshold\" : 5, \"cellAlign\": \"left\",\"wrapAround\": true,\"prevNextButtons\": true,\"percentPosition\": true,\"pageDots\": false, \"rightToLeft\": false, \"autoPlay\" : false}' >\n\n  \t\n\t     <div class=\"product-small col has-hover product type-product post-2782 status-publish first instock product_cat-combo-hoa-luoi-co-luu-tru-hybrid product_tag-12kw product_tag-bao-gia-lap-dat-dien-mat-troi product_tag-bien-tan-deye product_tag-bien-tan-deye-chinh-hang product_tag-bien-tan-deye-hoa-luoi-luu-tru product_tag-combo-dien-mat-troi-12kw-cho-ho-gia-dinh product_tag-lap-dat-dien-mat-troi-uy-tin has-post-thumbnail shipping-taxable purchasable product-type-variable\">\n\t<div class=\"col-inner\">\n\t\n<div class=\"badge-container absolute left top z-1\">\n\n<\/div>\n\t<div class=\"product-small box \">\n\t\t<div class=\"box-image\">\n\t\t\t<div class=\"image-zoom\">\n\t\t\t\t<a href=\"https:\/\/tpenergy.com.vn\/?product=tron-bo-hoa-luoi-12kwp-hybrid-deye-3-pha\" aria-label=\"H\u1ec7 th\u1ed1ng \u0110i\u1ec7n m\u1eb7t tr\u1eddi ho\u00e0 l\u01b0\u1edbi l\u01b0u tr\u1eef 12kW\">\n\t\t\t\t\t<img loading=\"lazy\" decoding=\"async\" width=\"247\" height=\"247\" src=\"https:\/\/tpenergy.com.vn\/wp-content\/uploads\/2023\/07\/DEYE-ESS-2-247x247.png\" class=\"attachment-woocommerce_thumbnail size-woocommerce_thumbnail\" alt=\"\" srcset=\"https:\/\/tpenergy.com.vn\/wp-content\/uploads\/2023\/07\/DEYE-ESS-2-247x247.png 247w, https:\/\/tpenergy.com.vn\/wp-content\/uploads\/2023\/07\/DEYE-ESS-2-768x768.png 768w, https:\/\/tpenergy.com.vn\/wp-content\/uploads\/2023\/07\/DEYE-ESS-2-510x510.png 510w, https:\/\/tpenergy.com.vn\/wp-content\/uploads\/2023\/07\/DEYE-ESS-2-100x100.png 100w, https:\/\/tpenergy.com.vn\/wp-content\/uploads\/2023\/07\/DEYE-ESS-2.png 1500w\" sizes=\"(max-width: 247px) 100vw, 247px\" \/>\t\t\t\t<\/a>\n\t\t\t<\/div>\n\t\t\t<div class=\"image-tools is-small top right show-on-hover\">\n\t\t\t\t\t\t\t<\/div>\n\t\t\t<div class=\"image-tools is-small hide-for-small bottom left show-on-hover\">\n\t\t\t\t\t\t\t<\/div>\n\t\t\t<div class=\"image-tools grid-tools text-center hide-for-small bottom hover-slide-in show-on-hover\">\n\t\t\t\t\t\t\t<\/div>\n\t\t\t\t\t<\/div>\n\n\t\t<div class=\"box-text box-text-products text-center grid-style-2\">\n\t\t\t<div class=\"title-wrapper\"><p class=\"name product-title woocommerce-loop-product__title\"><a href=\"https:\/\/tpenergy.com.vn\/?product=tron-bo-hoa-luoi-12kwp-hybrid-deye-3-pha\" class=\"woocommerce-LoopProduct-link woocommerce-loop-product__link\">H\u1ec7 th\u1ed1ng \u0110i\u1ec7n m\u1eb7t tr\u1eddi ho\u00e0 l\u01b0\u1edbi l\u01b0u tr\u1eef 12kW<\/a><\/p><\/div><div class=\"price-wrapper\">\n\t<span class=\"price\"><span class=\"woocommerce-Price-amount amount\"><bdi>186.000.000<span class=\"woocommerce-Price-currencySymbol\">&#8363;<\/span><\/bdi><\/span> &ndash; <span class=\"woocommerce-Price-amount amount\"><bdi>216.000.000<span class=\"woocommerce-Price-currencySymbol\">&#8363;<\/span><\/bdi><\/span><\/span>\n<\/div>\t\t<\/div>\n\t<\/div>\n\t\t<\/div>\n<\/div><div class=\"product-small col has-hover product type-product post-2778 status-publish instock product_cat-combo-hoa-luoi-co-luu-tru-hybrid product_tag-8kw product_tag-bao-gia-lap-dat-dien-mat-troi product_tag-combo-hybrid-8kw product_tag-he-thong-dien-mat-troi-hoa-luoi-luu-tru-8kw product_tag-lap-dat-dien-mat-troi-uy-tin has-post-thumbnail shipping-taxable purchasable product-type-variable\">\n\t<div class=\"col-inner\">\n\t\n<div class=\"badge-container absolute left top z-1\">\n\n<\/div>\n\t<div class=\"product-small box \">\n\t\t<div class=\"box-image\">\n\t\t\t<div class=\"image-zoom\">\n\t\t\t\t<a href=\"https:\/\/tpenergy.com.vn\/?product=tron-bo-hoa-luoi-8-kwp-hybrid-deye-1-pha\" aria-label=\"H\u1ec7 th\u1ed1ng \u0110i\u1ec7n m\u1eb7t tr\u1eddi ho\u00e0 l\u01b0\u1edbi l\u01b0u tr\u1eef 8kW\">\n\t\t\t\t\t<img loading=\"lazy\" decoding=\"async\" width=\"247\" height=\"247\" src=\"https:\/\/tpenergy.com.vn\/wp-content\/uploads\/2023\/07\/3-3-247x247.png\" class=\"attachment-woocommerce_thumbnail size-woocommerce_thumbnail\" alt=\"\" srcset=\"https:\/\/tpenergy.com.vn\/wp-content\/uploads\/2023\/07\/3-3-247x247.png 247w, https:\/\/tpenergy.com.vn\/wp-content\/uploads\/2023\/07\/3-3-768x768.png 768w, https:\/\/tpenergy.com.vn\/wp-content\/uploads\/2023\/07\/3-3-1536x1536.png 1536w, https:\/\/tpenergy.com.vn\/wp-content\/uploads\/2023\/07\/3-3-2048x2048.png 2048w, https:\/\/tpenergy.com.vn\/wp-content\/uploads\/2023\/07\/3-3-510x510.png 510w, https:\/\/tpenergy.com.vn\/wp-content\/uploads\/2023\/07\/3-3-100x100.png 100w\" sizes=\"(max-width: 247px) 100vw, 247px\" \/>\t\t\t\t<\/a>\n\t\t\t<\/div>\n\t\t\t<div class=\"image-tools is-small top right show-on-hover\">\n\t\t\t\t\t\t\t<\/div>\n\t\t\t<div class=\"image-tools is-small hide-for-small bottom left show-on-hover\">\n\t\t\t\t\t\t\t<\/div>\n\t\t\t<div class=\"image-tools grid-tools text-center hide-for-small bottom hover-slide-in show-on-hover\">\n\t\t\t\t\t\t\t<\/div>\n\t\t\t\t\t<\/div>\n\n\t\t<div class=\"box-text box-text-products text-center grid-style-2\">\n\t\t\t<div class=\"title-wrapper\"><p class=\"name product-title woocommerce-loop-product__title\"><a href=\"https:\/\/tpenergy.com.vn\/?product=tron-bo-hoa-luoi-8-kwp-hybrid-deye-1-pha\" class=\"woocommerce-LoopProduct-link woocommerce-loop-product__link\">H\u1ec7 th\u1ed1ng \u0110i\u1ec7n m\u1eb7t tr\u1eddi ho\u00e0 l\u01b0\u1edbi l\u01b0u tr\u1eef 8kW<\/a><\/p><\/div><div class=\"price-wrapper\">\n\t<span class=\"price\"><span class=\"woocommerce-Price-amount amount\"><bdi>124.000.000<span class=\"woocommerce-Price-currencySymbol\">&#8363;<\/span><\/bdi><\/span> &ndash; <span class=\"woocommerce-Price-amount amount\"><bdi>144.000.000<span class=\"woocommerce-Price-currencySymbol\">&#8363;<\/span><\/bdi><\/span><\/span>\n<\/div>\t\t<\/div>\n\t<\/div>\n\t\t<\/div>\n<\/div><div class=\"product-small col has-hover product type-product post-2776 status-publish instock product_cat-combo-hoa-luoi-co-luu-tru-hybrid product_tag-5kw product_tag-bao-gia-lap-dat-dien-mat-troi product_tag-combo-hybrid-5kw product_tag-dien-mat-troi-hoa-luoi-luu-tru-5kw product_tag-lap-dat-dien-mat-troi-uy-tin has-post-thumbnail shipping-taxable purchasable product-type-variable\">\n\t<div class=\"col-inner\">\n\t\n<div class=\"badge-container absolute left top z-1\">\n\n<\/div>\n\t<div class=\"product-small box \">\n\t\t<div class=\"box-image\">\n\t\t\t<div class=\"image-zoom\">\n\t\t\t\t<a href=\"https:\/\/tpenergy.com.vn\/?product=tron-bo-cong-suat-5-4-kwp-hybrid-deye-1-pha\" aria-label=\"H\u1ec7 th\u1ed1ng \u0110i\u1ec7n m\u1eb7t tr\u1eddi ho\u00e0 l\u01b0\u1edbi l\u01b0u tr\u1eef 5kW\">\n\t\t\t\t\t<img loading=\"lazy\" decoding=\"async\" width=\"247\" height=\"247\" src=\"https:\/\/tpenergy.com.vn\/wp-content\/uploads\/2023\/07\/2-1-247x247.png\" class=\"attachment-woocommerce_thumbnail size-woocommerce_thumbnail\" alt=\"\" srcset=\"https:\/\/tpenergy.com.vn\/wp-content\/uploads\/2023\/07\/2-1-247x247.png 247w, https:\/\/tpenergy.com.vn\/wp-content\/uploads\/2023\/07\/2-1-768x768.png 768w, https:\/\/tpenergy.com.vn\/wp-content\/uploads\/2023\/07\/2-1-1536x1536.png 1536w, https:\/\/tpenergy.com.vn\/wp-content\/uploads\/2023\/07\/2-1-2048x2048.png 2048w, https:\/\/tpenergy.com.vn\/wp-content\/uploads\/2023\/07\/2-1-510x510.png 510w, https:\/\/tpenergy.com.vn\/wp-content\/uploads\/2023\/07\/2-1-100x100.png 100w\" sizes=\"(max-width: 247px) 100vw, 247px\" \/>\t\t\t\t<\/a>\n\t\t\t<\/div>\n\t\t\t<div class=\"image-tools is-small top right show-on-hover\">\n\t\t\t\t\t\t\t<\/div>\n\t\t\t<div class=\"image-tools is-small hide-for-small bottom left show-on-hover\">\n\t\t\t\t\t\t\t<\/div>\n\t\t\t<div class=\"image-tools grid-tools text-center hide-for-small bottom hover-slide-in show-on-hover\">\n\t\t\t\t\t\t\t<\/div>\n\t\t\t\t\t<\/div>\n\n\t\t<div class=\"box-text box-text-products text-center grid-style-2\">\n\t\t\t<div class=\"title-wrapper\"><p class=\"name product-title woocommerce-loop-product__title\"><a href=\"https:\/\/tpenergy.com.vn\/?product=tron-bo-cong-suat-5-4-kwp-hybrid-deye-1-pha\" class=\"woocommerce-LoopProduct-link woocommerce-loop-product__link\">H\u1ec7 th\u1ed1ng \u0110i\u1ec7n m\u1eb7t tr\u1eddi ho\u00e0 l\u01b0\u1edbi l\u01b0u tr\u1eef 5kW<\/a><\/p><\/div><div class=\"price-wrapper\">\n\t<span class=\"price\"><span class=\"woocommerce-Price-amount amount\"><bdi>77.500.000<span class=\"woocommerce-Price-currencySymbol\">&#8363;<\/span><\/bdi><\/span> &ndash; <span class=\"woocommerce-Price-amount amount\"><bdi>90.000.000<span class=\"woocommerce-Price-currencySymbol\">&#8363;<\/span><\/bdi><\/span><\/span>\n<\/div>\t\t<\/div>\n\t<\/div>\n\t\t<\/div>\n<\/div><div class=\"product-small col has-hover product type-product post-2772 status-publish last instock product_cat-combo-hoa-luoi-co-luu-tru-hybrid product_tag-combo-dien-mat-troi-luu-tru-3kw-cho-ho-gia-dinh product_tag-combo-hybrid-3kw product_tag-he-thong-dien-mat-troi-hoa-luoi-luu-tru-3kw product_tag-lap-dat-dien-mat-troi-uy-tin has-post-thumbnail shipping-taxable purchasable product-type-variable\">\n\t<div class=\"col-inner\">\n\t\n<div class=\"badge-container absolute left top z-1\">\n\n<\/div>\n\t<div class=\"product-small box \">\n\t\t<div class=\"box-image\">\n\t\t\t<div class=\"image-zoom\">\n\t\t\t\t<a href=\"https:\/\/tpenergy.com.vn\/?product=tron-bo-hoa-luoi-3kwp-hybrid-deye-1-pha\" aria-label=\"H\u1ec7 th\u1ed1ng \u0110i\u1ec7n m\u1eb7t tr\u1eddi ho\u00e0 l\u01b0\u1edbi l\u01b0u tr\u1eef 3kW\">\n\t\t\t\t\t<img loading=\"lazy\" decoding=\"async\" width=\"247\" height=\"247\" src=\"https:\/\/tpenergy.com.vn\/wp-content\/uploads\/2024\/04\/DEYE-ESS-1-247x247.png\" class=\"attachment-woocommerce_thumbnail size-woocommerce_thumbnail\" alt=\"\" srcset=\"https:\/\/tpenergy.com.vn\/wp-content\/uploads\/2024\/04\/DEYE-ESS-1-247x247.png 247w, https:\/\/tpenergy.com.vn\/wp-content\/uploads\/2024\/04\/DEYE-ESS-1-768x768.png 768w, https:\/\/tpenergy.com.vn\/wp-content\/uploads\/2024\/04\/DEYE-ESS-1-1536x1536.png 1536w, https:\/\/tpenergy.com.vn\/wp-content\/uploads\/2024\/04\/DEYE-ESS-1-2048x2048.png 2048w, https:\/\/tpenergy.com.vn\/wp-content\/uploads\/2024\/04\/DEYE-ESS-1-510x510.png 510w, https:\/\/tpenergy.com.vn\/wp-content\/uploads\/2024\/04\/DEYE-ESS-1-100x100.png 100w\" sizes=\"(max-width: 247px) 100vw, 247px\" \/>\t\t\t\t<\/a>\n\t\t\t<\/div>\n\t\t\t<div class=\"image-tools is-small top right show-on-hover\">\n\t\t\t\t\t\t\t<\/div>\n\t\t\t<div class=\"image-tools is-small hide-for-small bottom left show-on-hover\">\n\t\t\t\t\t\t\t<\/div>\n\t\t\t<div class=\"image-tools grid-tools text-center hide-for-small bottom hover-slide-in show-on-hover\">\n\t\t\t\t\t\t\t<\/div>\n\t\t\t\t\t<\/div>\n\n\t\t<div class=\"box-text box-text-products text-center grid-style-2\">\n\t\t\t<div class=\"title-wrapper\"><p class=\"name product-title woocommerce-loop-product__title\"><a href=\"https:\/\/tpenergy.com.vn\/?product=tron-bo-hoa-luoi-3kwp-hybrid-deye-1-pha\" class=\"woocommerce-LoopProduct-link woocommerce-loop-product__link\">H\u1ec7 th\u1ed1ng \u0110i\u1ec7n m\u1eb7t tr\u1eddi ho\u00e0 l\u01b0\u1edbi l\u01b0u tr\u1eef 3kW<\/a><\/p><\/div><div class=\"price-wrapper\">\n\t<span class=\"price\"><span class=\"woocommerce-Price-amount amount\"><bdi>46.500.000<span class=\"woocommerce-Price-currencySymbol\">&#8363;<\/span><\/bdi><\/span> &ndash; <span class=\"woocommerce-Price-amount amount\"><bdi>54.000.000<span class=\"woocommerce-Price-currencySymbol\">&#8363;<\/span><\/bdi><\/span><\/span>\n<\/div>\t\t<\/div>\n\t<\/div>\n\t\t<\/div>\n<\/div><\/div>\n","protected":false},"excerpt":{"rendered":"<p>H\u1ec6 TH\u1ed0NG \u0110I\u1ec6N N\u0102NG L\u01af\u1ee2NG M\u1eb6T TR\u1edcI HYBRID M\u00f4 h\u00ecnh gi\u1ea3i ph\u00e1p. Nguy\u00ean l\u00fd ho\u1ea1t \u0111\u1ed9ng. H\u1ec7 th\u1ed1ng h\u00f2a l\u01b0\u1edbi l\u01b0u tr\u1eef \u01b0u ti\u00ean s\u1eef d\u1ee5ng ngu\u1ed3n n\u0103ng l\u01b0\u1ee3ng m\u1eb7t tr\u1eddi \u0111\u1ec3 chuy\u1ec3n th\u00e0nh ngu\u1ed3n \u0111i\u1ec7n xoay chi\u1ec1u ch\u1ea5t l\u01b0\u1ee3ng cao cho t\u1ea3i \u01b0u ti\u00ean(thi\u1ebft b\u1ecb c\u1ea7n \u01b0u ti\u00ean ngu\u1ed3n \u0111i\u1ec7n li\u00ean t\u1ee5c),\u0111\u1ed3ng th\u1eddi s\u1ea1c&#8230;<\/p>\n","protected":false},"author":1,"featured_media":2696,"parent":2001,"menu_order":0,"comment_status":"closed","ping_status":"closed","template":"page-right-sidebar.php","meta":{"_eb_attr":"","footnotes":""},"class_list":["post-2023","page","type-page","status-publish","has-post-thumbnail","hentry"],"yoast_head":"<!-- This site is optimized with the Yoast SEO plugin v20.9 - https:\/\/yoast.com\/wordpress\/plugins\/seo\/ -->\r\n<title>H\u00d2A L\u01af\u1edaI C\u00d3 L\u01afU TR\u1eee - Thuan Phong Solar Energy<\/title>\r\n<meta name=\"robots\" content=\"index, follow, max-snippet:-1, max-image-preview:large, max-video-preview:-1\" \/>\r\n<link rel=\"canonical\" href=\"https:\/\/tpenergy.com.vn\/?page_id=2023\" \/>\r\n<meta property=\"og:locale\" content=\"vi_VN\" \/>\r\n<meta property=\"og:type\" content=\"article\" \/>\r\n<meta property=\"og:title\" content=\"H\u00d2A L\u01af\u1edaI C\u00d3 L\u01afU TR\u1eee - Thuan Phong Solar Energy\" \/>\r\n<meta property=\"og:description\" content=\"H\u1ec6 TH\u1ed0NG \u0110I\u1ec6N N\u0102NG L\u01af\u1ee2NG M\u1eb6T TR\u1edcI HYBRID M\u00f4 h\u00ecnh gi\u1ea3i ph\u00e1p. Nguy\u00ean l\u00fd ho\u1ea1t \u0111\u1ed9ng. H\u1ec7 th\u1ed1ng h\u00f2a l\u01b0\u1edbi l\u01b0u tr\u1eef \u01b0u ti\u00ean s\u1eef d\u1ee5ng ngu\u1ed3n n\u0103ng l\u01b0\u1ee3ng m\u1eb7t tr\u1eddi \u0111\u1ec3 chuy\u1ec3n th\u00e0nh ngu\u1ed3n \u0111i\u1ec7n xoay chi\u1ec1u ch\u1ea5t l\u01b0\u1ee3ng cao cho t\u1ea3i \u01b0u ti\u00ean(thi\u1ebft b\u1ecb c\u1ea7n \u01b0u ti\u00ean ngu\u1ed3n \u0111i\u1ec7n li\u00ean t\u1ee5c),\u0111\u1ed3ng th\u1eddi s\u1ea1c...\" \/>\r\n<meta property=\"og:url\" content=\"https:\/\/tpenergy.com.vn\/?page_id=2023\" \/>\r\n<meta property=\"og:site_name\" content=\"Thuan Phong Solar Energy\" \/>\r\n<meta property=\"article:modified_time\" content=\"2023-07-25T06:12:22+00:00\" \/>\r\n<meta property=\"og:image\" content=\"https:\/\/tpenergy.com.vn\/wp-content\/uploads\/2023\/07\/unnamed-1.jpg\" \/>\r\n\t<meta property=\"og:image:width\" content=\"512\" \/>\r\n\t<meta property=\"og:image:height\" content=\"267\" \/>\r\n\t<meta property=\"og:image:type\" content=\"image\/jpeg\" \/>\r\n<meta name=\"twitter:card\" content=\"summary_large_image\" \/>\r\n<meta name=\"twitter:label1\" content=\"\u01af\u1edbc t\u00ednh th\u1eddi gian \u0111\u1ecdc\" \/>\n\t<meta name=\"twitter:data1\" content=\"2 ph\u00fat\" \/>\r\n<script type=\"application\/ld+json\" class=\"yoast-schema-graph\">{\"@context\":\"https:\/\/schema.org\",\"@graph\":[{\"@type\":\"WebPage\",\"@id\":\"https:\/\/tpenergy.com.vn\/?page_id=2023\",\"url\":\"https:\/\/tpenergy.com.vn\/?page_id=2023\",\"name\":\"H\u00d2A L\u01af\u1edaI C\u00d3 L\u01afU TR\u1eee - Thuan Phong Solar Energy\",\"isPartOf\":{\"@id\":\"https:\/\/tpenergy.com.vn\/#website\"},\"datePublished\":\"2023-07-07T10:27:48+00:00\",\"dateModified\":\"2023-07-25T06:12:22+00:00\",\"breadcrumb\":{\"@id\":\"https:\/\/tpenergy.com.vn\/?page_id=2023#breadcrumb\"},\"inLanguage\":\"vi\",\"potentialAction\":[{\"@type\":\"ReadAction\",\"target\":[\"https:\/\/tpenergy.com.vn\/?page_id=2023\"]}]},{\"@type\":\"BreadcrumbList\",\"@id\":\"https:\/\/tpenergy.com.vn\/?page_id=2023#breadcrumb\",\"itemListElement\":[{\"@type\":\"ListItem\",\"position\":1,\"name\":\"Trang ch\u1ee7\",\"item\":\"https:\/\/tpenergy.com.vn\/\"},{\"@type\":\"ListItem\",\"position\":2,\"name\":\"GI\u1ea2I PH\u00c1P N\u0102NG L\u01af\u1ee2NG\",\"item\":\"https:\/\/tpenergy.com.vn\/?page_id=2001\"},{\"@type\":\"ListItem\",\"position\":3,\"name\":\"H\u00d2A L\u01af\u1edaI C\u00d3 L\u01afU TR\u1eee\"}]},{\"@type\":\"WebSite\",\"@id\":\"https:\/\/tpenergy.com.vn\/#website\",\"url\":\"https:\/\/tpenergy.com.vn\/\",\"name\":\"Thuan Phong Solar Energy\",\"description\":\"\",\"potentialAction\":[{\"@type\":\"SearchAction\",\"target\":{\"@type\":\"EntryPoint\",\"urlTemplate\":\"https:\/\/tpenergy.com.vn\/?s={search_term_string}\"},\"query-input\":\"required name=search_term_string\"}],\"inLanguage\":\"vi\"}]}<\/script>\r\n<!-- \/ Yoast SEO plugin. -->","yoast_head_json":{"title":"H\u00d2A L\u01af\u1edaI C\u00d3 L\u01afU TR\u1eee - Thuan Phong Solar Energy","robots":{"index":"index","follow":"follow","max-snippet":"max-snippet:-1","max-image-preview":"max-image-preview:large","max-video-preview":"max-video-preview:-1"},"canonical":"https:\/\/tpenergy.com.vn\/?page_id=2023","og_locale":"vi_VN","og_type":"article","og_title":"H\u00d2A L\u01af\u1edaI C\u00d3 L\u01afU TR\u1eee - Thuan Phong Solar Energy","og_description":"H\u1ec6 TH\u1ed0NG \u0110I\u1ec6N N\u0102NG L\u01af\u1ee2NG M\u1eb6T TR\u1edcI HYBRID M\u00f4 h\u00ecnh gi\u1ea3i ph\u00e1p. Nguy\u00ean l\u00fd ho\u1ea1t \u0111\u1ed9ng. H\u1ec7 th\u1ed1ng h\u00f2a l\u01b0\u1edbi l\u01b0u tr\u1eef \u01b0u ti\u00ean s\u1eef d\u1ee5ng ngu\u1ed3n n\u0103ng l\u01b0\u1ee3ng m\u1eb7t tr\u1eddi \u0111\u1ec3 chuy\u1ec3n th\u00e0nh ngu\u1ed3n \u0111i\u1ec7n xoay chi\u1ec1u ch\u1ea5t l\u01b0\u1ee3ng cao cho t\u1ea3i \u01b0u ti\u00ean(thi\u1ebft b\u1ecb c\u1ea7n \u01b0u ti\u00ean ngu\u1ed3n \u0111i\u1ec7n li\u00ean t\u1ee5c),\u0111\u1ed3ng th\u1eddi s\u1ea1c...","og_url":"https:\/\/tpenergy.com.vn\/?page_id=2023","og_site_name":"Thuan Phong Solar Energy","article_modified_time":"2023-07-25T06:12:22+00:00","og_image":[{"width":512,"height":267,"url":"https:\/\/tpenergy.com.vn\/wp-content\/uploads\/2023\/07\/unnamed-1.jpg","type":"image\/jpeg"}],"twitter_card":"summary_large_image","twitter_misc":{"\u01af\u1edbc t\u00ednh th\u1eddi gian \u0111\u1ecdc":"2 ph\u00fat"},"schema":{"@context":"https:\/\/schema.org","@graph":[{"@type":"WebPage","@id":"https:\/\/tpenergy.com.vn\/?page_id=2023","url":"https:\/\/tpenergy.com.vn\/?page_id=2023","name":"H\u00d2A L\u01af\u1edaI C\u00d3 L\u01afU TR\u1eee - Thuan Phong Solar Energy","isPartOf":{"@id":"https:\/\/tpenergy.com.vn\/#website"},"datePublished":"2023-07-07T10:27:48+00:00","dateModified":"2023-07-25T06:12:22+00:00","breadcrumb":{"@id":"https:\/\/tpenergy.com.vn\/?page_id=2023#breadcrumb"},"inLanguage":"vi","potentialAction":[{"@type":"ReadAction","target":["https:\/\/tpenergy.com.vn\/?page_id=2023"]}]},{"@type":"BreadcrumbList","@id":"https:\/\/tpenergy.com.vn\/?page_id=2023#breadcrumb","itemListElement":[{"@type":"ListItem","position":1,"name":"Trang ch\u1ee7","item":"https:\/\/tpenergy.com.vn\/"},{"@type":"ListItem","position":2,"name":"GI\u1ea2I PH\u00c1P N\u0102NG L\u01af\u1ee2NG","item":"https:\/\/tpenergy.com.vn\/?page_id=2001"},{"@type":"ListItem","position":3,"name":"H\u00d2A L\u01af\u1edaI C\u00d3 L\u01afU TR\u1eee"}]},{"@type":"WebSite","@id":"https:\/\/tpenergy.com.vn\/#website","url":"https:\/\/tpenergy.com.vn\/","name":"Thuan Phong Solar Energy","description":"","potentialAction":[{"@type":"SearchAction","target":{"@type":"EntryPoint","urlTemplate":"https:\/\/tpenergy.com.vn\/?s={search_term_string}"},"query-input":"required name=search_term_string"}],"inLanguage":"vi"}]}},"_links":{"self":[{"href":"https:\/\/tpenergy.com.vn\/index.php?rest_route=\/wp\/v2\/pages\/2023"}],"collection":[{"href":"https:\/\/tpenergy.com.vn\/index.php?rest_route=\/wp\/v2\/pages"}],"about":[{"href":"https:\/\/tpenergy.com.vn\/index.php?rest_route=\/wp\/v2\/types\/page"}],"author":[{"embeddable":true,"href":"https:\/\/tpenergy.com.vn\/index.php?rest_route=\/wp\/v2\/users\/1"}],"replies":[{"embeddable":true,"href":"https:\/\/tpenergy.com.vn\/index.php?rest_route=%2Fwp%2Fv2%2Fcomments&post=2023"}],"version-history":[{"count":7,"href":"https:\/\/tpenergy.com.vn\/index.php?rest_route=\/wp\/v2\/pages\/2023\/revisions"}],"predecessor-version":[{"id":2789,"href":"https:\/\/tpenergy.com.vn\/index.php?rest_route=\/wp\/v2\/pages\/2023\/revisions\/2789"}],"up":[{"embeddable":true,"href":"https:\/\/tpenergy.com.vn\/index.php?rest_route=\/wp\/v2\/pages\/2001"}],"wp:featuredmedia":[{"embeddable":true,"href":"https:\/\/tpenergy.com.vn\/index.php?rest_route=\/wp\/v2\/media\/2696"}],"wp:attachment":[{"href":"https:\/\/tpenergy.com.vn\/index.php?rest_route=%2Fwp%2Fv2%2Fmedia&parent=2023"}],"curies":[{"name":"wp","href":"https:\/\/api.w.org\/{rel}","templated":true}]}}