{"id":2013,"date":"2023-07-07T17:22:37","date_gmt":"2023-07-07T10:22:37","guid":{"rendered":"https:\/\/tpenergy.com.vn\/?page_id=2013"},"modified":"2023-07-26T16:31:01","modified_gmt":"2023-07-26T09:31:01","slug":"dich-vu-van-hanh","status":"publish","type":"page","link":"https:\/\/tpenergy.com.vn\/?page_id=2013","title":{"rendered":"D\u1ecaCH V\u1ee4 V\u1eacN H\u00c0NH"},"content":{"rendered":"\n  <div class=\"banner has-hover\" id=\"banner-1456619550\">\n          <div class=\"banner-inner fill\">\n        <div class=\"banner-bg fill\" >\n            <div class=\"bg fill bg-fill \"><\/div>\n                        <div class=\"overlay\"><\/div>            \n                    <\/div>\n\t\t\n        <div class=\"banner-layers container\">\n            <div class=\"fill banner-link\"><\/div>            \n   <div id=\"text-box-1545497779\" class=\"text-box banner-layer x50 md-x50 lg-x50 y15 md-y15 lg-y15 res-text\">\n                                <div class=\"text-box-content text dark\">\n              \n              <div class=\"text-inner text-center\">\n                  \n<h3 class=\"uppercase\"><span style=\"font-size: 120%;\"><b>D\u1ecaCH V\u1ee4 V\u1eacN H\u00c0NH<br \/>NH\u00c0 M\u00c1Y \u0110I\u1ec6N M\u1eb6T TR\u1edcI<\/b><\/span><\/h3>\n              <\/div>\n           <\/div>\n                            \n<style>\n#text-box-1545497779 {\n  width: 60%;\n}\n#text-box-1545497779 .text-box-content {\n  font-size: 100%;\n}\n<\/style>\n    <\/div>\n \n        <\/div>\n      <\/div>\n\n            \n<style>\n#banner-1456619550 {\n  padding-top: 368px;\n}\n#banner-1456619550 .bg.bg-loaded {\n  background-image: url(https:\/\/tpenergy.com.vn\/wp-content\/uploads\/2023\/07\/z4549287076092_08819d808f43cb135916a24d1ce210b8.jpg);\n}\n#banner-1456619550 .overlay {\n  background-color: rgba(33, 28, 20, 0.622);\n}\n<\/style>\n  <\/div>\n\n\n\t<div id=\"gap-1261992168\" class=\"gap-element clearfix\" style=\"display:block; height:auto;\">\n\t\t\n<style>\n#gap-1261992168 {\n  padding-top: 30px;\n}\n<\/style>\n\t<\/div>\n\t\n<p><span style=\"font-size: 150%; color: #ff0000;\"><strong>I. T\u1ea0I SAO PH\u1ea2I C\u1ea6N D\u1ecaCH V\u1ee4 V\u1eacN H\u00c0NH?<\/strong><\/span><\/p>\n<p style=\"text-align: justify;\"><span style=\"color: #003366;\">\u00a0 \u00a0 \u00a0 Th\u1ef1c t\u1ebf cho th\u1ea5y, trong su\u1ed1t v\u00f2ng \u0111\u1eddi c\u1ee7a h\u1ec7 th\u1ed1ng \u0111i\u1ec7n n\u0103ng l\u01b0\u1ee3ng m\u1eb7t tr\u1eddi, ngay c\u1ea3 khi h\u1ebft th\u1eddi gian b\u1ea3o h\u00e0nh, h\u1ec7 th\u1ed1ng v\u1eabn ph\u1ea3i ti\u1ebfp t\u1ee5c \u0111\u01b0\u1ee3c v\u1eadn h\u00e0nh v\u00e0 b\u1ea3o d\u01b0\u1ee1ng th\u01b0\u1eddng xuy\u00ean. C\u00f3 r\u1ea5t nhi\u1ec1u nh\u00e0 m\u00e1y \u0111i\u1ec7n n\u0103ng l\u01b0\u1ee3ng m\u1eb7t tr\u1eddi \u0111\u00e3 \u0111\u01b0\u1ee3c x\u00e2y d\u1ef1ng ho\u00e0n t\u1ea5t trong th\u1eddi gian ng\u1eafn v\u1eeba qua v\u00e0 m\u1ed1i quan t\u00e2m l\u1edbn nh\u1ea5t c\u1ee7a nhi\u1ec1u nh\u00e0 \u0111\u1ea7u t\u01b0 v\u00e0 v\u1eadn h\u00e0nh nh\u00e0 m\u00e1y l\u00e0 l\u00e0m sao \u0111\u1ec3 c\u00f3 th\u1ec3 qu\u1ea3n l\u00fd t\u00e0i s\u1ea3n hi\u1ec7u qu\u1ea3, t\u1ed1i \u01b0u chi ph\u00ed v\u1eadn h\u00e0nh cho nh\u00e0 m\u00e1y \u1edf giai \u0111o\u1ea1n h\u1eadu b\u1ea3o h\u00e0nh. D\u1ecbch v\u1ee5 v\u1eadn h\u00e0nh c\u00f3 th\u1ec3 \u0111\u01b0\u1ee3c cung c\u1ea5p b\u1edfi c\u00e1c c\u00f4ng ty ho\u1eb7c t\u1ed5 ch\u1ee9c chuy\u00ean nghi\u1ec7p c\u00f3 kinh nghi\u1ec7m trong l\u0129nh v\u1ef1c n\u0103ng l\u01b0\u1ee3ng t\u00e1i t\u1ea1o v\u00e0 v\u1eadn h\u00e0nh h\u1ec7 th\u1ed1ng \u0111i\u1ec7n m\u1eb7t tr\u1eddi nh\u1eb1m gi\u00fap ch\u1ee7 \u0111\u1ea7u t\u01b0 an t\u00e2m h\u01a1n trong c\u00f4ng t\u00e1c duy tr\u00ec, \u0111i\u1ec1u h\u00e0nh v\u00e0 theo d\u00f5i ho\u1ea1t \u0111\u1ed9ng c\u1ee7a nh\u00e0 m\u00e1y \u0111i\u1ec7n m\u1eb7t tr\u1eddi nh\u1eb1m \u0111\u1ea3m b\u1ea3o hi\u1ec7u su\u1ea5t cao v\u00e0 b\u1ec1n v\u1eefng. M\u1ee5c ti\u00eau c\u1ee7a d\u1ecbch v\u1ee5 n\u00e0y l\u00e0 \u0111\u1ea3m b\u1ea3o r\u1eb1ng nh\u00e0 m\u00e1y \u0111i\u1ec7n m\u1eb7t tr\u1eddi ho\u1ea1t \u0111\u1ed9ng hi\u1ec7u qu\u1ea3, s\u1ea3n xu\u1ea5t \u0111i\u1ec7n \u1ed5n \u0111\u1ecbnh v\u00e0 b\u1ec1n v\u1eefng trong th\u1eddi gian d\u00e0i.<\/span><\/p>\n<p><img loading=\"lazy\" decoding=\"async\" class=\"wp-image-2883 aligncenter\" src=\"https:\/\/tpenergy.com.vn\/wp-content\/uploads\/2023\/07\/z4549256158725_5945043a7ef7cbc6c883a4f5443f832b.jpg\" alt=\"\" width=\"796\" height=\"448\" srcset=\"https:\/\/tpenergy.com.vn\/wp-content\/uploads\/2023\/07\/z4549256158725_5945043a7ef7cbc6c883a4f5443f832b.jpg 2048w, https:\/\/tpenergy.com.vn\/wp-content\/uploads\/2023\/07\/z4549256158725_5945043a7ef7cbc6c883a4f5443f832b-768x432.jpg 768w, https:\/\/tpenergy.com.vn\/wp-content\/uploads\/2023\/07\/z4549256158725_5945043a7ef7cbc6c883a4f5443f832b-1536x864.jpg 1536w, https:\/\/tpenergy.com.vn\/wp-content\/uploads\/2023\/07\/z4549256158725_5945043a7ef7cbc6c883a4f5443f832b-247x139.jpg 247w, https:\/\/tpenergy.com.vn\/wp-content\/uploads\/2023\/07\/z4549256158725_5945043a7ef7cbc6c883a4f5443f832b-510x287.jpg 510w\" sizes=\"(max-width: 796px) 100vw, 796px\" \/><\/p>\n<p><span style=\"color: #ff6600;\"><strong>\u00a0 \u00a0<span style=\"font-size: 120%;\">L\u1ee3i \u00edch c\u1ee7a D\u1ecbch v\u1ee5:<\/span><\/strong><\/span><\/p>\n<ul>\n<li><strong><span style=\"color: #ff6600;\">Ti\u1ebft ki\u1ec7m th\u1eddi gian:<\/span>\u00a0<\/strong><span style=\"color: #003366;\">Tr\u00ean ph\u01b0\u01a1ng ch\u00e2m ph\u00f2ng b\u1ec7nh t\u1ed1t h\u01a1n ch\u1eefa b\u1ec7nh gi\u00fap doanh nghi\u1ec7p \u0111\u1ee1 m\u1ea5t th\u1eddi gian cho vi\u1ec7c kh\u1eafc ph\u1ee5c c\u00e1c s\u1ef1 c\u1ed1.<\/span><\/li>\n<li><span style=\"color: #ff6600;\"><strong>Ti\u1ebft ki\u1ec7m chi ph\u00ed:<\/strong><\/span> <span style=\"color: #003366;\">Ki\u1ec3m tra b\u1ea3o tr\u00ec th\u01b0\u1eddng xuy\u00ean r\u00f5 r\u00e0ng \u00edt \u0111\u1ec3 x\u1ea3y ra s\u1ef1 c\u1ed1 s\u1ebd ti\u1ebft ki\u1ec7m r\u1ea5t nhi\u1ec1u chi ph\u00ed cho kh\u00e1ch h\u00e0ng.<\/span><br \/><span style=\"color: #003366;\">\u1ede c\u00e1c qu\u1ed1c gia ph\u00e1t tri\u1ec3n ch\u1ec9 ra r\u1eb1ng m\u1ed9t nh\u00e0 m\u00e1y \u0111i\u1ec7n m\u1eb7t tr\u1eddi n\u1ebfu c\u00f3 quy tr\u00ecnh v\u1eadn h\u00e0nh v\u00e0 b\u1ea3o tr\u00ec \u0111\u00fang c\u00e1ch s\u1ebd \u0111em l\u1ea1i hi\u1ec7u qu\u1ea3 ho\u1ea1t \u0111\u1ed9ng cao h\u01a1n t\u1eeb 10% \u0111\u1ebfn 20%.<\/span><\/li>\n<\/ul>\n<ul>\n<li><strong><span style=\"color: #ff6600;\">\u0110\u1ed9 tin c\u1eady cao:<\/span>\u00a0<\/strong><span style=\"color: #003366;\">V\u1edbi \u0111\u1ed9i ng\u0169 k\u1ef9 thu\u1eadt c\u00f3 kinh nghi\u1ec7m v\u1eadn h\u00e0nh v\u00e0 b\u1ea3o tr\u00ec r\u1ea5t nhi\u1ec1u nh\u00e0 m\u00e1y \u0111i\u1ec7n m\u1eb7t tr\u1eddi l\u1edbn, c\u00f9ng v\u1edbi s\u1ef1 ph\u1ed1i h\u1ee3p c\u1ee7a c\u00e1c chuy\u00ean gia c\u1ee7a h\u00e3ng thi\u1ebft b\u1ecb, \u0111\u1ed3ng th\u1eddi v\u1edbi s\u1ef1 h\u1ed7 tr\u1ee3 \u0111\u1eafc l\u1ef1c c\u1ee7a m\u00e1y m\u00f3c, thi\u1ebft b\u1ecb chuy\u00ean d\u1ee5ng kh\u00e1ch h\u00e0ng s\u1ebd r\u1ea5t y\u00ean t\u00e2m khi tham gia d\u1ecbch v\u1ee5 v\u1eadn h\u00e0nh v\u00e0 b\u1ea3o tr\u00ec.<\/span><\/li>\n<\/ul>\n<p><img loading=\"lazy\" decoding=\"async\" class=\"wp-image-2887 aligncenter\" src=\"https:\/\/tpenergy.com.vn\/wp-content\/uploads\/2023\/07\/z4549256266274_444472f65502f577a7d215ce885aa4bf.jpg\" alt=\"\" width=\"783\" height=\"587\" srcset=\"https:\/\/tpenergy.com.vn\/wp-content\/uploads\/2023\/07\/z4549256266274_444472f65502f577a7d215ce885aa4bf.jpg 2048w, https:\/\/tpenergy.com.vn\/wp-content\/uploads\/2023\/07\/z4549256266274_444472f65502f577a7d215ce885aa4bf-768x576.jpg 768w, https:\/\/tpenergy.com.vn\/wp-content\/uploads\/2023\/07\/z4549256266274_444472f65502f577a7d215ce885aa4bf-1536x1152.jpg 1536w, https:\/\/tpenergy.com.vn\/wp-content\/uploads\/2023\/07\/z4549256266274_444472f65502f577a7d215ce885aa4bf-247x185.jpg 247w, https:\/\/tpenergy.com.vn\/wp-content\/uploads\/2023\/07\/z4549256266274_444472f65502f577a7d215ce885aa4bf-510x383.jpg 510w\" sizes=\"(max-width: 783px) 100vw, 783px\" \/><\/p>\n<p><span style=\"font-size: 150%; color: #ff0000;\"><strong>II. QUY TR\u00ccNH V\u1eacN H\u00c0NH NH\u00c0 M\u00c1Y \u0110I\u1ec6N M\u1eb6T TR\u1edcI<\/strong><\/span><\/p>\n<p><strong>\u00a0 \u00a0 \u00a0 \u00a0 <span style=\"color: #ff6600;\">1. GI\u00c1M S\u00c1T &amp; THEO D\u00d5I H\u1ec6 TH\u1ed0NG \u0110I\u1ec6N N\u0102NG L\u01af\u1ee2NG M\u1eb6T TR\u1edcI:<\/span><\/strong><\/p>\n<ul>\n<li><span style=\"color: #003366;\">Gi\u00e1m s\u00e1t hi\u1ec7u su\u1ea5t c\u1ee7a h\u1ec7 th\u1ed1ng \u0111i\u1ec7n m\u1eb7t tr\u1eddi<\/span><\/li>\n<li><span style=\"color: #003366;\">Ph\u00e1t hi\u1ec7n l\u1ed7i v\u00e0 ch\u1ea9n \u0111o\u00e1n h\u1ec7 th\u1ed1ng<\/span><\/li>\n<li><span style=\"color: #003366;\">Ki\u1ec3m tra \u0111\u1ecbnh k\u1ef3 v\u00e0 \u0111\u00e1nh gi\u00e1 t\u1ea1i nh\u00e0 m\u00e1y<\/span><\/li>\n<li><span style=\"color: #003366;\">Gi\u00e1m s\u00e1t h\u1ec7 th\u1ed1ng nh\u00e0 m\u00e1y t\u1eeb xa qua h\u1ec7 th\u1ed1ng Camera<\/span><\/li>\n<\/ul>\n<p><span style=\"color: #ff6600;\"><strong>\u00a0 \u00a0 \u00a0 \u00a0 \u00a02. \u0110I\u1ec0U CH\u1ec8NH T\u00cdCH H\u1ee2P L\u01af\u1edaI \u0110I\u1ec6N<\/strong><\/span><\/p>\n<ul>\n<li><span style=\"color: #003366;\">Ki\u1ec3m so\u00e1t c\u00f4ng su\u1ea5t, \u0111i\u1ec7n \u00e1p, c\u00f4ng su\u1ea5t ph\u1ea3n kh\u00e1ng v\u00e0 t\u1ea7n s\u1ed1<\/span><\/li>\n<li><span style=\"color: #003366;\">D\u1ef1 b\u00e1o s\u1ea3n l\u01b0\u1ee3ng \u0111i\u1ec7n<\/span><\/li>\n<li><span style=\"color: #003366;\">S\u1eafp x\u1ebfp l\u1ecbch c\u1eaft \u0111i\u1ec7n ph\u1ee5c v\u1ee5 m\u1ee5c \u0111\u00edch b\u1ea3o tr\u00ec<\/span><\/li>\n<\/ul>\n<p><span style=\"color: #ff6600;\"><strong>\u00a0 \u00a0 \u00a0 \u00a0 3. B\u1ea2O TR\u00cc D\u1ef0 B\u00c1O<\/strong><\/span><\/p>\n<ul>\n<li><span style=\"color: #003366;\">X\u00e1c \u0111\u1ecbnh xu h\u01b0\u1edbng h\u1ec7 th\u1ed1ng v\u00e0 b\u00e1o c\u00e1o ph\u00e2n t\u00edch<\/span><\/li>\n<li><span style=\"color: #003366;\">\u0110\u01b0a ra c\u00e1c d\u1ef1 b\u00e1o<\/span><\/li>\n<li><span style=\"color: #003366;\">L\u00ean k\u1ebf ho\u1ea1ch v\u00e0 \u0111\u01b0a ra nh\u1eefng h\u00e0nh \u0111\u1ed9ng ng\u0103n ng\u1eeba<\/span><\/li>\n<\/ul>\n<p><span style=\"color: #ff6600;\"><strong>\u00a0 \u00a0 \u00a0 \u00a0 4. C\u00c1C D\u1ecaCH V\u1ee4 K\u1ef8 THU\u1eacT<\/strong><\/span><\/p>\n<ul>\n<li><span style=\"color: #003366;\">Chu\u1ea9n b\u1ecb ch\u1ea1y th\u1eed, ch\u1ea1y th\u1eed v\u00e0 t\u00e1i ch\u1ea1y th\u1eed<\/span><\/li>\n<li><span style=\"color: #003366;\">Ki\u1ec3m \u0111\u1ecbnh ch\u1ea5t l\u01b0\u1ee3ng v\u00e0 ki\u1ec3m tra h\u1ec7 th\u1ed1ng<\/span><\/li>\n<li><span style=\"color: #003366;\">N\u00e2ng c\u1ea5p v\u00e0 c\u1ea3i ti\u1ebfn h\u1ec7 th\u1ed1ng<\/span><\/li>\n<li><span style=\"color: #003366;\">Thi\u1ebft l\u1eadp h\u1ec7 th\u1ed1ng gi\u00e1m s\u00e1t<\/span><\/li>\n<li><span style=\"color: #003366;\">C\u1ea3i ti\u1ebfn h\u1ec7 th\u1ed1ng<\/span><\/li>\n<\/ul>\n<p><span style=\"color: #ff6600;\"><strong>\u00a0 \u00a0 \u00a0 \u00a0 5. QU\u1ea2N L\u00dd T\u00c0I S\u1ea2N<\/strong><\/span><\/p>\n<ul>\n<li><span style=\"color: #003366;\">Qu\u1ea3n l\u00fd s\u1ea3n l\u01b0\u1ee3ng c\u1ee7a nh\u00e0 m\u00e1y<\/span><\/li>\n<li><span style=\"color: #003366;\">Qu\u1ea3n l\u00fd hi\u1ec7u su\u1ea5t c\u1ee7a nh\u00e0 m\u00e1y<\/span><\/li>\n<li><span style=\"color: #003366;\">Qu\u1ea3n l\u00fd c\u00e1c ho\u1ea1t \u0111\u1ed9ng t\u1ea1i nh\u00e0 m\u00e1y<\/span><\/li>\n<\/ul>\n<p><img loading=\"lazy\" decoding=\"async\" class=\"wp-image-2887 aligncenter\" src=\"https:\/\/tpenergy.com.vn\/wp-content\/uploads\/2023\/07\/z4549256266274_444472f65502f577a7d215ce885aa4bf.jpg\" alt=\"\" width=\"889\" height=\"667\" srcset=\"https:\/\/tpenergy.com.vn\/wp-content\/uploads\/2023\/07\/z4549256266274_444472f65502f577a7d215ce885aa4bf.jpg 2048w, https:\/\/tpenergy.com.vn\/wp-content\/uploads\/2023\/07\/z4549256266274_444472f65502f577a7d215ce885aa4bf-768x576.jpg 768w, https:\/\/tpenergy.com.vn\/wp-content\/uploads\/2023\/07\/z4549256266274_444472f65502f577a7d215ce885aa4bf-1536x1152.jpg 1536w, https:\/\/tpenergy.com.vn\/wp-content\/uploads\/2023\/07\/z4549256266274_444472f65502f577a7d215ce885aa4bf-247x185.jpg 247w, https:\/\/tpenergy.com.vn\/wp-content\/uploads\/2023\/07\/z4549256266274_444472f65502f577a7d215ce885aa4bf-510x383.jpg 510w\" sizes=\"(max-width: 889px) 100vw, 889px\" \/><\/p>\n<p><span style=\"font-size: 150%; color: #ff0000;\"><strong>III. CHI PH\u00cd CHO D\u1ecaCH V\u1ee4 L\u00c0 BAO NHI\u00caU?<\/strong><\/span><\/p>\n<p>\u00a0 \u00a0 \u00a0R\u00f5 r\u00e0ng v\u1edbi vi\u1ec7c b\u1ea3o tr\u00ec b\u00e3o d\u01b0\u1ee1ng th\u01b0\u1eddng xuy\u00ean v\u1edbi \u0111\u1ed9i ng\u0169 k\u1ef9 thu\u1eadt chuy\u00ean m\u00f4n cao v\u00e0 c\u00f3 kinh nghi\u1ec7m x\u1eed l\u00fd s\u1ef1 c\u1ed1 nhanh gi\u00fap ti\u1ebft ki\u1ec7m r\u1ea5t nhi\u1ec1u chi ph\u00ed cho kh\u00e1ch h\u00e0ng, ngo\u00e0i ra c\u00f3 th\u1ec3 c\u1eaft gi\u1ea3m \u0111\u00e1ng k\u1ec3 nh\u00e2n vi\u00ean b\u1ea3o tr\u00ec t\u1ea1i ch\u1ed7 khi k\u00fd k\u1ebft h\u1ee3p \u0111\u1ed3ng cung c\u1ea5p d\u1ecbch v\u1ee5 v\u1edbi <strong><span style=\"color: #ff0000;\">Thuan Phong Solar Energy<\/span><\/strong>.<\/p>\n<p>Chi ph\u00ed tr\u1ecdn g\u00f3i b\u1ea3o d\u01b0\u1ee1ng b\u1ea3o tr\u00ec c\u1ee7a <strong><span style=\"color: #ff0000;\">Thuan Phong Solar Energy<\/span><\/strong> ch\u1eafc ch\u1eafn s\u1ebd th\u1ea5p h\u01a1n nhi\u1ec1u so v\u1edbi b\u1ea1n thu\u00ea c\u1ed1 \u0111\u1ecbnh m\u1ed9t k\u1ef9 thu\u1eadt nh\u01b0ng l\u1ee3i \u00edch ch\u1ee7 \u0111\u1ea7u t\u01b0 l\u1ea1i nh\u1eadn \u0111\u01b0\u1ee3c nhi\u1ec1u h\u01a1n.\/.<\/p>\n","protected":false},"excerpt":{"rendered":"<p>I. T\u1ea0I SAO PH\u1ea2I C\u1ea6N D\u1ecaCH V\u1ee4 V\u1eacN H\u00c0NH? \u00a0 \u00a0 \u00a0 Th\u1ef1c t\u1ebf cho th\u1ea5y, trong su\u1ed1t v\u00f2ng \u0111\u1eddi c\u1ee7a h\u1ec7 th\u1ed1ng \u0111i\u1ec7n n\u0103ng l\u01b0\u1ee3ng m\u1eb7t tr\u1eddi, ngay c\u1ea3 khi h\u1ebft th\u1eddi gian b\u1ea3o h\u00e0nh, h\u1ec7 th\u1ed1ng v\u1eabn ph\u1ea3i ti\u1ebfp t\u1ee5c \u0111\u01b0\u1ee3c v\u1eadn h\u00e0nh v\u00e0 b\u1ea3o d\u01b0\u1ee1ng th\u01b0\u1eddng xuy\u00ean. C\u00f3 r\u1ea5t nhi\u1ec1u nh\u00e0 m\u00e1y&#8230;<\/p>\n","protected":false},"author":1,"featured_media":2884,"parent":1999,"menu_order":0,"comment_status":"closed","ping_status":"closed","template":"page-right-sidebar.php","meta":{"_eb_attr":"","footnotes":""},"class_list":["post-2013","page","type-page","status-publish","has-post-thumbnail","hentry"],"yoast_head":"<!-- This site is optimized with the Yoast SEO plugin v20.9 - https:\/\/yoast.com\/wordpress\/plugins\/seo\/ -->\r\n<title>D\u1ecaCH V\u1ee4 V\u1eacN H\u00c0NH - Thuan Phong Solar Energy<\/title>\r\n<meta name=\"robots\" content=\"index, follow, max-snippet:-1, max-image-preview:large, max-video-preview:-1\" \/>\r\n<link rel=\"canonical\" href=\"https:\/\/tpenergy.com.vn\/?page_id=2013\" \/>\r\n<meta property=\"og:locale\" content=\"vi_VN\" \/>\r\n<meta property=\"og:type\" content=\"article\" \/>\r\n<meta property=\"og:title\" content=\"D\u1ecaCH V\u1ee4 V\u1eacN H\u00c0NH - Thuan Phong Solar Energy\" \/>\r\n<meta property=\"og:description\" content=\"I. T\u1ea0I SAO PH\u1ea2I C\u1ea6N D\u1ecaCH V\u1ee4 V\u1eacN H\u00c0NH? \u00a0 \u00a0 \u00a0 Th\u1ef1c t\u1ebf cho th\u1ea5y, trong su\u1ed1t v\u00f2ng \u0111\u1eddi c\u1ee7a h\u1ec7 th\u1ed1ng \u0111i\u1ec7n n\u0103ng l\u01b0\u1ee3ng m\u1eb7t tr\u1eddi, ngay c\u1ea3 khi h\u1ebft th\u1eddi gian b\u1ea3o h\u00e0nh, h\u1ec7 th\u1ed1ng v\u1eabn ph\u1ea3i ti\u1ebfp t\u1ee5c \u0111\u01b0\u1ee3c v\u1eadn h\u00e0nh v\u00e0 b\u1ea3o d\u01b0\u1ee1ng th\u01b0\u1eddng xuy\u00ean. C\u00f3 r\u1ea5t nhi\u1ec1u nh\u00e0 m\u00e1y...\" \/>\r\n<meta property=\"og:url\" content=\"https:\/\/tpenergy.com.vn\/?page_id=2013\" \/>\r\n<meta property=\"og:site_name\" content=\"Thuan Phong Solar Energy\" \/>\r\n<meta property=\"article:modified_time\" content=\"2023-07-26T09:31:01+00:00\" \/>\r\n<meta property=\"og:image\" content=\"https:\/\/tpenergy.com.vn\/wp-content\/uploads\/2023\/07\/z4549256179524_e766a24b10640f8fd128df394e8d56b4.jpg\" \/>\r\n\t<meta property=\"og:image:width\" content=\"2048\" \/>\r\n\t<meta property=\"og:image:height\" content=\"1539\" \/>\r\n\t<meta property=\"og:image:type\" content=\"image\/jpeg\" \/>\r\n<meta name=\"twitter:card\" content=\"summary_large_image\" \/>\r\n<meta name=\"twitter:label1\" content=\"\u01af\u1edbc t\u00ednh th\u1eddi gian \u0111\u1ecdc\" \/>\n\t<meta name=\"twitter:data1\" content=\"5 ph\u00fat\" \/>\r\n<script type=\"application\/ld+json\" class=\"yoast-schema-graph\">{\"@context\":\"https:\/\/schema.org\",\"@graph\":[{\"@type\":\"WebPage\",\"@id\":\"https:\/\/tpenergy.com.vn\/?page_id=2013\",\"url\":\"https:\/\/tpenergy.com.vn\/?page_id=2013\",\"name\":\"D\u1ecaCH V\u1ee4 V\u1eacN H\u00c0NH - Thuan Phong Solar Energy\",\"isPartOf\":{\"@id\":\"https:\/\/tpenergy.com.vn\/#website\"},\"datePublished\":\"2023-07-07T10:22:37+00:00\",\"dateModified\":\"2023-07-26T09:31:01+00:00\",\"breadcrumb\":{\"@id\":\"https:\/\/tpenergy.com.vn\/?page_id=2013#breadcrumb\"},\"inLanguage\":\"vi\",\"potentialAction\":[{\"@type\":\"ReadAction\",\"target\":[\"https:\/\/tpenergy.com.vn\/?page_id=2013\"]}]},{\"@type\":\"BreadcrumbList\",\"@id\":\"https:\/\/tpenergy.com.vn\/?page_id=2013#breadcrumb\",\"itemListElement\":[{\"@type\":\"ListItem\",\"position\":1,\"name\":\"Trang ch\u1ee7\",\"item\":\"https:\/\/tpenergy.com.vn\/\"},{\"@type\":\"ListItem\",\"position\":2,\"name\":\"D\u1ecaCH V\u1ee4 O&#038;M\",\"item\":\"https:\/\/tpenergy.com.vn\/?page_id=1999\"},{\"@type\":\"ListItem\",\"position\":3,\"name\":\"D\u1ecaCH V\u1ee4 V\u1eacN H\u00c0NH\"}]},{\"@type\":\"WebSite\",\"@id\":\"https:\/\/tpenergy.com.vn\/#website\",\"url\":\"https:\/\/tpenergy.com.vn\/\",\"name\":\"Thuan Phong Solar Energy\",\"description\":\"\",\"potentialAction\":[{\"@type\":\"SearchAction\",\"target\":{\"@type\":\"EntryPoint\",\"urlTemplate\":\"https:\/\/tpenergy.com.vn\/?s={search_term_string}\"},\"query-input\":\"required name=search_term_string\"}],\"inLanguage\":\"vi\"}]}<\/script>\r\n<!-- \/ Yoast SEO plugin. -->","yoast_head_json":{"title":"D\u1ecaCH V\u1ee4 V\u1eacN H\u00c0NH - Thuan Phong Solar Energy","robots":{"index":"index","follow":"follow","max-snippet":"max-snippet:-1","max-image-preview":"max-image-preview:large","max-video-preview":"max-video-preview:-1"},"canonical":"https:\/\/tpenergy.com.vn\/?page_id=2013","og_locale":"vi_VN","og_type":"article","og_title":"D\u1ecaCH V\u1ee4 V\u1eacN H\u00c0NH - Thuan Phong Solar Energy","og_description":"I. T\u1ea0I SAO PH\u1ea2I C\u1ea6N D\u1ecaCH V\u1ee4 V\u1eacN H\u00c0NH? \u00a0 \u00a0 \u00a0 Th\u1ef1c t\u1ebf cho th\u1ea5y, trong su\u1ed1t v\u00f2ng \u0111\u1eddi c\u1ee7a h\u1ec7 th\u1ed1ng \u0111i\u1ec7n n\u0103ng l\u01b0\u1ee3ng m\u1eb7t tr\u1eddi, ngay c\u1ea3 khi h\u1ebft th\u1eddi gian b\u1ea3o h\u00e0nh, h\u1ec7 th\u1ed1ng v\u1eabn ph\u1ea3i ti\u1ebfp t\u1ee5c \u0111\u01b0\u1ee3c v\u1eadn h\u00e0nh v\u00e0 b\u1ea3o d\u01b0\u1ee1ng th\u01b0\u1eddng xuy\u00ean. C\u00f3 r\u1ea5t nhi\u1ec1u nh\u00e0 m\u00e1y...","og_url":"https:\/\/tpenergy.com.vn\/?page_id=2013","og_site_name":"Thuan Phong Solar Energy","article_modified_time":"2023-07-26T09:31:01+00:00","og_image":[{"width":2048,"height":1539,"url":"https:\/\/tpenergy.com.vn\/wp-content\/uploads\/2023\/07\/z4549256179524_e766a24b10640f8fd128df394e8d56b4.jpg","type":"image\/jpeg"}],"twitter_card":"summary_large_image","twitter_misc":{"\u01af\u1edbc t\u00ednh th\u1eddi gian \u0111\u1ecdc":"5 ph\u00fat"},"schema":{"@context":"https:\/\/schema.org","@graph":[{"@type":"WebPage","@id":"https:\/\/tpenergy.com.vn\/?page_id=2013","url":"https:\/\/tpenergy.com.vn\/?page_id=2013","name":"D\u1ecaCH V\u1ee4 V\u1eacN H\u00c0NH - Thuan Phong Solar Energy","isPartOf":{"@id":"https:\/\/tpenergy.com.vn\/#website"},"datePublished":"2023-07-07T10:22:37+00:00","dateModified":"2023-07-26T09:31:01+00:00","breadcrumb":{"@id":"https:\/\/tpenergy.com.vn\/?page_id=2013#breadcrumb"},"inLanguage":"vi","potentialAction":[{"@type":"ReadAction","target":["https:\/\/tpenergy.com.vn\/?page_id=2013"]}]},{"@type":"BreadcrumbList","@id":"https:\/\/tpenergy.com.vn\/?page_id=2013#breadcrumb","itemListElement":[{"@type":"ListItem","position":1,"name":"Trang ch\u1ee7","item":"https:\/\/tpenergy.com.vn\/"},{"@type":"ListItem","position":2,"name":"D\u1ecaCH V\u1ee4 O&#038;M","item":"https:\/\/tpenergy.com.vn\/?page_id=1999"},{"@type":"ListItem","position":3,"name":"D\u1ecaCH V\u1ee4 V\u1eacN H\u00c0NH"}]},{"@type":"WebSite","@id":"https:\/\/tpenergy.com.vn\/#website","url":"https:\/\/tpenergy.com.vn\/","name":"Thuan Phong Solar Energy","description":"","potentialAction":[{"@type":"SearchAction","target":{"@type":"EntryPoint","urlTemplate":"https:\/\/tpenergy.com.vn\/?s={search_term_string}"},"query-input":"required name=search_term_string"}],"inLanguage":"vi"}]}},"_links":{"self":[{"href":"https:\/\/tpenergy.com.vn\/index.php?rest_route=\/wp\/v2\/pages\/2013"}],"collection":[{"href":"https:\/\/tpenergy.com.vn\/index.php?rest_route=\/wp\/v2\/pages"}],"about":[{"href":"https:\/\/tpenergy.com.vn\/index.php?rest_route=\/wp\/v2\/types\/page"}],"author":[{"embeddable":true,"href":"https:\/\/tpenergy.com.vn\/index.php?rest_route=\/wp\/v2\/users\/1"}],"replies":[{"embeddable":true,"href":"https:\/\/tpenergy.com.vn\/index.php?rest_route=%2Fwp%2Fv2%2Fcomments&post=2013"}],"version-history":[{"count":5,"href":"https:\/\/tpenergy.com.vn\/index.php?rest_route=\/wp\/v2\/pages\/2013\/revisions"}],"predecessor-version":[{"id":2891,"href":"https:\/\/tpenergy.com.vn\/index.php?rest_route=\/wp\/v2\/pages\/2013\/revisions\/2891"}],"up":[{"embeddable":true,"href":"https:\/\/tpenergy.com.vn\/index.php?rest_route=\/wp\/v2\/pages\/1999"}],"wp:featuredmedia":[{"embeddable":true,"href":"https:\/\/tpenergy.com.vn\/index.php?rest_route=\/wp\/v2\/media\/2884"}],"wp:attachment":[{"href":"https:\/\/tpenergy.com.vn\/index.php?rest_route=%2Fwp%2Fv2%2Fmedia&parent=2013"}],"curies":[{"name":"wp","href":"https:\/\/api.w.org\/{rel}","templated":true}]}}